{"id":14748,"date":"2018-07-27T17:52:06","date_gmt":"2018-07-27T15:52:06","guid":{"rendered":"https:\/\/www.creaearredanegozi.it\/?post_type=product&#038;p=14748"},"modified":"2023-07-03T19:51:27","modified_gmt":"2023-07-03T17:51:27","slug":"lavaoggetti-lavapentole-in-acciaio-inox-6000-w","status":"publish","type":"product","link":"https:\/\/www.creaearredanegozi.it\/de\/lavaoggetti-lavapentole-in-acciaio-inox-6000-w\/","title":{"rendered":"Topfsp\u00fclkorb aus Edelstahl 55\u00d770 6000 W Mec S100"},"content":{"rendered":"<p><strong>Topfsp\u00fclmaschine aus Edelstahl 6000 W Mec S100:<\/strong><\/p>\n<div class=\"short-desc\">\n<ul>\n<li>Struktur und Tank aus rostfreiem Stahl AISI 304 (18\/10).<\/li>\n<li>Doppelwandig.<\/li>\n<li>Oberer Tankfilter aus rostfreiem Stahl.<\/li>\n<li>Vollautomatischer Betrieb der Maschine.<\/li>\n<li>Ausgestattet mit allen Sicherheitsvorrichtungen.<\/li>\n<li>Vordere Zug\u00e4nglichkeit zu allen Komponenten f\u00fcr einfache Wartung.<\/li>\n<li>2 vertikale, selbstreinigende Pumpen.<\/li>\n<li>Anti-Verschmutzungsventil.<\/li>\n<li>4 Mal waschen.<\/li>\n<li>Warmwasser-Magnetventil.<\/li>\n<li>In dotazione: 1 cesto vassoi, 1 cesto rete, 1 griglia supporto inox<\/li>\n<li>Dosatore detergente e brillantante inclusi<\/li>\n<li>Ciclo autopulizia<\/li>\n<\/ul>\n<\/div>\n<div class=\"short-desc\">\n<p><strong>Optional:<\/strong><\/p>\n<ul>\n<li>Entleerungspumpe.<\/li>\n<\/ul>\n<\/div>\n<hr \/>\n<p><strong>Technische Daten<\/strong><\/p>\n<table class=\"table table-striped\">\n<tbody>\n<tr>\n<td>\n<p class=\"dati_tecnici_label_1\">Modell<\/p>\n<\/td>\n<td align=\"left\"><strong>S100<\/strong><\/td>\n<\/tr>\n<tr>\n<td>Produktion K\u00f6rbe\/h<\/td>\n<td align=\"left\">60<\/td>\n<\/tr>\n<tr>\n<td>Dimensioni Griglia supporto<\/td>\n<td align=\"left\">560&#215;700 mm<\/td>\n<\/tr>\n<tr>\n<td>Dimensione Cesto Vassoi<\/td>\n<td>550&#215;550 mm<\/td>\n<\/tr>\n<tr>\n<td>Dimensioni Cesto Rete<\/td>\n<td>550&#215;550 mm<\/td>\n<\/tr>\n<tr>\n<td>Nutzbare T\u00fcrh\u00f6he<\/td>\n<td align=\"left\">500 mm<\/td>\n<\/tr>\n<tr>\n<td>Altezza massima oggetti<\/td>\n<td>50 cm<\/td>\n<\/tr>\n<tr>\n<td>Spannung<\/td>\n<td align=\"left\">400 V 3N+T \/ 50 Hz<\/td>\n<\/tr>\n<tr>\n<td>Strom<\/td>\n<td align=\"left\">\n<div><span class=\"valore_scheda\">9.5 KW<br \/>\n<\/span><\/div>\n<\/td>\n<\/tr>\n<tr>\n<td>Kessel\/Badewannenheizung<\/td>\n<td align=\"left\">\n<div class=\"field col-10 c-5 r-2\">8Kw \/ 3&#215;1.5Kw<\/div>\n<\/td>\n<\/tr>\n<tr>\n<td>Waschpumpe<\/td>\n<td>\n<div class=\"field col-10 c-5 r-2\">2 x 550W<\/div>\n<\/td>\n<\/tr>\n<tr>\n<td>Kessel-\/Tankkapazit\u00e4t<\/td>\n<td align=\"left\">\n<div class=\"field col-10 c-6 r-3\">40\/8 lt<\/div>\n<\/td>\n<\/tr>\n<tr>\n<td>Wasserverbrauch\/Zyklus<\/td>\n<td align=\"left\">3 lt<\/td>\n<\/tr>\n<tr>\n<td>Dauer des Zyklus<\/td>\n<td align=\"left\">1&#8242; &#8211; 2&#8242; &#8211; 3&#8242; &#8211; 4&#8242; min.<\/td>\n<\/tr>\n<tr>\n<td>Gewicht<\/td>\n<td align=\"left\">142 kg<\/td>\n<\/tr>\n<tr>\n<td>Abmessungen<\/td>\n<td align=\"left\">\n<div class=\"field col-10 c-10 r-2\">650 x 845 x 1540 h<\/div>\n<\/td>\n<\/tr>\n<\/tbody>\n<\/table>","protected":false},"excerpt":{"rendered":"<p>Lavaoggetti Lavapentole in acciaio inox 6000 W Mec S100: Struttura e vasca in acciaio inox AISI 304 (18\/10). Doppia parete. Filtro superiore della vasca in acciaio inox. Funzionamento delle macchine completamente automatico. Dotate di tutti i dispositivi di sicurezza. Accessibilit\u00e0 frontale a tutti i componenti per facilitare la manutenzione. 2 pompe verticali autosvuotanti e autopulenti. [&#8230;]","protected":false},"featured_media":123138,"comment_status":"closed","ping_status":"closed","template":"","meta":{"_monsterinsights_skip_tracking":false,"_monsterinsights_sitenote_active":false,"_monsterinsights_sitenote_note":"","_monsterinsights_sitenote_category":0},"product_brand":[625],"product_cat":[19],"product_tag":[],"class_list":{"0":"post-14748","1":"product","2":"type-product","3":"status-publish","4":"has-post-thumbnail","6":"product_brand-mec-europe","7":"product_cat-lavaggio","8":"product_shipping_class-d","9":"pa_marca-mec","11":"first","12":"instock","13":"taxable","14":"shipping-taxable","15":"purchasable","16":"product-type-simple"},"_links":{"self":[{"href":"https:\/\/www.creaearredanegozi.it\/de\/wp-json\/wp\/v2\/product\/14748","targetHints":{"allow":["GET"]}}],"collection":[{"href":"https:\/\/www.creaearredanegozi.it\/de\/wp-json\/wp\/v2\/product"}],"about":[{"href":"https:\/\/www.creaearredanegozi.it\/de\/wp-json\/wp\/v2\/types\/product"}],"replies":[{"embeddable":true,"href":"https:\/\/www.creaearredanegozi.it\/de\/wp-json\/wp\/v2\/comments?post=14748"}],"wp:featuredmedia":[{"embeddable":true,"href":"https:\/\/www.creaearredanegozi.it\/de\/wp-json\/wp\/v2\/media\/123138"}],"wp:attachment":[{"href":"https:\/\/www.creaearredanegozi.it\/de\/wp-json\/wp\/v2\/media?parent=14748"}],"wp:term":[{"taxonomy":"product_brand","embeddable":true,"href":"https:\/\/www.creaearredanegozi.it\/de\/wp-json\/wp\/v2\/product_brand?post=14748"},{"taxonomy":"product_cat","embeddable":true,"href":"https:\/\/www.creaearredanegozi.it\/de\/wp-json\/wp\/v2\/product_cat?post=14748"},{"taxonomy":"product_tag","embeddable":true,"href":"https:\/\/www.creaearredanegozi.it\/de\/wp-json\/wp\/v2\/product_tag?post=14748"}],"curies":[{"name":"wp","href":"https:\/\/api.w.org\/{rel}","templated":true}]}}