{"id":14757,"date":"2018-07-28T10:03:34","date_gmt":"2018-07-28T08:03:34","guid":{"rendered":"https:\/\/www.creaearredanegozi.it\/?post_type=product&#038;p=14757"},"modified":"2023-07-03T19:51:28","modified_gmt":"2023-07-03T17:51:28","slug":"produttore-di-ghiaccio-in-inox-cubetto-pieno-18-gr-230-v-mec-kp-2-0","status":"publish","type":"product","link":"https:\/\/www.creaearredanegozi.it\/de\/produttore-di-ghiaccio-in-inox-cubetto-pieno-18-gr-230-v-mec-kp-2-0\/","title":{"rendered":"Edelstahl-Eisbereiter 20kg\/24h Vollw\u00fcrfel 18gr 230V Mec KP 20"},"content":{"rendered":"<p><strong>Edelstahl-Eisw\u00fcrfelbereiter voller W\u00fcrfel 18 g Reserve kg 6<\/strong><\/p>\n<div class=\"short-desc\">\n<ul>\n<li>Hochdichter, kristalliner und rein fester W\u00fcrfel. Geeignet f\u00fcr die verl\u00e4ngerte K\u00fchlung eines jeden Getr\u00e4nks (ohne es zu verw\u00e4ssern) in jeder Situation der Nutzung.<\/li>\n<li>HORIZONTALER VERDAMPFER, SPRAY SYSTEM: Der horizontale Verdampfer besteht aus nach unten gerichteten, stumpfen Kupferschalen.<\/li>\n<li>Eine Pumpe f\u00f6rdert unter Druck stehendes Wasser, das \u00fcber D\u00fcsen auf den Verdampfer gespr\u00fcht wird.<\/li>\n<li>Das Eis bildet sich im Inneren der Schalen und wird durch kurzes Erhitzen der Schalen herausgel\u00f6st.<\/li>\n<li>UNDERCOUNTER: Kleinger\u00e4te f\u00fcr alle Verwendungszwecke, vom privaten bis zum gewerblichen Bereich, f\u00fcr den geringen t\u00e4glichen Bedarf. Alle Modelle sind tropentauglich: Sie k\u00f6nnen bis zu einer Umgebungstemperatur von 43\u00b0C und einer Wassertemperatur von bis zu 35\u00b0C installiert werden.<\/li>\n<\/ul>\n<\/div>\n<div class=\"short-desc\"><\/div>\n<hr \/>\n<p><strong>Technische Daten<\/strong><\/p>\n<table class=\"table table-striped\">\n<tbody>\n<tr>\n<td>\n<p class=\"dati_tecnici_label_1\">Modell<\/p>\n<\/td>\n<td align=\"left\"><strong>KP 20\/6<\/strong><\/td>\n<\/tr>\n<tr>\n<td>Das K\u00fchlsystem<\/td>\n<td align=\"left\">A\/W<\/td>\n<\/tr>\n<tr>\n<td>Abmessungen<\/td>\n<td align=\"left\">mm 365x495x595 h<\/td>\n<\/tr>\n<tr>\n<td>Kontrollsystem<\/td>\n<td align=\"left\">Handbuch<\/td>\n<\/tr>\n<tr>\n<td>Produktion in 24 Stunden*<\/td>\n<td align=\"left\">1111 &#8211; 20 kg<\/td>\n<\/tr>\n<tr>\n<td>Speicherkapazit\u00e4t<\/td>\n<td align=\"left\">\n<div><span class=\"valore_scheda\">6 kg<br \/>\n<\/span><\/div>\n<\/td>\n<\/tr>\n<tr>\n<td>Abmessungen der Verpackung<\/td>\n<td align=\"left\">445x575x700 h<\/td>\n<\/tr>\n<tr>\n<td>Spannung<\/td>\n<td align=\"left\">230 V \/ 50 Hz<\/td>\n<\/tr>\n<tr>\n<td>Strom<\/td>\n<td align=\"left\">450 W<\/td>\n<\/tr>\n<tr>\n<td>Band<\/td>\n<td align=\"left\">0,179 m3<\/td>\n<\/tr>\n<tr>\n<td>Nettogewicht<\/td>\n<td align=\"left\">33 kg<\/td>\n<\/tr>\n<tr>\n<td>Bruttogewicht<\/td>\n<td align=\"left\">\n<div class=\"field col-10 c-10 r-2\">37 kg<\/div>\n<\/td>\n<\/tr>\n<\/tbody>\n<\/table>\n<p><em>* Temperatura ambiente max 21\u00b0C &#8211; Temperatura acqua max 15\u00b0C<\/em><\/p>","protected":false},"excerpt":{"rendered":"<p>Produttore di ghiaccio in inox cubetto pieno 18 gr riserva kg 6 Cubetto pieno ad alta densit\u00e0, cristallino e puro. Indicato per il raffreddamento prolungato di qualsiasi bevanda (senza annacquarla) in qualsiasi situazione d\u2019uso. EVAPORATORE ORIZZONTALE, SISTEMA A SPRUZZO: L\u2019evaporatore orizzontale \u00e8 formato da scodelline in rame troncoconiche rivolte vero il basso. Una pompa manda [&#8230;]","protected":false},"featured_media":123135,"comment_status":"closed","ping_status":"closed","template":"","meta":{"_monsterinsights_skip_tracking":false,"_monsterinsights_sitenote_active":false,"_monsterinsights_sitenote_note":"","_monsterinsights_sitenote_category":0},"product_brand":[625],"product_cat":[199,20],"product_tag":[],"class_list":{"0":"post-14757","1":"product","2":"type-product","3":"status-publish","4":"has-post-thumbnail","6":"product_brand-mec-europe","7":"product_cat-produttore-di-ghiaccio-cubetto-pieno","8":"product_cat-produttori-di-ghiaccio","9":"product_shipping_class-38","10":"pa_marca-mec","12":"first","13":"instock","14":"taxable","15":"shipping-taxable","16":"purchasable","17":"product-type-simple"},"_links":{"self":[{"href":"https:\/\/www.creaearredanegozi.it\/de\/wp-json\/wp\/v2\/product\/14757","targetHints":{"allow":["GET"]}}],"collection":[{"href":"https:\/\/www.creaearredanegozi.it\/de\/wp-json\/wp\/v2\/product"}],"about":[{"href":"https:\/\/www.creaearredanegozi.it\/de\/wp-json\/wp\/v2\/types\/product"}],"replies":[{"embeddable":true,"href":"https:\/\/www.creaearredanegozi.it\/de\/wp-json\/wp\/v2\/comments?post=14757"}],"wp:featuredmedia":[{"embeddable":true,"href":"https:\/\/www.creaearredanegozi.it\/de\/wp-json\/wp\/v2\/media\/123135"}],"wp:attachment":[{"href":"https:\/\/www.creaearredanegozi.it\/de\/wp-json\/wp\/v2\/media?parent=14757"}],"wp:term":[{"taxonomy":"product_brand","embeddable":true,"href":"https:\/\/www.creaearredanegozi.it\/de\/wp-json\/wp\/v2\/product_brand?post=14757"},{"taxonomy":"product_cat","embeddable":true,"href":"https:\/\/www.creaearredanegozi.it\/de\/wp-json\/wp\/v2\/product_cat?post=14757"},{"taxonomy":"product_tag","embeddable":true,"href":"https:\/\/www.creaearredanegozi.it\/de\/wp-json\/wp\/v2\/product_tag?post=14757"}],"curies":[{"name":"wp","href":"https:\/\/api.w.org\/{rel}","templated":true}]}}