{"id":14783,"date":"2018-07-30T15:55:51","date_gmt":"2018-07-30T13:55:51","guid":{"rendered":"https:\/\/www.creaearredanegozi.it\/?post_type=product&#038;p=14783"},"modified":"2023-07-03T19:51:28","modified_gmt":"2023-07-03T17:51:28","slug":"aufbewahrung-fur-eismaschine-130-kg-mec-st-s-150","status":"publish","type":"product","link":"https:\/\/www.creaearredanegozi.it\/de\/aufbewahrung-fur-eismaschine-130-kg-mec-st-s-150\/","title":{"rendered":"Speicher f\u00fcr Eismaschine 130 kg Mec ST S 150"},"content":{"rendered":"<p><strong>Ablage f\u00fcr 130 kg Eisw\u00fcrfelbereiter Mec ST S 150:<\/strong><\/p>\n<div class=\"short-desc\">\n<ul>\n<li>BACK COUNTER: Stehleuchten f\u00fcr die Auslage hinter dem Tresen oder im Kundenbereich.<\/li>\n<li>Die niedrige H\u00f6he erm\u00f6glicht es, die oberste Ablage als Unterlage f\u00fcr leichte Lasten zu verwenden: kein Platz wird verschwendet.<\/li>\n<\/ul>\n<\/div>\n<div class=\"short-desc\"><\/div>\n<hr \/>\n<p><strong>Technische Daten<\/strong><\/p>\n<table class=\"table table-striped\">\n<tbody>\n<tr>\n<td>\n<p class=\"dati_tecnici_label_1\">Modell<\/p>\n<\/td>\n<td align=\"left\"><strong>ST S 150<br \/>\n<\/strong><\/td>\n<\/tr>\n<tr>\n<td>Abmessungen<\/td>\n<td align=\"left\">mm 560x845x1050 h<\/td>\n<\/tr>\n<tr>\n<td>Maximale Tiefe<\/td>\n<td align=\"left\">1034 mm<\/td>\n<\/tr>\n<tr>\n<td>Speicherkapazit\u00e4t<\/td>\n<td align=\"left\">\n<div><span class=\"valore_scheda\">130 kg<br \/>\n<\/span><\/div>\n<\/td>\n<\/tr>\n<tr>\n<td>Abmessungen der Verpackung<\/td>\n<td align=\"left\">620x885x1050 h<\/td>\n<\/tr>\n<tr>\n<td>Nettogewicht<\/td>\n<td align=\"left\">36 kg<\/td>\n<\/tr>\n<tr>\n<td>Bruttogewicht<\/td>\n<td align=\"left\">\n<div class=\"field col-10 c-10 r-2\">50 kg<\/div>\n<\/td>\n<\/tr>\n<\/tbody>\n<\/table>\n<p>&nbsp;<\/p>","protected":false},"excerpt":{"rendered":"<p>Deposito per produttore di ghiaccio 130 kg Mec ST S 150: BACK COUNTER: Apparecchi di libera installazione da mettere in bella mostra dietro il banco o la zona di servizio alla clientela. La contenuta altezza permette di utilizzare il piano superiore come base di appoggio per carichi leggeri: nessuno spreco di spazio. Dati tecnici Modello [&#8230;]","protected":false},"featured_media":14784,"comment_status":"closed","ping_status":"closed","template":"","meta":{"_monsterinsights_skip_tracking":false,"_monsterinsights_sitenote_active":false,"_monsterinsights_sitenote_note":"","_monsterinsights_sitenote_category":0},"product_brand":[625],"product_cat":[132,20],"product_tag":[],"class_list":{"0":"post-14783","1":"product","2":"type-product","3":"status-publish","4":"has-post-thumbnail","6":"product_brand-mec-europe","7":"product_cat-contenitori","8":"product_cat-produttori-di-ghiaccio","9":"product_shipping_class-32","10":"pa_marca-mec","12":"first","13":"instock","14":"taxable","15":"shipping-taxable","16":"purchasable","17":"product-type-simple"},"_links":{"self":[{"href":"https:\/\/www.creaearredanegozi.it\/de\/wp-json\/wp\/v2\/product\/14783","targetHints":{"allow":["GET"]}}],"collection":[{"href":"https:\/\/www.creaearredanegozi.it\/de\/wp-json\/wp\/v2\/product"}],"about":[{"href":"https:\/\/www.creaearredanegozi.it\/de\/wp-json\/wp\/v2\/types\/product"}],"replies":[{"embeddable":true,"href":"https:\/\/www.creaearredanegozi.it\/de\/wp-json\/wp\/v2\/comments?post=14783"}],"wp:featuredmedia":[{"embeddable":true,"href":"https:\/\/www.creaearredanegozi.it\/de\/wp-json\/wp\/v2\/media\/14784"}],"wp:attachment":[{"href":"https:\/\/www.creaearredanegozi.it\/de\/wp-json\/wp\/v2\/media?parent=14783"}],"wp:term":[{"taxonomy":"product_brand","embeddable":true,"href":"https:\/\/www.creaearredanegozi.it\/de\/wp-json\/wp\/v2\/product_brand?post=14783"},{"taxonomy":"product_cat","embeddable":true,"href":"https:\/\/www.creaearredanegozi.it\/de\/wp-json\/wp\/v2\/product_cat?post=14783"},{"taxonomy":"product_tag","embeddable":true,"href":"https:\/\/www.creaearredanegozi.it\/de\/wp-json\/wp\/v2\/product_tag?post=14783"}],"curies":[{"name":"wp","href":"https:\/\/api.w.org\/{rel}","templated":true}]}}