{"id":14998,"date":"2018-08-03T16:32:39","date_gmt":"2018-08-03T14:32:39","guid":{"rendered":"https:\/\/www.creaearredanegozi.it\/?post_type=product&#038;p=14998"},"modified":"2023-07-03T19:51:28","modified_gmt":"2023-07-03T17:51:28","slug":"12-liter-edelstahl-kaltgetrankespender-maestrale-extra-bras","status":"publish","type":"product","link":"https:\/\/www.creaearredanegozi.it\/de\/12-liter-edelstahl-kaltgetrankespender-maestrale-extra-bras\/","title":{"rendered":"Kaltgetr\u00e4nkespender 12 Liter Inox Maestrale EXTRA BRAS"},"content":{"rendered":"<p><strong>BRAS Kaltgetr\u00e4nkespender \/ Dispenser<\/strong><\/p>\n<p>Einfach und vielseitig, entwickelt f\u00fcr die K\u00fchlung und den Ausschank von besonders empfindlichen Getr\u00e4nken ohne Kohlens\u00e4ure dank der magnetisch angetriebenen Tauchturbine.<\/p>\n<p>Modelle mit einem Schwerkrafthahn (1 pro Wanne) sind auf Anfrage erh\u00e4ltlich, bitte geben Sie die Anzahl der gew\u00fcnschten H\u00e4hne in das entsprechende Feld ein<\/p>\n<ul>\n<li>1 12-Liter-Beh\u00e4lter aus lebensmittelechtem Polycarbonat<\/li>\n<li>Hermetischer Kompressor.<\/li>\n<li>Magnetisches (AA) oder mechanisches (P) Getr\u00e4nkemischsystem<\/li>\n<li>Ger\u00e4uschpegel unter 70 dB (A).<\/li>\n<\/ul>\n<p><strong>2 Versionen verf\u00fcgbar:<\/strong> mit Fl\u00fcgelradr\u00fchrwerk oder Springbrunnenpumpe<\/p>\n<hr \/>\n<p><strong>Technische Daten<\/strong><\/p>\n<table class=\"table table-striped\" width=\"367\">\n<tbody>\n<tr>\n<td width=\"297\">Abmessungen (BxHxT) mm: 18 x 57 x 47<\/td>\n<\/tr>\n<tr>\n<td width=\"297\">Stromversorgung: 230V 50\/60Hz F+N<\/td>\n<\/tr>\n<tr>\n<td width=\"297\">Nettogewicht: 17 kg<\/td>\n<\/tr>\n<tr>\n<td width=\"297\">Bruttogewicht: 19 kg<\/td>\n<\/tr>\n<tr>\n<td width=\"297\">Anzahl der Beh\u00e4lter: 1 x 12 Liter<\/td>\n<\/tr>\n<tr>\n<td width=\"297\">Einstellbarer Thermostat: 1<\/td>\n<\/tr>\n<\/tbody>\n<\/table>\n<p><strong><img decoding=\"async\" class=\"aligncenter wp-image-12822 size-full\" src=\"https:\/\/www.creaearredanegozi.it\/wp-content\/uploads\/2016\/02\/MAESTRALE_EXTRA_990X330_IT.jpg\" alt=\"\" width=\"990\" height=\"330\" title=\"\" srcset=\"https:\/\/www.creaearredanegozi.it\/wp-content\/uploads\/2016\/02\/MAESTRALE_EXTRA_990X330_IT.jpg 990w, https:\/\/www.creaearredanegozi.it\/wp-content\/uploads\/2016\/02\/MAESTRALE_EXTRA_990X330_IT-516x172.jpg 516w, https:\/\/www.creaearredanegozi.it\/wp-content\/uploads\/2016\/02\/MAESTRALE_EXTRA_990X330_IT-64x21.jpg 64w, https:\/\/www.creaearredanegozi.it\/wp-content\/uploads\/2016\/02\/MAESTRALE_EXTRA_990X330_IT-200x67.jpg 200w, https:\/\/www.creaearredanegozi.it\/wp-content\/uploads\/2016\/02\/MAESTRALE_EXTRA_990X330_IT-500x167.jpg 500w, https:\/\/www.creaearredanegozi.it\/wp-content\/uploads\/2016\/02\/MAESTRALE_EXTRA_990X330_IT-768x256.jpg 768w, https:\/\/www.creaearredanegozi.it\/wp-content\/uploads\/2016\/02\/MAESTRALE_EXTRA_990X330_IT-645x215.jpg 645w, https:\/\/www.creaearredanegozi.it\/wp-content\/uploads\/2016\/02\/MAESTRALE_EXTRA_990X330_IT-560x187.jpg 560w, https:\/\/www.creaearredanegozi.it\/wp-content\/uploads\/2016\/02\/MAESTRALE_EXTRA_990X330_IT-750x250.jpg 750w, https:\/\/www.creaearredanegozi.it\/wp-content\/uploads\/2016\/02\/MAESTRALE_EXTRA_990X330_IT-400x133.jpg 400w, https:\/\/www.creaearredanegozi.it\/wp-content\/uploads\/2016\/02\/MAESTRALE_EXTRA_990X330_IT-510x170.jpg 510w\" sizes=\"(max-width: 990px) 100vw, 990px\" \/><\/strong><\/p>","protected":false},"excerpt":{"rendered":"<p>Distributore \/ Erogatore di bevande fredde BRAS Semplici e versatili, progettati per raffreddare ed erogare bevande non gassate particolarmente delicate grazie alla turbina sommersa ad azionamento magnetico. A richiesta sono disponibili modelli dotati di rubinetto a gravit\u00e0 (1 per vasca), inserire il numero di rubinetti di cui si necessita nell&#8217;apposito campo 1 Contenitore da 12 [&#8230;]","protected":false},"featured_media":14999,"comment_status":"closed","ping_status":"closed","template":"","meta":{"_monsterinsights_skip_tracking":false,"_monsterinsights_sitenote_active":false,"_monsterinsights_sitenote_note":"","_monsterinsights_sitenote_category":0},"product_brand":[618],"product_cat":[207],"product_tag":[],"class_list":{"0":"post-14998","1":"product","2":"type-product","3":"status-publish","4":"has-post-thumbnail","6":"product_brand-bras","7":"product_cat-granitori","8":"product_shipping_class-f","9":"pa_marca-bras","11":"first","12":"instock","13":"taxable","14":"shipping-taxable","15":"purchasable","16":"product-type-simple"},"_links":{"self":[{"href":"https:\/\/www.creaearredanegozi.it\/de\/wp-json\/wp\/v2\/product\/14998","targetHints":{"allow":["GET"]}}],"collection":[{"href":"https:\/\/www.creaearredanegozi.it\/de\/wp-json\/wp\/v2\/product"}],"about":[{"href":"https:\/\/www.creaearredanegozi.it\/de\/wp-json\/wp\/v2\/types\/product"}],"replies":[{"embeddable":true,"href":"https:\/\/www.creaearredanegozi.it\/de\/wp-json\/wp\/v2\/comments?post=14998"}],"wp:featuredmedia":[{"embeddable":true,"href":"https:\/\/www.creaearredanegozi.it\/de\/wp-json\/wp\/v2\/media\/14999"}],"wp:attachment":[{"href":"https:\/\/www.creaearredanegozi.it\/de\/wp-json\/wp\/v2\/media?parent=14998"}],"wp:term":[{"taxonomy":"product_brand","embeddable":true,"href":"https:\/\/www.creaearredanegozi.it\/de\/wp-json\/wp\/v2\/product_brand?post=14998"},{"taxonomy":"product_cat","embeddable":true,"href":"https:\/\/www.creaearredanegozi.it\/de\/wp-json\/wp\/v2\/product_cat?post=14998"},{"taxonomy":"product_tag","embeddable":true,"href":"https:\/\/www.creaearredanegozi.it\/de\/wp-json\/wp\/v2\/product_tag?post=14998"}],"curies":[{"name":"wp","href":"https:\/\/api.w.org\/{rel}","templated":true}]}}