{"id":15002,"date":"2018-08-03T16:54:37","date_gmt":"2018-08-03T14:54:37","guid":{"rendered":"https:\/\/www.creaearredanegozi.it\/?post_type=product&#038;p=15002"},"modified":"2023-07-24T10:40:48","modified_gmt":"2023-07-24T08:40:48","slug":"kaltgetrankespender-12-liter-inox-turia-bras","status":"publish","type":"product","link":"https:\/\/www.creaearredanegozi.it\/de\/kaltgetrankespender-12-liter-inox-turia-bras\/","title":{"rendered":"Kaltgetr\u00e4nkespender 19 Liter Inox mit Mixer TURIA BRAS"},"content":{"rendered":"<p><strong>BRAS Kaltgetr\u00e4nkespender \/ Dispenser<\/strong><\/p>\n<p>Die Spender der TURIA-Linie sind f\u00fcr die korrekte K\u00fchlung und Mischung von nat\u00fcrlichen Getr\u00e4nken wie z. B:<\/p>\n<ul>\n<li>nat\u00fcrliche S\u00e4fte,<\/li>\n<li>\"Horchata de Chufa<\/li>\n<li>Mandelmilch.<\/li>\n<\/ul>\n<p>Sie sind mit einem gro\u00dfen, runden, transparenten 19-Liter-Beh\u00e4lter aus lebensmittelechtem Polycarbonat ausgestattet.<br \/>\nDer Mischer ist speziell daf\u00fcr ausgelegt, das Produkt schonend zu mischen und die Bildung von Ablagerungen oder Sedimenten zu vermeiden.<br \/>\nDas Geh\u00e4use ist aus rostfreiem Stahl gefertigt.<\/p>\n<table class=\"table table-striped\" border=\"0\" cellspacing=\"1\" cellpadding=\"1\">\n<tbody>\n<tr>\n<td><strong>Andere Merkmale<\/strong><\/td>\n<\/tr>\n<tr>\n<td>- Schlagfester Lebensmittelbeh\u00e4lter<\/td>\n<\/tr>\n<tr>\n<td>- Kontrolle der Getr\u00e4nketemperatur<\/td>\n<\/tr>\n<tr>\n<td>- Motorschutzschalter<\/td>\n<\/tr>\n<tr>\n<td>- Karosserie aus rostfreiem Stahl<\/td>\n<\/tr>\n<tr>\n<td>- Hermetischer Kompressor<\/td>\n<\/tr>\n<tr>\n<td>- Ger\u00e4uschpegel unter 70 dB (A)<\/td>\n<\/tr>\n<tr>\n<td>- R290: ausgestattet mit elektrischen ATEX-Komponenten<\/td>\n<\/tr>\n<\/tbody>\n<\/table>\n<hr \/>\n<p><strong>Technische Daten<\/strong><\/p>\n<table class=\"table table-striped mtr-table mtr-tr-td\" cellspacing=\"1\" cellpadding=\"0\">\n<tbody>\n<tr>\n<td data-mtr-content=\"Contenitori trasparenti smontabili\" class=\"mtr-td-tag\"><div class=\"mtr-cell-content\">Herausnehmbare transparente Beh\u00e4lter<\/div><\/td>\n<td data-mtr-content=\"n\" class=\"mtr-td-tag\"><div class=\"mtr-cell-content\">n<\/div><\/td>\n<td data-mtr-content=\"1\" class=\"mtr-td-tag\"><div class=\"mtr-cell-content\">1<\/div><\/td>\n<\/tr>\n<tr>\n<td data-mtr-content=\"Contenitori trasparenti smontabili\" class=\"mtr-td-tag\"><div class=\"mtr-cell-content\">Kapazit\u00e4t eines einzelnen Containers<\/div><\/td>\n<td data-mtr-content=\"n\" class=\"mtr-td-tag\"><div class=\"mtr-cell-content\">l<\/div><\/td>\n<td data-mtr-content=\"1\" class=\"mtr-td-tag\"><div class=\"mtr-cell-content\">19<\/div><\/td>\n<\/tr>\n<tr>\n<td data-mtr-content=\"Contenitori trasparenti smontabili\" class=\"mtr-td-tag\"><div class=\"mtr-cell-content\">Breite<\/div><\/td>\n<td data-mtr-content=\"n\" class=\"mtr-td-tag\"><div class=\"mtr-cell-content\">cm<\/div><\/td>\n<td data-mtr-content=\"1\" class=\"mtr-td-tag\"><div class=\"mtr-cell-content\">32<\/div><\/td>\n<\/tr>\n<tr>\n<td data-mtr-content=\"Contenitori trasparenti smontabili\" class=\"mtr-td-tag\"><div class=\"mtr-cell-content\">Tiefe<\/div><\/td>\n<td data-mtr-content=\"n\" class=\"mtr-td-tag\"><div class=\"mtr-cell-content\">cm<\/div><\/td>\n<td data-mtr-content=\"1\" class=\"mtr-td-tag\"><div class=\"mtr-cell-content\">40<\/div><\/td>\n<\/tr>\n<tr>\n<td data-mtr-content=\"Contenitori trasparenti smontabili\" class=\"mtr-td-tag\"><div class=\"mtr-cell-content\">H\u00f6he<\/div><\/td>\n<td data-mtr-content=\"n\" class=\"mtr-td-tag\"><div class=\"mtr-cell-content\">cm<\/div><\/td>\n<td data-mtr-content=\"1\" class=\"mtr-td-tag\"><div class=\"mtr-cell-content\">72<\/div><\/td>\n<\/tr>\n<tr>\n<td data-mtr-content=\"Contenitori trasparenti smontabili\" class=\"mtr-td-tag\"><div class=\"mtr-cell-content\">Nettogewicht, ca.<\/div><\/td>\n<td data-mtr-content=\"n\" class=\"mtr-td-tag\"><div class=\"mtr-cell-content\">kg<\/div><\/td>\n<td data-mtr-content=\"1\" class=\"mtr-td-tag\"><div class=\"mtr-cell-content\">20<\/div><\/td>\n<\/tr>\n<tr>\n<td data-mtr-content=\"Contenitori trasparenti smontabili\" class=\"mtr-td-tag\"><div class=\"mtr-cell-content\">Bruttogewicht, ca.<\/div><\/td>\n<td data-mtr-content=\"n\" class=\"mtr-td-tag\"><div class=\"mtr-cell-content\">kg<\/div><\/td>\n<td data-mtr-content=\"1\" class=\"mtr-td-tag\"><div class=\"mtr-cell-content\">22<\/div><\/td>\n<\/tr>\n<tr>\n<td data-mtr-content=\"Contenitori trasparenti smontabili\" class=\"mtr-td-tag\"><div class=\"mtr-cell-content\">Einstellbarer Thermostat<\/div><\/td>\n<td data-mtr-content=\"n\" class=\"mtr-td-tag\"><div class=\"mtr-cell-content\">n<\/div><\/td>\n<td data-mtr-content=\"1\" class=\"mtr-td-tag\"><div class=\"mtr-cell-content\">1<\/div><\/td>\n<\/tr>\n<tr>\n<td data-mtr-content=\"Contenitori trasparenti smontabili\" class=\"mtr-td-tag\"><div class=\"mtr-cell-content\">Absorption<\/div><\/td>\n<td data-mtr-content=\"n\" class=\"mtr-td-tag\"><div class=\"mtr-cell-content\">W<\/div><\/td>\n<td data-mtr-content=\"1\" class=\"mtr-td-tag\"><div class=\"mtr-cell-content\">300<\/div><\/td>\n<\/tr>\n<tr>\n<td data-mtr-content=\"Contenitori trasparenti smontabili\" class=\"mtr-td-tag\"><div class=\"mtr-cell-content\">Spannung<\/div><\/td>\n<td data-mtr-content=\"n\" class=\"mtr-td-tag\"><div class=\"mtr-cell-content\">V\/Hz<\/div><\/td>\n<td data-mtr-content=\"1\" class=\"mtr-td-tag\"><div class=\"mtr-cell-content\">230\/50<\/div><\/td>\n<\/tr>\n<tr>\n<td data-mtr-content=\"Contenitori trasparenti smontabili\" class=\"mtr-td-tag\"><div class=\"mtr-cell-content\">Gas<\/div><\/td>\n<td data-mtr-content=\"n\" class=\"mtr-td-tag\"><div class=\"mtr-cell-content\"><\/div><\/td>\n<td data-mtr-content=\"1\" class=\"mtr-td-tag\"><div class=\"mtr-cell-content\">R290<\/div><\/td>\n<\/tr>\n<\/tbody>\n<\/table>\n<p>&nbsp;<\/p>\n<hr \/>\n<p><iframe loading=\"lazy\" src=\"https:\/\/www.youtube.com\/embed\/zUmstgJR-go?start=350\" width=\"500\" height=\"300\" frameborder=\"0\" allowfullscreen=\"allowfullscreen\"><\/iframe><\/p>","protected":false},"excerpt":{"rendered":"<p>Distributore \/ Erogatore di bevande fredde BRAS I distributori della Linea TURIA sono stati studiati per refrigerare e mescolare correttamente bevande naturali quali: succhi naturali, \u201dHorchata de Chufa\u201d latte di mandorla. Son dotati di un grande contenitore trasparente a forma circolare, da 19 litri in policarbonato antiurto per alimenti. Il mescolatore \u00e8 appositamente studiato per [&#8230;]","protected":false},"featured_media":15003,"comment_status":"closed","ping_status":"closed","template":"","meta":{"_monsterinsights_skip_tracking":false,"_monsterinsights_sitenote_active":false,"_monsterinsights_sitenote_note":"","_monsterinsights_sitenote_category":0},"product_brand":[618],"product_cat":[207],"product_tag":[],"class_list":{"0":"post-15002","1":"product","2":"type-product","3":"status-publish","4":"has-post-thumbnail","6":"product_brand-bras","7":"product_cat-granitori","8":"product_shipping_class-f","9":"pa_marca-bras","11":"first","12":"instock","13":"taxable","14":"shipping-taxable","15":"purchasable","16":"product-type-simple"},"_links":{"self":[{"href":"https:\/\/www.creaearredanegozi.it\/de\/wp-json\/wp\/v2\/product\/15002","targetHints":{"allow":["GET"]}}],"collection":[{"href":"https:\/\/www.creaearredanegozi.it\/de\/wp-json\/wp\/v2\/product"}],"about":[{"href":"https:\/\/www.creaearredanegozi.it\/de\/wp-json\/wp\/v2\/types\/product"}],"replies":[{"embeddable":true,"href":"https:\/\/www.creaearredanegozi.it\/de\/wp-json\/wp\/v2\/comments?post=15002"}],"wp:featuredmedia":[{"embeddable":true,"href":"https:\/\/www.creaearredanegozi.it\/de\/wp-json\/wp\/v2\/media\/15003"}],"wp:attachment":[{"href":"https:\/\/www.creaearredanegozi.it\/de\/wp-json\/wp\/v2\/media?parent=15002"}],"wp:term":[{"taxonomy":"product_brand","embeddable":true,"href":"https:\/\/www.creaearredanegozi.it\/de\/wp-json\/wp\/v2\/product_brand?post=15002"},{"taxonomy":"product_cat","embeddable":true,"href":"https:\/\/www.creaearredanegozi.it\/de\/wp-json\/wp\/v2\/product_cat?post=15002"},{"taxonomy":"product_tag","embeddable":true,"href":"https:\/\/www.creaearredanegozi.it\/de\/wp-json\/wp\/v2\/product_tag?post=15002"}],"curies":[{"name":"wp","href":"https:\/\/api.w.org\/{rel}","templated":true}]}}