{"id":15630,"date":"2018-09-07T12:12:00","date_gmt":"2018-09-07T10:12:00","guid":{"rendered":"https:\/\/www.creaearredanegozi.it\/?post_type=product&#038;p=15630"},"modified":"2023-07-03T19:51:29","modified_gmt":"2023-07-03T17:51:29","slug":"etb130-thermovitrine-fur-arbeitsplatten","status":"publish","type":"product","link":"https:\/\/www.creaearredanegozi.it\/de\/etb130-thermovitrine-fur-arbeitsplatten\/","title":{"rendered":"Theken-Thermo-Fenster mit Beleuchtung TB130"},"content":{"rendered":"<p><strong>Theken-Thermo-Fenster mit Beleuchtung TB130<\/strong><\/p>\n<p>&nbsp;<\/p>\n<p>Hochwertige, hochfeste Konstruktion aus rostfreiem Stahl AISI 304. Scotch Brite Oberfl\u00e4che. Warme, technologische, sch\u00f6ne und funktionelle Vitrine mit Steigrohr aus geh\u00e4rtetem Glas und Befeuchter.<\/p>\n<ul>\n<li>Thermostatische Steuerung zur Vermeidung von \u00dcberhitzung und f\u00fcr erhebliche Energieeinsparungen;<\/li>\n<li>Temperaturleser auf der \u00f6ffentlichen Seite<\/li>\n<\/ul>\n<table class=\"table table-striped\">\n<tbody>\n<tr>\n<td>Abmessungen (BxTxH)<\/td>\n<td>130x53x55 cm<\/td>\n<\/tr>\n<tr>\n<td>Kapazit\u00e4t:<\/td>\n<td>3 Tabletts 35\u00d745<\/td>\n<\/tr>\n<tr>\n<td>Max. Leistung<\/td>\n<td>1300 Watt<\/td>\n<\/tr>\n<\/tbody>\n<\/table>","protected":false},"excerpt":{"rendered":"<p>Termovetrina da banco illuminazione compresa TB130 &nbsp; Costruzione Inox AISI 304 di altissima qualit\u00e0 ed elevata resistenza. Finitura Scotch Brite. Vetrina Calda, tecnologica, bella e funzionale, con alzata in vetri temperati ed umidificatore. Controllo termostatico per evitare surriscaldamento e garantire un consistente risparmio energetico; Lettore temperatura lato pubblico Dimensioni (LxPxH) 130x53x55 cm capacit\u00e0: 3 vassoi [&#8230;]","protected":false},"featured_media":119866,"comment_status":"closed","ping_status":"closed","template":"","meta":{"_monsterinsights_skip_tracking":false,"_monsterinsights_sitenote_active":false,"_monsterinsights_sitenote_note":"","_monsterinsights_sitenote_category":0},"product_brand":[],"product_cat":[255],"product_tag":[],"class_list":{"0":"post-15630","1":"product","2":"type-product","3":"status-publish","4":"has-post-thumbnail","6":"product_cat-calde","7":"product_shipping_class-i","9":"first","10":"instock","11":"taxable","12":"shipping-taxable","13":"purchasable","14":"product-type-simple"},"_links":{"self":[{"href":"https:\/\/www.creaearredanegozi.it\/de\/wp-json\/wp\/v2\/product\/15630","targetHints":{"allow":["GET"]}}],"collection":[{"href":"https:\/\/www.creaearredanegozi.it\/de\/wp-json\/wp\/v2\/product"}],"about":[{"href":"https:\/\/www.creaearredanegozi.it\/de\/wp-json\/wp\/v2\/types\/product"}],"replies":[{"embeddable":true,"href":"https:\/\/www.creaearredanegozi.it\/de\/wp-json\/wp\/v2\/comments?post=15630"}],"wp:featuredmedia":[{"embeddable":true,"href":"https:\/\/www.creaearredanegozi.it\/de\/wp-json\/wp\/v2\/media\/119866"}],"wp:attachment":[{"href":"https:\/\/www.creaearredanegozi.it\/de\/wp-json\/wp\/v2\/media?parent=15630"}],"wp:term":[{"taxonomy":"product_brand","embeddable":true,"href":"https:\/\/www.creaearredanegozi.it\/de\/wp-json\/wp\/v2\/product_brand?post=15630"},{"taxonomy":"product_cat","embeddable":true,"href":"https:\/\/www.creaearredanegozi.it\/de\/wp-json\/wp\/v2\/product_cat?post=15630"},{"taxonomy":"product_tag","embeddable":true,"href":"https:\/\/www.creaearredanegozi.it\/de\/wp-json\/wp\/v2\/product_tag?post=15630"}],"curies":[{"name":"wp","href":"https:\/\/api.w.org\/{rel}","templated":true}]}}