{"id":15808,"date":"2018-09-12T17:09:44","date_gmt":"2018-09-12T15:09:44","guid":{"rendered":"https:\/\/www.creaearredanegozi.it\/?post_type=product&#038;p=15808"},"modified":"2024-11-20T13:03:03","modified_gmt":"2024-11-20T12:03:03","slug":"affettatrice-verticale-professionale-lama-330mm-carrello-fisso-k330-fimar","status":"publish","type":"product","link":"https:\/\/www.creaearredanegozi.it\/de\/affettatrice-verticale-professionale-lama-330mm-carrello-fisso-k330-fimar\/","title":{"rendered":"Professionelle vertikale Schneidemaschine Klinge 330mm Fixed Trolley K330 Fimar"},"content":{"rendered":"<h3>Affettatrice Professionale Verticale K330 Fimar<\/h3>\n<p>Macchina per affettare salumi, carne, formaggi ecc.<\/p>\n<ul>\n<li>Leichte Struktur aus anodisierter Aluminiumlegierung.<\/li>\n<li>Carrello fisso.<\/li>\n<li>Erh\u00e4ltlich mit Fleischplatte.<\/li>\n<li>Fester Klingenschutzring.<\/li>\n<li>Spessore taglio 0\u00f715 mm.<\/li>\n<li>Abnehmbarer Klingenschutz.<\/li>\n<li>Segeleinstellknopf mit Skala.<\/li>\n<li>Festes Sch\u00e4rfger\u00e4t mit zwei Schleifk\u00f6rpern zum Sch\u00e4rfen der Klinge.<\/li>\n<\/ul>\n<p>Vertikalschneider k\u00f6nnen auf Wunsch mit einer Fleischplatte geliefert werden.<\/p>\n<p>Disponibili solo a Norme CE.<\/p>\n<table class=\"table table-striped\">\n<tbody>\n<tr>\n<td>POWER<\/td>\n<td>0,37 kW (0,5 PS)<\/td>\n<\/tr>\n<tr>\n<td>SUPPLY<\/td>\n<td>230V\/1N\/50Hz - 400V\/3\/50Hz<\/td>\n<\/tr>\n<tr>\n<td>ABMESSUNGEN<\/td>\n<td>710x550x610h (mm)<\/td>\n<\/tr>\n<tr>\n<td class=\"tdbg\">NETTOGEWICHT<\/td>\n<td class=\"tdsp\">36 Kg<\/td>\n<\/tr>\n<tr>\n<td class=\"tdbg\">BRUTTOGEWICHT<\/td>\n<td class=\"tdsp\">48 Kg<\/td>\n<\/tr>\n<tr>\n<td class=\"tdbg\">VERPACKUNGSMASSE<\/td>\n<td class=\"tdsp\">700x620x700h (mm)<\/td>\n<\/tr>\n<tr>\n<td class=\"tdbg\">VERPACKUNGSVOLUMEN<\/td>\n<td class=\"tdsp\">0,304 m\u00b3<\/td>\n<\/tr>\n<tr>\n<td class=\"tdbg\">N\u00dcTZLICHER SCHNITT<\/td>\n<td class=\"tdsp\">250x210h (mm)<\/td>\n<\/tr>\n<tr>\n<td class=\"tdbg\">\u00d8 BLADE<\/td>\n<td class=\"tdsp\">330 mm<\/td>\n<\/tr>\n<tr>\n<td class=\"tdbg\">SCHNITTST\u00c4RKE<\/td>\n<td class=\"tdsp\">0\u00f715 mm<\/td>\n<\/tr>\n<tr>\n<td class=\"tdbg\">ABMESSUNGEN DER TISCHPLATTE<\/td>\n<td class=\"tdsp\">570&#215;470 (mm)<\/td>\n<\/tr>\n<\/tbody>\n<\/table>","protected":false},"excerpt":{"rendered":"<p>Affettatrice Professionale Verticale K330 Fimar Macchina per affettare salumi, carne, formaggi ecc. Struttura in lega leggera di alluminio anodizzato. Carrello fisso. Disponibili con piatto carne. Anello fisso protezione lama. Spessore taglio 0\u00f715 mm. Paralama estraibile. Pomello regolazione vela con scala graduata. Affilatoio fisso con coppia di smerigli per l\u2019affilatura della lama. Le affettatrici verticali possono [&#8230;]","protected":false},"featured_media":121679,"comment_status":"closed","ping_status":"closed","template":"","meta":{"_monsterinsights_skip_tracking":false,"_monsterinsights_sitenote_active":false,"_monsterinsights_sitenote_note":"","_monsterinsights_sitenote_category":0},"product_brand":[628],"product_cat":[51,677,678,26],"product_tag":[],"class_list":{"0":"post-15808","1":"product","2":"type-product","3":"status-publish","4":"has-post-thumbnail","6":"product_brand-fimar","7":"product_cat-affettatrici","8":"product_cat-affettatrici-professionali","9":"product_cat-affettatrici-salumi","10":"product_cat-macelleria-e-gastronomia","11":"product_shipping_class-32","12":"pa_marca-fimar","14":"first","15":"instock","16":"sale","17":"taxable","18":"shipping-taxable","19":"purchasable","20":"product-type-simple"},"_links":{"self":[{"href":"https:\/\/www.creaearredanegozi.it\/de\/wp-json\/wp\/v2\/product\/15808","targetHints":{"allow":["GET"]}}],"collection":[{"href":"https:\/\/www.creaearredanegozi.it\/de\/wp-json\/wp\/v2\/product"}],"about":[{"href":"https:\/\/www.creaearredanegozi.it\/de\/wp-json\/wp\/v2\/types\/product"}],"replies":[{"embeddable":true,"href":"https:\/\/www.creaearredanegozi.it\/de\/wp-json\/wp\/v2\/comments?post=15808"}],"wp:featuredmedia":[{"embeddable":true,"href":"https:\/\/www.creaearredanegozi.it\/de\/wp-json\/wp\/v2\/media\/121679"}],"wp:attachment":[{"href":"https:\/\/www.creaearredanegozi.it\/de\/wp-json\/wp\/v2\/media?parent=15808"}],"wp:term":[{"taxonomy":"product_brand","embeddable":true,"href":"https:\/\/www.creaearredanegozi.it\/de\/wp-json\/wp\/v2\/product_brand?post=15808"},{"taxonomy":"product_cat","embeddable":true,"href":"https:\/\/www.creaearredanegozi.it\/de\/wp-json\/wp\/v2\/product_cat?post=15808"},{"taxonomy":"product_tag","embeddable":true,"href":"https:\/\/www.creaearredanegozi.it\/de\/wp-json\/wp\/v2\/product_tag?post=15808"}],"curies":[{"name":"wp","href":"https:\/\/api.w.org\/{rel}","templated":true}]}}