{"id":15936,"date":"2018-09-17T15:03:25","date_gmt":"2018-09-17T13:03:25","guid":{"rendered":"https:\/\/www.creaearredanegozi.it\/?post_type=product&#038;p=15936"},"modified":"2023-07-03T20:05:59","modified_gmt":"2023-07-03T18:05:59","slug":"neutrale-fischtheke-aus-edelstahl-mit-einstellbarer-neigung","status":"publish","type":"product","link":"https:\/\/www.creaearredanegozi.it\/de\/neutrale-fischtheke-aus-edelstahl-mit-einstellbarer-neigung\/","title":{"rendered":"Neutrale Fischtheke aus Edelstahl mit einstellbarer Neigung"},"content":{"rendered":"<p><strong>Neutrale Fischtheke aus Edelstahl mit einstellbarer Neigung<\/strong><\/p>\n<p>Die Bank ist vollst\u00e4ndig aus rostfreiem Stahl AISI 304 gefertigt und entspricht den europ\u00e4ischen Normen f\u00fcr Hygiene und Sicherheit.<br \/>\nHergestellt mit einem wasserdichten Tank H. 50 mm und Abfluss\u00f6ffnung auf der linken Seite des Bedieners, um das t\u00e4gliche Waschen zu erleichtern.<br \/>\nDie Teleskopbeine erm\u00f6glichen das Kippen der Platte, was sowohl an der kurzen als auch an der langen Seite m\u00f6glich ist.<\/p>\n<p>Frontschutz aus Polycarbonat (optional).<br \/>\nDer untere Rohrrahmen ist vollst\u00e4ndig mit den Beinen verschwei\u00dft, um das Eindringen von Fl\u00fcssigkeiten und Schmutz zu verhindern.<\/p>\n<ul>\n<li>Ausstellungstisch mit Edelstahlwanne.<\/li>\n<li>Sockel aus rostfreiem Stahl.<\/li>\n<li>Einstellbare Neigung.<\/li>\n<li>Wasserabflussloch.<\/li>\n<li>Gitter ausgeschlossen.<\/li>\n<li><strong>AISI 304 Stahl<\/strong>.<\/li>\n<\/ul>\n<p><strong>Optional:<\/strong><\/p>\n<ul>\n<li>Falscher perforierter Boden<\/li>\n<li>Abgekantetes Polycarbonat-Frontglas, 8 mm dick, H. 280 mm, komplett mit St\u00fctzen<\/li>\n<\/ul>\n<p>&nbsp;<\/p>\n<table class=\"table table-striped\">\n<tbody>\n<tr>\n<td>\n<p class=\"dati_tecnici_label_1\"><strong>Modell<\/strong><\/p>\n<\/td>\n<td align=\"left\"><strong>Abmessungen mm<br \/>\n<\/strong><\/td>\n<\/tr>\n<tr>\n<td>BPE\/11<\/td>\n<td align=\"left\">1250 x 1000 x 750\/1000 h<\/td>\n<\/tr>\n<tr>\n<td>BPE\/21<\/td>\n<td align=\"left\">2050 x 1000 x 750\/1000 h<\/td>\n<\/tr>\n<\/tbody>\n<\/table>\n<p><img decoding=\"async\" class=\"alignnone size-full wp-image-123460 aligncenter\" src=\"https:\/\/www.creaearredanegozi.it\/wp-content\/uploads\/2018\/09\/misure_BPE.jpg\" alt=\"\" width=\"500\" height=\"335\" title=\"\" srcset=\"https:\/\/www.creaearredanegozi.it\/wp-content\/uploads\/2018\/09\/misure_BPE.jpg 500w, https:\/\/www.creaearredanegozi.it\/wp-content\/uploads\/2018\/09\/misure_BPE-64x43.jpg 64w\" sizes=\"(max-width: 500px) 100vw, 500px\" \/><\/p>","protected":false},"excerpt":{"rendered":"<p>Banco esposizione pesce in acciaio inox neutro inclinazione regolabile Il banco \u00e8 realizzato interamente in acciaio inox AISI 304 e risponde alle normative europee per igiene e sicurezza. Realizzati con vasca stagna H. 50 mm e foro di scarico a sinistra operatore per agevolare il lavaggio giornaliero. Le gambe telescopiche permettono di regolare l\u2019inclinazione del [&#8230;]","protected":false},"featured_media":123455,"comment_status":"closed","ping_status":"closed","template":"","meta":{"_monsterinsights_skip_tracking":false,"_monsterinsights_sitenote_active":false,"_monsterinsights_sitenote_note":"","_monsterinsights_sitenote_category":0},"product_brand":[],"product_cat":[121],"product_tag":[],"class_list":{"0":"post-15936","1":"product","2":"type-product","3":"status-publish","4":"has-post-thumbnail","6":"product_cat-tavoli-refrigerati-lavorazione-inox","7":"product_shipping_class-m","8":"pa_marca-inoxbim","10":"first","11":"instock","12":"taxable","13":"shipping-taxable","14":"purchasable","15":"product-type-variable"},"_links":{"self":[{"href":"https:\/\/www.creaearredanegozi.it\/de\/wp-json\/wp\/v2\/product\/15936","targetHints":{"allow":["GET"]}}],"collection":[{"href":"https:\/\/www.creaearredanegozi.it\/de\/wp-json\/wp\/v2\/product"}],"about":[{"href":"https:\/\/www.creaearredanegozi.it\/de\/wp-json\/wp\/v2\/types\/product"}],"replies":[{"embeddable":true,"href":"https:\/\/www.creaearredanegozi.it\/de\/wp-json\/wp\/v2\/comments?post=15936"}],"wp:featuredmedia":[{"embeddable":true,"href":"https:\/\/www.creaearredanegozi.it\/de\/wp-json\/wp\/v2\/media\/123455"}],"wp:attachment":[{"href":"https:\/\/www.creaearredanegozi.it\/de\/wp-json\/wp\/v2\/media?parent=15936"}],"wp:term":[{"taxonomy":"product_brand","embeddable":true,"href":"https:\/\/www.creaearredanegozi.it\/de\/wp-json\/wp\/v2\/product_brand?post=15936"},{"taxonomy":"product_cat","embeddable":true,"href":"https:\/\/www.creaearredanegozi.it\/de\/wp-json\/wp\/v2\/product_cat?post=15936"},{"taxonomy":"product_tag","embeddable":true,"href":"https:\/\/www.creaearredanegozi.it\/de\/wp-json\/wp\/v2\/product_tag?post=15936"}],"curies":[{"name":"wp","href":"https:\/\/api.w.org\/{rel}","templated":true}]}}