{"id":16541,"date":"2018-09-29T08:49:00","date_gmt":"2018-09-29T06:49:00","guid":{"rendered":"https:\/\/www.creaearredanegozi.it\/?post_type=product&#038;p=16541"},"modified":"2024-11-20T13:39:46","modified_gmt":"2024-11-20T12:39:46","slug":"affettatrice-verticale-professionale-lama-o-30cm-vr300-fimar","status":"publish","type":"product","link":"https:\/\/www.creaearredanegozi.it\/de\/affettatrice-verticale-professionale-lama-o-30cm-vr300-fimar\/","title":{"rendered":"Professionelle vertikale Schneidemaschine Klinge \u00d8 30cm VR300N Fimar"},"content":{"rendered":"<h3>Affettatrice verticale lama 300mm VR300N Fimar<\/h3>\n<p>Maschine zum Schneiden von Aufschnitt, Fleisch, K\u00e4se usw.<\/p>\n<ul>\n<li>Leichte Struktur aus anodisierter Aluminiumlegierung.<\/li>\n<li>Flat-Sheet-Block f\u00fcr Wagenentnahme<\/li>\n<li>Erh\u00e4ltlich mit Fleischplatte<\/li>\n<li>Schnittst\u00e4rke 0\u00f716 mm<\/li>\n<li>Fester Klingenschutzring<\/li>\n<li>Abnehmbarer Klingenschutz<\/li>\n<li>Segeleinstellknopf mit Skala<\/li>\n<li>Festes Sch\u00e4rfger\u00e4t mit zwei Schleifk\u00f6rpern zum Sch\u00e4rfen der Klinge.<\/li>\n<li>CE-konform.<\/li>\n<\/ul>\n<p>Vertikalschneider k\u00f6nnen auf Wunsch mit einer Fleischplatte geliefert werden.<\/p>\n<table class=\"table table-striped\" style=\"width: 100%;\">\n<tbody>\n<tr>\n<td style=\"width: 50%;\">POWER<\/td>\n<td style=\"width: 50%;\">0,26 kW (0,35 PS)<\/td>\n<\/tr>\n<tr>\n<td style=\"width: 50%;\">SUPPLY<\/td>\n<td style=\"width: 50%;\">230V\/1N\/50Hz - 400V\/3\/50Hz<\/td>\n<\/tr>\n<tr>\n<td style=\"width: 50%;\">ABMESSUNGEN<\/td>\n<td style=\"width: 50%;\">610 x 520 x 520(h) mm<\/td>\n<\/tr>\n<tr>\n<td style=\"width: 50%;\">NETTOGEWICHT<\/td>\n<td style=\"width: 50%;\">\u00a027,6 Kg<\/td>\n<\/tr>\n<tr>\n<td style=\"width: 50%;\">BRUTTOGEWICHT<\/td>\n<td style=\"width: 50%;\">40 kg<\/td>\n<\/tr>\n<tr>\n<td style=\"width: 50%;\">VERPACKUNGSMASSE<\/td>\n<td style=\"width: 50%;\">700 x 630 x 700(h) mm<\/td>\n<\/tr>\n<tr>\n<td style=\"width: 50%;\">VERPACKUNGSVOLUMEN<\/td>\n<td style=\"width: 50%;\">0,309 m\u00b3<\/td>\n<\/tr>\n<tr>\n<td style=\"width: 50%;\">N\u00dcTZLICHER SCHNITT<\/td>\n<td style=\"width: 50%;\">240 x 195(h) mm<\/td>\n<\/tr>\n<tr>\n<td style=\"width: 50%;\">\u00d8 BLADE<\/td>\n<td style=\"width: 50%;\">300 mm<\/td>\n<\/tr>\n<tr>\n<td style=\"width: 50%;\">SCHNITTST\u00c4RKE<\/td>\n<td style=\"width: 50%;\">0\u00f716 mm<\/td>\n<\/tr>\n<tr>\n<td style=\"width: 50%;\">ABMESSUNGEN DER TISCHPLATTE<\/td>\n<td style=\"width: 50%;\">470 x 370 mm<\/td>\n<\/tr>\n<\/tbody>\n<\/table>","protected":false},"excerpt":{"rendered":"<p>Affettatrice verticale lama 300mm VR300N Fimar Macchina per affettare salumi, carne, formaggi, ecc. Struttura in lega leggera di alluminio anodizzato. Blocco piatto-vela per rimozione carrello Disponibili con piatto carne Spessore taglio 0\u00f716 mm Anello fisso protezione lama Paralama estraibile Pomello regolazione vela con scala graduata Affilatoio fisso con coppia di smerigli per l\u2019affilatura della lama. [&#8230;]","protected":false},"featured_media":121668,"comment_status":"closed","ping_status":"closed","template":"","meta":{"_monsterinsights_skip_tracking":false,"_monsterinsights_sitenote_active":false,"_monsterinsights_sitenote_note":"","_monsterinsights_sitenote_category":0},"product_brand":[628],"product_cat":[51,679,677,678,26],"product_tag":[],"class_list":{"0":"post-16541","1":"product","2":"type-product","3":"status-publish","4":"has-post-thumbnail","6":"product_brand-fimar","7":"product_cat-affettatrici","8":"product_cat-affettacarne","9":"product_cat-affettatrici-professionali","10":"product_cat-affettatrici-salumi","11":"product_cat-macelleria-e-gastronomia","12":"product_shipping_class-38","13":"pa_marca-fimar","15":"first","16":"instock","17":"sale","18":"taxable","19":"shipping-taxable","20":"purchasable","21":"product-type-variable","22":"has-default-attributes"},"_links":{"self":[{"href":"https:\/\/www.creaearredanegozi.it\/de\/wp-json\/wp\/v2\/product\/16541","targetHints":{"allow":["GET"]}}],"collection":[{"href":"https:\/\/www.creaearredanegozi.it\/de\/wp-json\/wp\/v2\/product"}],"about":[{"href":"https:\/\/www.creaearredanegozi.it\/de\/wp-json\/wp\/v2\/types\/product"}],"replies":[{"embeddable":true,"href":"https:\/\/www.creaearredanegozi.it\/de\/wp-json\/wp\/v2\/comments?post=16541"}],"wp:featuredmedia":[{"embeddable":true,"href":"https:\/\/www.creaearredanegozi.it\/de\/wp-json\/wp\/v2\/media\/121668"}],"wp:attachment":[{"href":"https:\/\/www.creaearredanegozi.it\/de\/wp-json\/wp\/v2\/media?parent=16541"}],"wp:term":[{"taxonomy":"product_brand","embeddable":true,"href":"https:\/\/www.creaearredanegozi.it\/de\/wp-json\/wp\/v2\/product_brand?post=16541"},{"taxonomy":"product_cat","embeddable":true,"href":"https:\/\/www.creaearredanegozi.it\/de\/wp-json\/wp\/v2\/product_cat?post=16541"},{"taxonomy":"product_tag","embeddable":true,"href":"https:\/\/www.creaearredanegozi.it\/de\/wp-json\/wp\/v2\/product_tag?post=16541"}],"curies":[{"name":"wp","href":"https:\/\/api.w.org\/{rel}","templated":true}]}}