{"id":16569,"date":"2018-09-29T09:15:36","date_gmt":"2018-09-29T07:15:36","guid":{"rendered":"https:\/\/www.creaearredanegozi.it\/?post_type=product&#038;p=16569"},"modified":"2024-11-20T13:39:46","modified_gmt":"2024-11-20T12:39:46","slug":"professionelle-vertikale-schneidemaschine-messer-330mm-v330-fimar","status":"publish","type":"product","link":"https:\/\/www.creaearredanegozi.it\/de\/professionelle-vertikale-schneidemaschine-messer-330mm-v330-fimar\/","title":{"rendered":"Professionelle vertikale Schneidemaschine Klinge 330mm V330 Fimar"},"content":{"rendered":"<h3>Aufschnittmaschine mit vertikalem Messer 330 V330 Fimar<\/h3>\n<p>Maschine zum Schneiden von Aufschnitt, Fleisch, K\u00e4se usw.<\/p>\n<ul>\n<li>Leichte Struktur aus anodisierter Aluminiumlegierung.<\/li>\n<li><strong>Wohnblock v<\/strong>ela f\u00fcr den Umzug des Wagens.<\/li>\n<li>Erh\u00e4ltlich mit Fleischplatte.<\/li>\n<li>Schnittst\u00e4rke 0\u00f716 mm.<\/li>\n<li>Fester Klingenschutzring.<\/li>\n<li>Abnehmbarer Klingenschutz.<\/li>\n<li>Segeleinstellknopf mit Skala.<\/li>\n<li>Festes Sch\u00e4rfger\u00e4t mit zwei Schleifk\u00f6rpern zum Sch\u00e4rfen der Klinge.<\/li>\n<li>Klinge \u00d8 330 mm - Schnittl\u00e4nge 300 mm<\/li>\n<li>CE-konform.<\/li>\n<\/ul>\n<p>Vertikalschneider k\u00f6nnen auf Wunsch mit einer Fleischplatte geliefert werden.<\/p>\n<table class=\"table table-striped\" style=\"width: 39.6237%;\">\n<tbody>\n<tr>\n<td class=\"tdbg\" style=\"width: 42.5153%;\">POWER<\/td>\n<td class=\"tdsp\" style=\"width: 55.8718%;\">0,37 kW (0,5 PS)<\/td>\n<\/tr>\n<tr>\n<td class=\"tdbg\" style=\"width: 42.5153%;\">SUPPLY<\/td>\n<td class=\"tdsp\" style=\"width: 55.8718%;\">230V\/1N\/50Hz - 400V\/3\/50Hz<\/td>\n<\/tr>\n<tr>\n<td class=\"tdbg\" style=\"width: 42.5153%;\">ABMESSUNGEN<\/td>\n<td class=\"tdsp\" style=\"width: 55.8718%;\">740 x 640 x 520(h) mm<\/td>\n<\/tr>\n<tr>\n<td class=\"tdbg\" style=\"width: 42.5153%;\">NETTOGEWICHT<\/td>\n<td class=\"tdsp\" style=\"width: 55.8718%;\">43 kg<\/td>\n<\/tr>\n<tr>\n<td class=\"tdbg\" style=\"width: 42.5153%;\">BRUTTOGEWICHT<\/td>\n<td class=\"tdsp\" style=\"width: 55.8718%;\">53 kg<\/td>\n<\/tr>\n<tr>\n<td class=\"tdbg\" style=\"width: 42.5153%;\">VERPACKUNGSMASSE<\/td>\n<td class=\"tdsp\" style=\"width: 55.8718%;\">650 x 800 x 610(h) mm<\/td>\n<\/tr>\n<tr>\n<td class=\"tdbg\" style=\"width: 42.5153%;\">VERPACKUNGSVOLUMEN<\/td>\n<td class=\"tdsp\" style=\"width: 55.8718%;\">0,317 m\u00b3<\/td>\n<\/tr>\n<tr>\n<td class=\"tdbg\" style=\"width: 42.5153%;\">N\u00dcTZLICHER SCHNITT<\/td>\n<td class=\"tdsp\" style=\"width: 55.8718%;\">300x230h (mm)<\/td>\n<\/tr>\n<tr>\n<td class=\"tdbg\" style=\"width: 42.5153%;\">\u00d8 BLADE<\/td>\n<td class=\"tdsp\" style=\"width: 55.8718%;\">330 mm<\/td>\n<\/tr>\n<tr>\n<td class=\"tdbg\" style=\"width: 42.5153%;\">SCHNITTST\u00c4RKE<\/td>\n<td class=\"tdsp\" style=\"width: 55.8718%;\">0\u00f716 mm<\/td>\n<\/tr>\n<tr>\n<td class=\"tdbg\" style=\"width: 42.5153%;\">ABMESSUNGEN DER TISCHPLATTE<\/td>\n<td class=\"tdsp\" style=\"width: 55.8718%;\">575 x 435 mm<\/td>\n<\/tr>\n<\/tbody>\n<\/table>","protected":false},"excerpt":{"rendered":"<p>Affettatrice verticale lama 330 V330 Fimar Macchina per affettare salumi, carne, formaggi, ecc. Struttura in lega leggera di alluminio anodizzato. Blocco piatto vela per rimozione carrello. Disponibili con piatto carne. Spessore taglio 0\u00f716 mm. Anello fisso protezione lama. Paralama estraibile. Pomello regolazione vela con scala graduata. Affilatoio fisso con coppia di smerigli per l\u2019affilatura della [&#8230;]","protected":false},"featured_media":121675,"comment_status":"closed","ping_status":"closed","template":"","meta":{"_monsterinsights_skip_tracking":false,"_monsterinsights_sitenote_active":false,"_monsterinsights_sitenote_note":"","_monsterinsights_sitenote_category":0},"product_brand":[628],"product_cat":[51,679,677,678,26],"product_tag":[],"class_list":{"0":"post-16569","1":"product","2":"type-product","3":"status-publish","4":"has-post-thumbnail","6":"product_brand-fimar","7":"product_cat-affettatrici","8":"product_cat-affettacarne","9":"product_cat-affettatrici-professionali","10":"product_cat-affettatrici-salumi","11":"product_cat-macelleria-e-gastronomia","12":"product_shipping_class-681","13":"pa_marca-fimar","15":"first","16":"instock","17":"sale","18":"taxable","19":"shipping-taxable","20":"purchasable","21":"product-type-variable"},"_links":{"self":[{"href":"https:\/\/www.creaearredanegozi.it\/de\/wp-json\/wp\/v2\/product\/16569","targetHints":{"allow":["GET"]}}],"collection":[{"href":"https:\/\/www.creaearredanegozi.it\/de\/wp-json\/wp\/v2\/product"}],"about":[{"href":"https:\/\/www.creaearredanegozi.it\/de\/wp-json\/wp\/v2\/types\/product"}],"replies":[{"embeddable":true,"href":"https:\/\/www.creaearredanegozi.it\/de\/wp-json\/wp\/v2\/comments?post=16569"}],"wp:featuredmedia":[{"embeddable":true,"href":"https:\/\/www.creaearredanegozi.it\/de\/wp-json\/wp\/v2\/media\/121675"}],"wp:attachment":[{"href":"https:\/\/www.creaearredanegozi.it\/de\/wp-json\/wp\/v2\/media?parent=16569"}],"wp:term":[{"taxonomy":"product_brand","embeddable":true,"href":"https:\/\/www.creaearredanegozi.it\/de\/wp-json\/wp\/v2\/product_brand?post=16569"},{"taxonomy":"product_cat","embeddable":true,"href":"https:\/\/www.creaearredanegozi.it\/de\/wp-json\/wp\/v2\/product_cat?post=16569"},{"taxonomy":"product_tag","embeddable":true,"href":"https:\/\/www.creaearredanegozi.it\/de\/wp-json\/wp\/v2\/product_tag?post=16569"}],"curies":[{"name":"wp","href":"https:\/\/api.w.org\/{rel}","templated":true}]}}