{"id":16627,"date":"2018-10-01T16:02:30","date_gmt":"2018-10-01T14:02:30","guid":{"rendered":"https:\/\/www.creaearredanegozi.it\/?post_type=product&#038;p=16627"},"modified":"2023-10-09T16:59:16","modified_gmt":"2023-10-09T14:59:16","slug":"kuhlvitrine-5-20-c-275-lt-mit-led-beleuchtung-l-70-cm-tecfrigo","status":"publish","type":"product","link":"https:\/\/www.creaearredanegozi.it\/de\/kuhlvitrine-5-20-c-275-lt-mit-led-beleuchtung-l-70-cm-tecfrigo\/","title":{"rendered":"K\u00fchlvitrine +5\/-20 \u00b0C 275 Lt mit LED-Beleuchtung L. 70 cm Tecfrigo"},"content":{"rendered":"<h2>K\u00fchlvitrine +5\/-20 \u00b0C 275 Lt mit LED-Beleuchtung Marilyn<\/h2>\n<ul>\n<li>Hocheffiziente R290-Thermodynamik<\/li>\n<li>Schwarz eloxierter Aluminiumrahmen<\/li>\n<li>Doppelt\u00fcr mit niedrigem Emissionsgrad und vorgespannter, siebbedruckter Au\u00dfenverglasung<\/li>\n<li>Standardfarbausf\u00fchrung: schwarz<\/li>\n<li>Innen komplett aus korrosionsbest\u00e4ndigem, laserbearbeitetem Edelstahl AISI 304<br \/>\nund hochglanzpolierte Oberfl\u00e4che<\/li>\n<li>Touchscreen-Bedieneinheit mit kontrastreicher Hintergrundbeleuchtung. Thermometerfunktionen, Steuerung<br \/>\nintegrierte Beleuchtung und ECO-Modus<\/li>\n<li>Gro\u00dfer \"versenkbarer\" Griff, der \u00fcber die gesamte H\u00f6he der T\u00fcr in den Rahmen integriert ist.<\/li>\n<li>Zwei schwenkbare R\u00e4der, zwei davon mit Bremsfunktion<\/li>\n<li>Verstellbare F\u00fc\u00dfe und Schloss als Standard<\/li>\n<\/ul>\n<p><strong>Optional:<\/strong><\/p>\n<ul>\n<li>Potentiometer: einstellbare Farbtemperatur zwischen 3000K und 6500K<\/li>\n<li>Fernsteuerungssystem (WiFi\/Cloud)<\/li>\n<li>Einsatz der INVERTER-Technologie zur Verbesserung der Vitrinenleistung<\/li>\n<\/ul>\n<table class=\"table table-striped\">\n<tbody>\n<tr>\n<td>\n<p class=\"dati_tecnici_label_1\"><strong>Modell<\/strong><\/p>\n<\/td>\n<td>\n<p class=\"dati_tecnici_label_1\"><b>Marilyn 276 BTQ BIS<\/b><\/p>\n<\/td>\n<\/tr>\n<tr>\n<td><strong>Temperatur <\/strong><\/td>\n<td align=\"left\">+5\/-20 \u00b0C<\/td>\n<\/tr>\n<tr>\n<td><strong>Kapazit\u00e4t Lt<\/strong><\/td>\n<td align=\"left\">275<\/td>\n<\/tr>\n<tr>\n<td><strong>Abmessungen mm<\/strong><\/td>\n<td align=\"left\">700x710x1510<\/td>\n<\/tr>\n<tr>\n<td><strong>Pl\u00e4ne<\/strong><\/td>\n<td align=\"left\">Nr. 3 - mm 545\u00d7425<\/td>\n<\/tr>\n<tr>\n<td><strong>Strom<\/strong><\/td>\n<td align=\"left\">460W<\/td>\n<\/tr>\n<tr>\n<td><strong>Spannung<\/strong><\/td>\n<td align=\"left\">230 V\/1\/50Hz<\/td>\n<\/tr>\n<tr>\n<td><strong>Relative Luftfeuchtigkeit<\/strong><\/td>\n<td align=\"left\">% 40<\/td>\n<\/tr>\n<tr>\n<td><strong>Art der Abtauung<\/strong><\/td>\n<td align=\"left\">Automatisches Hei\u00dfgas<\/td>\n<\/tr>\n<tr>\n<td><strong>Verdunstung<\/strong><\/td>\n<td align=\"left\">Automatisch<\/td>\n<\/tr>\n<tr>\n<td><strong>K\u00e4ltetechnik<\/strong><\/td>\n<td align=\"left\">Bel\u00fcftet<\/td>\n<\/tr>\n<tr>\n<td><strong>K\u00e4ltemittelgas<\/strong><\/td>\n<td align=\"left\">R290<\/td>\n<\/tr>\n<tr>\n<td><strong>Schloss<\/strong><\/td>\n<td align=\"left\">Standard<\/td>\n<\/tr>\n<tr>\n<td><strong>Beleuchtung<\/strong><\/td>\n<td align=\"left\">Led - Standard<\/td>\n<\/tr>\n<\/tbody>\n<\/table>\n<p>&nbsp;<\/p>\n<p><img decoding=\"async\" class=\"alignnone size-full wp-image-125749\" src=\"https:\/\/www.creaearredanegozi.it\/wp-content\/uploads\/2018\/10\/Marilyn-276_Misure.jpg\" alt=\"Marilyn 276\" width=\"100%\" height=\"auto\" title=\"\" srcset=\"https:\/\/www.creaearredanegozi.it\/wp-content\/uploads\/2018\/10\/Marilyn-276_Misure.jpg 794w, https:\/\/www.creaearredanegozi.it\/wp-content\/uploads\/2018\/10\/Marilyn-276_Misure-516x283.jpg 516w, https:\/\/www.creaearredanegozi.it\/wp-content\/uploads\/2018\/10\/Marilyn-276_Misure-64x35.jpg 64w, https:\/\/www.creaearredanegozi.it\/wp-content\/uploads\/2018\/10\/Marilyn-276_Misure-728x400.jpg 728w, https:\/\/www.creaearredanegozi.it\/wp-content\/uploads\/2018\/10\/Marilyn-276_Misure-768x422.jpg 768w\" sizes=\"(max-width: 794px) 100vw, 794px\" \/><\/p>\n<hr \/>\n<p style=\"text-align: center;\">Version f\u00fcr Unterputzmontage verf\u00fcgbar (+2%)<\/p>\n<p><img decoding=\"async\" class=\"alignnone wp-image-125755 size-full\" src=\"https:\/\/www.creaearredanegozi.it\/wp-content\/uploads\/2018\/10\/Marilyn-276-SP.jpg\" alt=\"\" width=\"100%\" height=\"auto\" title=\"\" srcset=\"https:\/\/www.creaearredanegozi.it\/wp-content\/uploads\/2018\/10\/Marilyn-276-SP.jpg 1080w, https:\/\/www.creaearredanegozi.it\/wp-content\/uploads\/2018\/10\/Marilyn-276-SP-516x318.jpg 516w, https:\/\/www.creaearredanegozi.it\/wp-content\/uploads\/2018\/10\/Marilyn-276-SP-64x39.jpg 64w, https:\/\/www.creaearredanegozi.it\/wp-content\/uploads\/2018\/10\/Marilyn-276-SP-650x400.jpg 650w, https:\/\/www.creaearredanegozi.it\/wp-content\/uploads\/2018\/10\/Marilyn-276-SP-768x473.jpg 768w\" sizes=\"(max-width: 1080px) 100vw, 1080px\" \/><\/p>","protected":false},"excerpt":{"rendered":"<p>Vetrina refrigerata +5\/-20 \u00b0C 275 Lt con illuminazione led Marilyn Termodinamica R290 ad alta efficienza Telaio in alluminio anodizzato nero Porta con vetrocamera strutturale a bassa emissivit\u00e0, con vetri esterni temperati e serigrafati Versione cromatica standard: nero Interno interamente in acciaio AISI 304 inossidabile anticorrosione, con lavorazione al laser e finitura lucida a specchio Centralina [&#8230;]","protected":false},"featured_media":16625,"comment_status":"closed","ping_status":"closed","template":"","meta":{"_monsterinsights_skip_tracking":false,"_monsterinsights_sitenote_active":false,"_monsterinsights_sitenote_note":"","_monsterinsights_sitenote_category":0},"product_brand":[],"product_cat":[256,28],"product_tag":[],"class_list":{"0":"post-16627","1":"product","2":"type-product","3":"status-publish","4":"has-post-thumbnail","6":"product_cat-fredde","7":"product_cat-vetrine","8":"product_shipping_class-d","9":"pa_classe-energetica-classe-d","10":"pa_marca-tecfrigo","12":"first","13":"instock","14":"taxable","15":"shipping-taxable","16":"purchasable","17":"product-type-simple"},"_links":{"self":[{"href":"https:\/\/www.creaearredanegozi.it\/de\/wp-json\/wp\/v2\/product\/16627","targetHints":{"allow":["GET"]}}],"collection":[{"href":"https:\/\/www.creaearredanegozi.it\/de\/wp-json\/wp\/v2\/product"}],"about":[{"href":"https:\/\/www.creaearredanegozi.it\/de\/wp-json\/wp\/v2\/types\/product"}],"replies":[{"embeddable":true,"href":"https:\/\/www.creaearredanegozi.it\/de\/wp-json\/wp\/v2\/comments?post=16627"}],"wp:featuredmedia":[{"embeddable":true,"href":"https:\/\/www.creaearredanegozi.it\/de\/wp-json\/wp\/v2\/media\/16625"}],"wp:attachment":[{"href":"https:\/\/www.creaearredanegozi.it\/de\/wp-json\/wp\/v2\/media?parent=16627"}],"wp:term":[{"taxonomy":"product_brand","embeddable":true,"href":"https:\/\/www.creaearredanegozi.it\/de\/wp-json\/wp\/v2\/product_brand?post=16627"},{"taxonomy":"product_cat","embeddable":true,"href":"https:\/\/www.creaearredanegozi.it\/de\/wp-json\/wp\/v2\/product_cat?post=16627"},{"taxonomy":"product_tag","embeddable":true,"href":"https:\/\/www.creaearredanegozi.it\/de\/wp-json\/wp\/v2\/product_tag?post=16627"}],"curies":[{"name":"wp","href":"https:\/\/api.w.org\/{rel}","templated":true}]}}