{"id":16637,"date":"2018-10-01T17:34:58","date_gmt":"2018-10-01T15:34:58","guid":{"rendered":"https:\/\/www.creaearredanegozi.it\/?post_type=product&#038;p=16637"},"modified":"2023-07-03T19:51:35","modified_gmt":"2023-07-03T17:51:35","slug":"kuhlvitrine-14-16-c-650-lt-mit-led-beleuchtung-l-90-cm-tecfrigo","status":"publish","type":"product","link":"https:\/\/www.creaearredanegozi.it\/de\/kuhlvitrine-14-16-c-650-lt-mit-led-beleuchtung-l-90-cm-tecfrigo\/","title":{"rendered":"K\u00fchlvitrine +14\/+16 \u00b0C 650 Lt LED-Beleuchtung f\u00fcr Schokolade Tecfrigo"},"content":{"rendered":"<p><strong>K\u00fchlvitrine +14\/+16 \u00b0C 650 Lt mit LED-Beleuchtung L. 90 cm Tecfrigo:<\/strong><\/p>\n<ul>\n<li>Hocheffiziente R290-Thermodynamik<\/li>\n<li>Schwarz eloxierter Aluminiumrahmen<\/li>\n<li>Doppelt\u00fcr mit niedrigem Emissionsgrad und vorgespannter, siebbedruckter Au\u00dfenverglasung<\/li>\n<li>Standardfarbausf\u00fchrung: schwarz<\/li>\n<li>Innen komplett aus korrosionsbest\u00e4ndigem, laserbearbeitetem Edelstahl AISI 304<br \/>\nund hochglanzpolierte Oberfl\u00e4che<\/li>\n<li>Touchscreen-Bedieneinheit mit kontrastreicher Hintergrundbeleuchtung. Thermometerfunktionen, Steuerung<br \/>\nintegrierte Beleuchtung und ECO-Modus<\/li>\n<li>Gro\u00dfer \"versenkbarer\" Griff, der \u00fcber die gesamte H\u00f6he der T\u00fcr in den Rahmen integriert ist.<\/li>\n<li>Zwei schwenkbare R\u00e4der, zwei davon mit Bremsfunktion<\/li>\n<li>Standardschloss<\/li>\n<\/ul>\n<p><strong>Optional:<\/strong><\/p>\n<ul>\n<li>Zus\u00e4tzlicher Griff.<\/li>\n<li>Farbe Wei\u00df<\/li>\n<\/ul>\n<table class=\"table table-striped\">\n<tbody>\n<tr>\n<td>\n<p class=\"dati_tecnici_label_1\"><strong>Modell<\/strong><\/p>\n<\/td>\n<td>\n<p class=\"dati_tecnici_label_1\"><b>Marilyn 651 Q Ciocco<\/b><\/p>\n<\/td>\n<\/tr>\n<tr>\n<td><strong>Temperatur <\/strong><\/td>\n<td align=\"left\">+14\/+16 \u00b0C<\/td>\n<\/tr>\n<tr>\n<td><strong>Kapazit\u00e4t Lt<\/strong><\/td>\n<td align=\"left\">650<\/td>\n<\/tr>\n<tr>\n<td><strong>Abmessungen mm<\/strong><\/td>\n<td align=\"left\">900x710x1910<\/td>\n<\/tr>\n<tr>\n<td><strong>Pl\u00e4ne<\/strong><\/td>\n<td align=\"left\">Nr. 5 - mm 745\u00d7425<\/td>\n<\/tr>\n<tr>\n<td><strong>Strom<\/strong><\/td>\n<td align=\"left\">700<\/td>\n<\/tr>\n<tr>\n<td><strong>Spannung<\/strong><\/td>\n<td align=\"left\">230 V\/1\/50Hz<\/td>\n<\/tr>\n<tr>\n<td><strong>Relative Luftfeuchtigkeit<\/strong><\/td>\n<td align=\"left\">% 40\/44<\/td>\n<\/tr>\n<tr>\n<td><strong>Art der Abtauung<\/strong><\/td>\n<td align=\"left\">Handbuch<\/td>\n<\/tr>\n<tr>\n<td><strong>Verdunstung<\/strong><\/td>\n<td align=\"left\">Automatisch<\/td>\n<\/tr>\n<tr>\n<td><strong>K\u00e4ltetechnik<\/strong><\/td>\n<td align=\"left\">Bel\u00fcftet<\/td>\n<\/tr>\n<tr>\n<td><strong>K\u00e4ltemittelgas<\/strong><\/td>\n<td align=\"left\">R600a<\/td>\n<\/tr>\n<tr>\n<td><strong>Schloss<\/strong><\/td>\n<td align=\"left\">Standard<\/td>\n<\/tr>\n<tr>\n<td><strong>Beleuchtung<\/strong><\/td>\n<td align=\"left\">Led - Standard<\/td>\n<\/tr>\n<\/tbody>\n<\/table>\n<p>&nbsp;<\/p>","protected":false},"excerpt":{"rendered":"<p>Vetrina refrigerata +14\/+16 \u00b0C 650 Lt con illuminazione led L. 90 cm Tecfrigo: Termodinamica R290 ad alta efficienza Telaio in alluminio anodizzato nero Porta con vetrocamera strutturale a bassa emissivit\u00e0, con vetri esterni temperati e serigrafati Versione cromatica standard: nero Interno interamente in acciaio AISI 304 inossidabile anticorrosione, con lavorazione al laser e finitura lucida [&#8230;]","protected":false},"featured_media":16644,"comment_status":"closed","ping_status":"closed","template":"","meta":{"_monsterinsights_skip_tracking":false,"_monsterinsights_sitenote_active":false,"_monsterinsights_sitenote_note":"","_monsterinsights_sitenote_category":0},"product_brand":[742],"product_cat":[256,708,28,715],"product_tag":[],"class_list":{"0":"post-16637","1":"product","2":"type-product","3":"status-publish","4":"has-post-thumbnail","6":"product_brand-tecfrigo","7":"product_cat-fredde","8":"product_cat-pasticcerie","9":"product_cat-vetrine","10":"product_cat-vetrine-pasticceria","11":"product_shipping_class-45","12":"pa_marca-tecfrigo","14":"first","15":"instock","16":"taxable","17":"shipping-taxable","18":"purchasable","19":"product-type-simple"},"_links":{"self":[{"href":"https:\/\/www.creaearredanegozi.it\/de\/wp-json\/wp\/v2\/product\/16637","targetHints":{"allow":["GET"]}}],"collection":[{"href":"https:\/\/www.creaearredanegozi.it\/de\/wp-json\/wp\/v2\/product"}],"about":[{"href":"https:\/\/www.creaearredanegozi.it\/de\/wp-json\/wp\/v2\/types\/product"}],"replies":[{"embeddable":true,"href":"https:\/\/www.creaearredanegozi.it\/de\/wp-json\/wp\/v2\/comments?post=16637"}],"wp:featuredmedia":[{"embeddable":true,"href":"https:\/\/www.creaearredanegozi.it\/de\/wp-json\/wp\/v2\/media\/16644"}],"wp:attachment":[{"href":"https:\/\/www.creaearredanegozi.it\/de\/wp-json\/wp\/v2\/media?parent=16637"}],"wp:term":[{"taxonomy":"product_brand","embeddable":true,"href":"https:\/\/www.creaearredanegozi.it\/de\/wp-json\/wp\/v2\/product_brand?post=16637"},{"taxonomy":"product_cat","embeddable":true,"href":"https:\/\/www.creaearredanegozi.it\/de\/wp-json\/wp\/v2\/product_cat?post=16637"},{"taxonomy":"product_tag","embeddable":true,"href":"https:\/\/www.creaearredanegozi.it\/de\/wp-json\/wp\/v2\/product_tag?post=16637"}],"curies":[{"name":"wp","href":"https:\/\/api.w.org\/{rel}","templated":true}]}}