{"id":16650,"date":"2018-10-01T18:50:56","date_gmt":"2018-10-01T16:50:56","guid":{"rendered":"https:\/\/www.creaearredanegozi.it\/?post_type=product&#038;p=16650"},"modified":"2023-07-03T19:51:35","modified_gmt":"2023-07-03T17:51:35","slug":"kuhlvitrine-15-21-c-inverter-650-lt-mit-led-beleuchtung-l-91-cm-tecfrigo","status":"publish","type":"product","link":"https:\/\/www.creaearredanegozi.it\/de\/kuhlvitrine-15-21-c-inverter-650-lt-mit-led-beleuchtung-l-91-cm-tecfrigo\/","title":{"rendered":"K\u00fchlvitrine -15\/-21 \u00b0C Inverter 650 Lt mit LED-Beleuchtung L. 91 cm Tecfrigo"},"content":{"rendered":"<p><strong>K\u00fchlvitrine -15\/-21 \u00b0C Inverter 650 Lt mit LED Beleuchtung L. 91 cm Tecfrigo:<\/strong><\/p>\n<ul>\n<li>Reduzierter Stromverbrauch bis zu -45%.<\/li>\n<li>Hocheffiziente R290-Thermodynamik.<\/li>\n<li>Einsatz der INVERTER-Technologie zur Verbesserung der Leistung von Vitrinen.<\/li>\n<li>USB-Anschluss.<\/li>\n<li>2,41\" TFT-Farbdisplay.<\/li>\n<li>Verglasung mit niedrigem Emissionsgrad, mit geh\u00e4rtetem, siebbedrucktem Au\u00dfenglas.<\/li>\n<li>Innen komplett aus korrosionsbest\u00e4ndigem Edelstahl AISI 304, laserbehandelt<br \/>\nund hochglanzpolierter Oberfl\u00e4che.<\/li>\n<li>Gro\u00dfer \"versenkbarer\" Griff, der \u00fcber die gesamte H\u00f6he der T\u00fcr in den Rahmen integriert ist.<\/li>\n<\/ul>\n<p><strong>Optional:<\/strong><\/p>\n<ul>\n<li>Zus\u00e4tzlicher Griff.<\/li>\n<li>Anti-Beschlag-Folie nur auf der T\u00fcr oder auf allen Seiten.<\/li>\n<li>Farbe Wei\u00df<\/li>\n<\/ul>\n<p>&nbsp;<\/p>\n<table class=\"table table-striped\">\n<tbody>\n<tr>\n<td>\n<p class=\"dati_tecnici_label_1\"><strong>Modell<\/strong><\/p>\n<\/td>\n<td>\n<p class=\"dati_tecnici_label_1\"><b>Marilyn 650 BTQ INVERTER<\/b><\/p>\n<\/td>\n<\/tr>\n<tr>\n<td><strong>Temperatur <\/strong><\/td>\n<td align=\"left\">-15\/-21 \u00b0C<\/td>\n<\/tr>\n<tr>\n<td><strong>Kapazit\u00e4t Lt<\/strong><\/td>\n<td align=\"left\">650<\/td>\n<\/tr>\n<tr>\n<td><strong>Abmessungen mm<\/strong><\/td>\n<td align=\"left\">910x700x1910<\/td>\n<\/tr>\n<tr>\n<td><strong>Gewicht<\/strong><\/td>\n<td align=\"left\">255 kg<\/td>\n<\/tr>\n<tr>\n<td><strong>Pl\u00e4ne<\/strong><\/td>\n<td align=\"left\">Nr. 5 - mm 745\u00d7425<\/td>\n<\/tr>\n<tr>\n<td><strong>Strom<\/strong><\/td>\n<td align=\"left\">950 W max.<\/td>\n<\/tr>\n<tr>\n<td><strong>Spannung<\/strong><\/td>\n<td align=\"left\">230 V\/1\/50Hz<\/td>\n<\/tr>\n<tr>\n<td><strong>Relative Luftfeuchtigkeit<\/strong><\/td>\n<td align=\"left\">% 40<\/td>\n<\/tr>\n<tr>\n<td><strong>Art der Abtauung<\/strong><\/td>\n<td align=\"left\">Automatisches Hei\u00dfgas<\/td>\n<\/tr>\n<tr>\n<td><strong>Verdunstung<\/strong><\/td>\n<td align=\"left\">Automatisch<\/td>\n<\/tr>\n<tr>\n<td><strong>K\u00e4ltetechnik<\/strong><\/td>\n<td align=\"left\">Bel\u00fcftet<\/td>\n<\/tr>\n<tr>\n<td><strong>K\u00e4ltemittelgas<\/strong><\/td>\n<td align=\"left\">R290<\/td>\n<\/tr>\n<tr>\n<td><strong>Schloss<\/strong><\/td>\n<td align=\"left\">Standard<\/td>\n<\/tr>\n<tr>\n<td><strong>Beleuchtung<\/strong><\/td>\n<td align=\"left\">Led - Standard<\/td>\n<\/tr>\n<\/tbody>\n<\/table>\n<p>&nbsp;<\/p>","protected":false},"excerpt":{"rendered":"<p>Vetrina refrigerata -15\/-21 \u00b0C inverter 650 Lt con illuminazione led L. 91 cm Tecfrigo: Ridotto consumo energetico, consumi ridotti fino a -45%. Termodinamica R290 ad alta efficienza. Utilizzo della tecnologia INVERTER per migliorare le prestazioni della vetrina. Porta USB. Display a colori TFT da 2,41\u201d. Vetrocamere a basso coeffi ciente di emissivit\u00e0, con vetri esterni [&#8230;]","protected":false},"featured_media":16649,"comment_status":"closed","ping_status":"closed","template":"","meta":{"_monsterinsights_skip_tracking":false,"_monsterinsights_sitenote_active":false,"_monsterinsights_sitenote_note":"","_monsterinsights_sitenote_category":0},"product_brand":[],"product_cat":[256,28],"product_tag":[],"class_list":{"0":"post-16650","1":"product","2":"type-product","3":"status-publish","4":"has-post-thumbnail","6":"product_cat-fredde","7":"product_cat-vetrine","8":"product_shipping_class-l","9":"pa_marca-tecfrigo","11":"first","12":"instock","13":"taxable","14":"shipping-taxable","15":"purchasable","16":"product-type-simple"},"_links":{"self":[{"href":"https:\/\/www.creaearredanegozi.it\/de\/wp-json\/wp\/v2\/product\/16650","targetHints":{"allow":["GET"]}}],"collection":[{"href":"https:\/\/www.creaearredanegozi.it\/de\/wp-json\/wp\/v2\/product"}],"about":[{"href":"https:\/\/www.creaearredanegozi.it\/de\/wp-json\/wp\/v2\/types\/product"}],"replies":[{"embeddable":true,"href":"https:\/\/www.creaearredanegozi.it\/de\/wp-json\/wp\/v2\/comments?post=16650"}],"wp:featuredmedia":[{"embeddable":true,"href":"https:\/\/www.creaearredanegozi.it\/de\/wp-json\/wp\/v2\/media\/16649"}],"wp:attachment":[{"href":"https:\/\/www.creaearredanegozi.it\/de\/wp-json\/wp\/v2\/media?parent=16650"}],"wp:term":[{"taxonomy":"product_brand","embeddable":true,"href":"https:\/\/www.creaearredanegozi.it\/de\/wp-json\/wp\/v2\/product_brand?post=16650"},{"taxonomy":"product_cat","embeddable":true,"href":"https:\/\/www.creaearredanegozi.it\/de\/wp-json\/wp\/v2\/product_cat?post=16650"},{"taxonomy":"product_tag","embeddable":true,"href":"https:\/\/www.creaearredanegozi.it\/de\/wp-json\/wp\/v2\/product_tag?post=16650"}],"curies":[{"name":"wp","href":"https:\/\/api.w.org\/{rel}","templated":true}]}}