{"id":16678,"date":"2018-10-03T10:56:44","date_gmt":"2018-10-03T08:56:44","guid":{"rendered":"https:\/\/www.creaearredanegozi.it\/?post_type=product&#038;p=16678"},"modified":"2023-10-19T12:17:16","modified_gmt":"2023-10-19T10:17:16","slug":"vetrina-refrigerata-4-10-c-450-lt-ripiani-girevoli-con-illuminazione-led-l-70-cm-tecfrigo","status":"publish","type":"product","link":"https:\/\/www.creaearredanegozi.it\/de\/vetrina-refrigerata-4-10-c-450-lt-ripiani-girevoli-con-illuminazione-led-l-70-cm-tecfrigo\/","title":{"rendered":"K\u00fchlvitrine +4\/+10 \u00b0C 450 Lt drehbare Regale mit LED-Beleuchtung Tecfrigo"},"content":{"rendered":"<p><strong>TN 450-Liter-K\u00fchlvitrine mit drehbaren Regalen und LED-Beleuchtung L. 70 cm Tecfrigo:<\/strong><\/p>\n<ul>\n<li>Die Diva-Linie hat einen hochglanzpolierten Vollaluminiumrahmen mit einem gro\u00dfen, einteiligen Edelstahlgriff \u00fcber die gesamte L\u00e4nge der T\u00fcr.<\/li>\n<li>L\u00fcftungsgitter und gelaserter Innenboden aus Edelstahl.<\/li>\n<li>Dreischeiben-Doppelverglasung auf jeder Seite, gerahmt und versiegelt, mit Trockenluftisolierung, f\u00fcr maximale Isolierleistung.<\/li>\n<li>LED-Beleuchtung mit hoher Lichtausbeute und Energieeinsparung.<\/li>\n<li>Wahl der LED-Farbtemperatur: 3.000 K oder 6.500 K.<\/li>\n<li>Stabile Lenkrollen, mit und ohne Bremse, aus verchromtem Edelstahl.<\/li>\n<li>Hocheffiziente R290-Thermodynamik.<\/li>\n<li>Selbstschlie\u00dfende T\u00fcr \u00fcber hydraulisches Scharnier.<\/li>\n<li>Touchscreen-Bedieneinheit mit wei\u00dfer LED-Hintergrundbeleuchtung und Energiesparfunktion.<\/li>\n<li>5 runde Glasb\u00f6den<\/li>\n<\/ul>\n<p><strong>Optional:<\/strong><\/p>\n<ul>\n<li>Sperre.<\/li>\n<\/ul>\n<table class=\"table table-striped\">\n<tbody>\n<tr>\n<td>\n<p class=\"dati_tecnici_label_1\"><strong>Modell<\/strong><\/p>\n<\/td>\n<td>\n<p class=\"dati_tecnici_label_1\"><b>DIVA 451 R<\/b><\/p>\n<\/td>\n<\/tr>\n<tr>\n<td><strong>Temperatur <\/strong><\/td>\n<td align=\"left\">+4\/+10 \u00b0C<\/td>\n<\/tr>\n<tr>\n<td><strong>Kapazit\u00e4t Lt<\/strong><\/td>\n<td align=\"left\">450<\/td>\n<\/tr>\n<tr>\n<td><strong>Abmessungen mm<\/strong><\/td>\n<td align=\"left\">700x680x1875<\/td>\n<\/tr>\n<tr>\n<td><strong>Gewicht<\/strong><\/td>\n<td align=\"left\">173 kg<\/td>\n<\/tr>\n<tr>\n<td><strong>Pl\u00e4ne<\/strong><\/td>\n<td align=\"left\">N. 5 &#8211; \u00d8 mm. 465<\/td>\n<\/tr>\n<tr>\n<td><strong>Strom<\/strong><\/td>\n<td align=\"left\">450 W<\/td>\n<\/tr>\n<tr>\n<td><strong>Spannung<\/strong><\/td>\n<td align=\"left\">230 V\/1\/50Hz<\/td>\n<\/tr>\n<tr>\n<td><strong>Relative Luftfeuchtigkeit<\/strong><\/td>\n<td align=\"left\">% 75<\/td>\n<\/tr>\n<tr>\n<td><strong>Art der Abtauung<\/strong><\/td>\n<td align=\"left\">Automatische Pause<\/td>\n<\/tr>\n<tr>\n<td><strong>Verdunstung<\/strong><\/td>\n<td align=\"left\">Automatisch<\/td>\n<\/tr>\n<tr>\n<td><strong>K\u00e4ltetechnik<\/strong><\/td>\n<td align=\"left\">Bel\u00fcftet<\/td>\n<\/tr>\n<tr>\n<td><strong>K\u00e4ltemittelgas<\/strong><\/td>\n<td align=\"left\">R290<\/td>\n<\/tr>\n<tr>\n<td><strong>Schloss<\/strong><\/td>\n<td align=\"left\">Optional<\/td>\n<\/tr>\n<tr>\n<td><strong>Beleuchtung<\/strong><\/td>\n<td align=\"left\">Led - Standard<\/td>\n<\/tr>\n<\/tbody>\n<\/table>\n<p>&nbsp;<\/p>","protected":false},"excerpt":{"rendered":"<p>Vetrina refrigerata TN 450 Lt ripiani girevoli con illuminazione led L. 70 cm Tecfrigo: La linea Diva ha un telaio interamente in alluminio a finitura lucida a specchio, con ampia maniglia monoblocco incorporata in acciaio inox su tutta la lunghezza della porta. Griglie di ventilazione e fondo interno in acciaio inox rifinito al laser. Doppia [&#8230;]","protected":false},"featured_media":125965,"comment_status":"closed","ping_status":"closed","template":"","meta":{"_monsterinsights_skip_tracking":false,"_monsterinsights_sitenote_active":false,"_monsterinsights_sitenote_note":"","_monsterinsights_sitenote_category":0},"product_brand":[742],"product_cat":[256,28],"product_tag":[],"class_list":{"0":"post-16678","1":"product","2":"type-product","3":"status-publish","4":"has-post-thumbnail","6":"product_brand-tecfrigo","7":"product_cat-fredde","8":"product_cat-vetrine","9":"product_shipping_class-m","10":"pa_classe-energetica-classe-c","11":"pa_marca-tecfrigo","13":"first","14":"instock","15":"taxable","16":"shipping-taxable","17":"purchasable","18":"product-type-simple"},"_links":{"self":[{"href":"https:\/\/www.creaearredanegozi.it\/de\/wp-json\/wp\/v2\/product\/16678","targetHints":{"allow":["GET"]}}],"collection":[{"href":"https:\/\/www.creaearredanegozi.it\/de\/wp-json\/wp\/v2\/product"}],"about":[{"href":"https:\/\/www.creaearredanegozi.it\/de\/wp-json\/wp\/v2\/types\/product"}],"replies":[{"embeddable":true,"href":"https:\/\/www.creaearredanegozi.it\/de\/wp-json\/wp\/v2\/comments?post=16678"}],"wp:featuredmedia":[{"embeddable":true,"href":"https:\/\/www.creaearredanegozi.it\/de\/wp-json\/wp\/v2\/media\/125965"}],"wp:attachment":[{"href":"https:\/\/www.creaearredanegozi.it\/de\/wp-json\/wp\/v2\/media?parent=16678"}],"wp:term":[{"taxonomy":"product_brand","embeddable":true,"href":"https:\/\/www.creaearredanegozi.it\/de\/wp-json\/wp\/v2\/product_brand?post=16678"},{"taxonomy":"product_cat","embeddable":true,"href":"https:\/\/www.creaearredanegozi.it\/de\/wp-json\/wp\/v2\/product_cat?post=16678"},{"taxonomy":"product_tag","embeddable":true,"href":"https:\/\/www.creaearredanegozi.it\/de\/wp-json\/wp\/v2\/product_tag?post=16678"}],"curies":[{"name":"wp","href":"https:\/\/api.w.org\/{rel}","templated":true}]}}