{"id":16705,"date":"2018-10-05T16:13:32","date_gmt":"2018-10-05T14:13:32","guid":{"rendered":"https:\/\/www.creaearredanegozi.it\/?post_type=product&#038;p=16705"},"modified":"2023-10-11T20:14:43","modified_gmt":"2023-10-11T18:14:43","slug":"kuhlvitrine-5-18-c-550-lt-mit-led-beleuchtung-l-80-cm-tecfrigo","status":"publish","type":"product","link":"https:\/\/www.creaearredanegozi.it\/de\/kuhlvitrine-5-18-c-550-lt-mit-led-beleuchtung-l-80-cm-tecfrigo\/","title":{"rendered":"K\u00fchlvitrine +5\/-18 \u00b0C 550 Lt mit LED-Beleuchtung L. 80 cm Tecfrigo"},"content":{"rendered":"<p><strong>Positiv\/Negativ-K\u00fchlvitrine f\u00fcr Backwaren mit LED-Beleuchtung L. 80 cm Tecfrigo:<\/strong><\/p>\n<ul>\n<li>Die Diva-Linie hat einen hochglanzpolierten Vollaluminiumrahmen mit einem gro\u00dfen, einteiligen Edelstahlgriff \u00fcber die gesamte L\u00e4nge der T\u00fcr.<\/li>\n<li>Der 14% ist in der Breite und der 22% im Volumen gr\u00f6\u00dfer als die 450-Liter-Basisversion. In der gleichen Tiefe und mit der gleichen Leistung.<\/li>\n<li>H\u00f6henverstellbare Drahtroste.<\/li>\n<li>L\u00fcftungsgitter und gelaserter Innenboden aus Edelstahl.<\/li>\n<li>Dreischeiben-Doppelverglasung auf jeder Seite, gerahmt und versiegelt, mit Trockenluftisolierung, f\u00fcr maximale Isolierleistung.<\/li>\n<li>LED-Beleuchtung mit hoher Lichtausbeute und Energieeinsparung.<\/li>\n<li>Wahl der LED-Farbtemperatur: 3.000 K oder 6.500 K. (opt. Potentiometer)<\/li>\n<li>Stabile Lenkrollen, mit und ohne Bremse, aus verchromtem Edelstahl.<\/li>\n<li>Hocheffiziente R290-Thermodynamik.<\/li>\n<li>Selbstschlie\u00dfende T\u00fcr \u00fcber hydraulisches Scharnier (optional)<\/li>\n<li>Touchscreen-Bedieneinheit mit wei\u00dfer LED-Hintergrundbeleuchtung und Energiesparfunktion.<\/li>\n<\/ul>\n<table class=\"table table-striped\">\n<tbody>\n<tr>\n<td>\n<p class=\"dati_tecnici_label_1\"><strong>Modell<\/strong><\/p>\n<\/td>\n<td>\n<p class=\"dati_tecnici_label_1\"><b>DIVA 551 BTV BIS<\/b><\/p>\n<\/td>\n<\/tr>\n<tr>\n<td><strong>Temperatur <\/strong><\/td>\n<td align=\"left\">+5\/-20 \u00b0C<\/td>\n<\/tr>\n<tr>\n<td><strong>Kapazit\u00e4t Lt<\/strong><\/td>\n<td align=\"left\">550<\/td>\n<\/tr>\n<tr>\n<td><strong>Abmessungen mm<\/strong><\/td>\n<td align=\"left\">800x680x1875<\/td>\n<\/tr>\n<tr>\n<td><strong>Gewicht<\/strong><\/td>\n<td align=\"left\">197 kg<\/td>\n<\/tr>\n<tr>\n<td><strong>Pl\u00e4ne<\/strong><\/td>\n<td align=\"left\">Nr. 5 - mm. 664\u00d7450<\/td>\n<\/tr>\n<tr>\n<td><strong>Strom<\/strong><\/td>\n<td align=\"left\">500 W<\/td>\n<\/tr>\n<tr>\n<td><strong>Spannung<\/strong><\/td>\n<td align=\"left\">230 V\/1\/50Hz<\/td>\n<\/tr>\n<tr>\n<td><strong>Relative Luftfeuchtigkeit<\/strong><\/td>\n<td align=\"left\">% 40<\/td>\n<\/tr>\n<tr>\n<td><strong>Art der Abtauung<\/strong><\/td>\n<td align=\"left\">Automatisches Hei\u00dfgas<\/td>\n<\/tr>\n<tr>\n<td><strong>Verdunstung<\/strong><\/td>\n<td align=\"left\">Automatisch<\/td>\n<\/tr>\n<tr>\n<td><strong>K\u00e4ltetechnik<\/strong><\/td>\n<td align=\"left\">Bel\u00fcftet<\/td>\n<\/tr>\n<tr>\n<td><strong>K\u00e4ltemittelgas<\/strong><\/td>\n<td align=\"left\">R290<\/td>\n<\/tr>\n<tr>\n<td><strong>Schloss<\/strong><\/td>\n<td align=\"left\">Optional<\/td>\n<\/tr>\n<tr>\n<td><strong>Beleuchtung<\/strong><\/td>\n<td align=\"left\">Led - Standard<\/td>\n<\/tr>\n<\/tbody>\n<\/table>\n<p><img decoding=\"async\" class=\"alignnone size-full wp-image-125809 aligncenter\" src=\"https:\/\/www.creaearredanegozi.it\/wp-content\/uploads\/2018\/10\/Misure_551_btv.jpg\" alt=\"\" width=\"100%\" height=\"auto\" title=\"\" srcset=\"https:\/\/www.creaearredanegozi.it\/wp-content\/uploads\/2018\/10\/Misure_551_btv.jpg 432w, https:\/\/www.creaearredanegozi.it\/wp-content\/uploads\/2018\/10\/Misure_551_btv-64x65.jpg 64w, https:\/\/www.creaearredanegozi.it\/wp-content\/uploads\/2018\/10\/Misure_551_btv-391x400.jpg 391w\" sizes=\"(max-width: 432px) 100vw, 432px\" \/><\/p>","protected":false},"excerpt":{"rendered":"<p>Vetrina refrigerata pasticceria positiva\/negativa con illuminazione led L. 80 cm Tecfrigo: La linea Diva ha un telaio interamente in alluminio a finitura lucida a specchio, con ampia maniglia monoblocco incorporata in acciaio inox su tutta la lunghezza della porta. Il 14% di larghezza e il 22% di volume in pi\u00f9, rispetto la versione base da [&#8230;]","protected":false},"featured_media":125808,"comment_status":"closed","ping_status":"closed","template":"","meta":{"_monsterinsights_skip_tracking":false,"_monsterinsights_sitenote_active":false,"_monsterinsights_sitenote_note":"","_monsterinsights_sitenote_category":0},"product_brand":[742],"product_cat":[715,256,708,28],"product_tag":[],"class_list":{"0":"post-16705","1":"product","2":"type-product","3":"status-publish","4":"has-post-thumbnail","6":"product_brand-tecfrigo","7":"product_cat-vetrine-pasticceria","8":"product_cat-fredde","9":"product_cat-pasticcerie","10":"product_cat-vetrine","11":"product_shipping_class-45","12":"pa_classe-energetica-classe-d","13":"pa_marca-tecfrigo","15":"first","16":"instock","17":"taxable","18":"shipping-taxable","19":"purchasable","20":"product-type-simple"},"_links":{"self":[{"href":"https:\/\/www.creaearredanegozi.it\/de\/wp-json\/wp\/v2\/product\/16705","targetHints":{"allow":["GET"]}}],"collection":[{"href":"https:\/\/www.creaearredanegozi.it\/de\/wp-json\/wp\/v2\/product"}],"about":[{"href":"https:\/\/www.creaearredanegozi.it\/de\/wp-json\/wp\/v2\/types\/product"}],"replies":[{"embeddable":true,"href":"https:\/\/www.creaearredanegozi.it\/de\/wp-json\/wp\/v2\/comments?post=16705"}],"wp:featuredmedia":[{"embeddable":true,"href":"https:\/\/www.creaearredanegozi.it\/de\/wp-json\/wp\/v2\/media\/125808"}],"wp:attachment":[{"href":"https:\/\/www.creaearredanegozi.it\/de\/wp-json\/wp\/v2\/media?parent=16705"}],"wp:term":[{"taxonomy":"product_brand","embeddable":true,"href":"https:\/\/www.creaearredanegozi.it\/de\/wp-json\/wp\/v2\/product_brand?post=16705"},{"taxonomy":"product_cat","embeddable":true,"href":"https:\/\/www.creaearredanegozi.it\/de\/wp-json\/wp\/v2\/product_cat?post=16705"},{"taxonomy":"product_tag","embeddable":true,"href":"https:\/\/www.creaearredanegozi.it\/de\/wp-json\/wp\/v2\/product_tag?post=16705"}],"curies":[{"name":"wp","href":"https:\/\/api.w.org\/{rel}","templated":true}]}}