{"id":16716,"date":"2018-10-05T17:48:49","date_gmt":"2018-10-05T15:48:49","guid":{"rendered":"https:\/\/www.creaearredanegozi.it\/?post_type=product&#038;p=16716"},"modified":"2023-07-03T19:51:37","modified_gmt":"2023-07-03T17:51:37","slug":"vetrina-refrigerata-2-porte-10-19-c-800-lt-con-illuminazione-led-l-1355-cm-tecfrigo","status":"publish","type":"product","link":"https:\/\/www.creaearredanegozi.it\/de\/vetrina-refrigerata-2-porte-10-19-c-800-lt-con-illuminazione-led-l-1355-cm-tecfrigo\/","title":{"rendered":"K\u00fchlvitrine 2 T\u00fcren -10\/-19 \u00b0C statisch 800 Lt mit led Beleuchtung L. 135,5 cm Tecfrigo"},"content":{"rendered":"<p><strong>K\u00fchlvitrine 2 T\u00fcren -10\/-19 \u00b0C statisch 800 Lt mit led Beleuchtung L. 135,5 cm Tecfrigo:<\/strong><\/p>\n<ul>\n<li>Die Diva-Linie hat einen hochglanzpolierten Vollaluminiumrahmen mit einem gro\u00dfen, einteiligen Edelstahlgriff \u00fcber die gesamte L\u00e4nge der T\u00fcr.<\/li>\n<li>L\u00fcftungsgitter und gelaserter Innenboden aus Edelstahl.<\/li>\n<li>Evaporatore statico a griglie fisse (n\u00b0 5)<\/li>\n<li>Griglie a filo regolabili in altezza (n\u00b0 1)<\/li>\n<li>Dreischeiben-Doppelverglasung auf jeder Seite, gerahmt und versiegelt, mit Trockenluftisolierung, f\u00fcr maximale Isolierleistung.<\/li>\n<li>Hocheffiziente und energiesparende LED-Beleuchtung.<\/li>\n<li>Wahl der LED-Farbtemperatur: 3.000 K oder 6.500 K.<\/li>\n<li>Stabile Lenkrollen, mit und ohne Bremse, aus verchromtem Edelstahl.<\/li>\n<li>Hocheffiziente R290-Thermodynamik.<\/li>\n<li>Selbstschlie\u00dfende T\u00fcr \u00fcber hydraulisches Scharnier.<\/li>\n<li>Touchscreen-Bedieneinheit mit wei\u00dfer LED-Hintergrundbeleuchtung und Energiesparfunktion.<\/li>\n<\/ul>\n<p><strong>Optional:<\/strong><\/p>\n<ul>\n<li>Sperre.<\/li>\n<li>Anti-Beschlag-Glasfolie nur auf der T\u00fcr oder auf allen Seiten.<\/li>\n<\/ul>\n<table class=\"table table-striped\">\n<tbody>\n<tr>\n<td>\n<p class=\"dati_tecnici_label_1\"><strong>Modell<\/strong><\/p>\n<\/td>\n<td>\n<p class=\"dati_tecnici_label_1\"><b>DIVA 900 GBT<\/b><\/p>\n<\/td>\n<\/tr>\n<tr>\n<td><strong>Temperatur <\/strong><\/td>\n<td align=\"left\">-10\/-19 \u00b0C<\/td>\n<\/tr>\n<tr>\n<td><strong>Kapazit\u00e4t Lt<\/strong><\/td>\n<td align=\"left\">800 (400 pro T\u00fcr)<\/td>\n<\/tr>\n<tr>\n<td><strong>Abmessungen mm<\/strong><\/td>\n<td align=\"left\">1355x680x1910<\/td>\n<\/tr>\n<tr>\n<td><strong>Gewicht<\/strong><\/td>\n<td align=\"left\">340 kg<\/td>\n<\/tr>\n<tr>\n<td><strong>Pl\u00e4ne<\/strong><\/td>\n<td align=\"left\">5 mm. 555\u00d7460<br \/>\n1 mm. 555x450per porta<\/td>\n<\/tr>\n<tr>\n<td><strong>Strom<\/strong><\/td>\n<td align=\"left\">1260 W<\/td>\n<\/tr>\n<tr>\n<td><strong>Spannung<\/strong><\/td>\n<td align=\"left\">230 V\/1\/50Hz<\/td>\n<\/tr>\n<tr>\n<td><strong>Relative Luftfeuchtigkeit<\/strong><\/td>\n<td align=\"left\">% 40<\/td>\n<\/tr>\n<tr>\n<td><strong>Art der Abtauung<\/strong><\/td>\n<td align=\"left\">Handbuch<\/td>\n<\/tr>\n<tr>\n<td><strong>Verdunstung<\/strong><\/td>\n<td align=\"left\">Automatisch<\/td>\n<\/tr>\n<tr>\n<td><strong>K\u00e4ltetechnik<\/strong><\/td>\n<td align=\"left\">Statik<\/td>\n<\/tr>\n<tr>\n<td><strong>K\u00e4ltemittelgas<\/strong><\/td>\n<td align=\"left\">R404a<\/td>\n<\/tr>\n<tr>\n<td><strong>Schloss<\/strong><\/td>\n<td align=\"left\">Optional<\/td>\n<\/tr>\n<tr>\n<td><strong>Beleuchtung<\/strong><\/td>\n<td align=\"left\">Led - Standard<\/td>\n<\/tr>\n<\/tbody>\n<\/table>\n<p>&nbsp;<\/p>","protected":false},"excerpt":{"rendered":"<p>Vetrina refrigerata 2 porte -10\/-19 \u00b0C statico 800 Lt con illuminazione led L. 135,5 cm Tecfrigo: La linea Diva ha un telaio interamente in alluminio a finitura lucida a specchio, con ampia maniglia monoblocco incorporata in acciaio inox su tutta la lunghezza della porta. Griglie di ventilazione e fondo interno in acciaio inox rifinito al [&#8230;]","protected":false},"featured_media":16717,"comment_status":"closed","ping_status":"closed","template":"","meta":{"_monsterinsights_skip_tracking":false,"_monsterinsights_sitenote_active":false,"_monsterinsights_sitenote_note":"","_monsterinsights_sitenote_category":0},"product_brand":[],"product_cat":[256,28],"product_tag":[],"class_list":{"0":"post-16716","1":"product","2":"type-product","3":"status-publish","4":"has-post-thumbnail","6":"product_cat-fredde","7":"product_cat-vetrine","8":"product_shipping_class-45","9":"pa_marca-tecfrigo","11":"first","12":"instock","13":"taxable","14":"shipping-taxable","15":"purchasable","16":"product-type-simple"},"_links":{"self":[{"href":"https:\/\/www.creaearredanegozi.it\/de\/wp-json\/wp\/v2\/product\/16716","targetHints":{"allow":["GET"]}}],"collection":[{"href":"https:\/\/www.creaearredanegozi.it\/de\/wp-json\/wp\/v2\/product"}],"about":[{"href":"https:\/\/www.creaearredanegozi.it\/de\/wp-json\/wp\/v2\/types\/product"}],"replies":[{"embeddable":true,"href":"https:\/\/www.creaearredanegozi.it\/de\/wp-json\/wp\/v2\/comments?post=16716"}],"wp:featuredmedia":[{"embeddable":true,"href":"https:\/\/www.creaearredanegozi.it\/de\/wp-json\/wp\/v2\/media\/16717"}],"wp:attachment":[{"href":"https:\/\/www.creaearredanegozi.it\/de\/wp-json\/wp\/v2\/media?parent=16716"}],"wp:term":[{"taxonomy":"product_brand","embeddable":true,"href":"https:\/\/www.creaearredanegozi.it\/de\/wp-json\/wp\/v2\/product_brand?post=16716"},{"taxonomy":"product_cat","embeddable":true,"href":"https:\/\/www.creaearredanegozi.it\/de\/wp-json\/wp\/v2\/product_cat?post=16716"},{"taxonomy":"product_tag","embeddable":true,"href":"https:\/\/www.creaearredanegozi.it\/de\/wp-json\/wp\/v2\/product_tag?post=16716"}],"curies":[{"name":"wp","href":"https:\/\/api.w.org\/{rel}","templated":true}]}}