{"id":16719,"date":"2018-10-05T18:07:55","date_gmt":"2018-10-05T16:07:55","guid":{"rendered":"https:\/\/www.creaearredanegozi.it\/?post_type=product&#038;p=16719"},"modified":"2023-07-03T19:51:37","modified_gmt":"2023-07-03T17:51:37","slug":"kuhlvitrine-2-turen-5-18-c-800-lt-mit-led-beleuchtung-l-1355-cm-tecfrigo","status":"publish","type":"product","link":"https:\/\/www.creaearredanegozi.it\/de\/kuhlvitrine-2-turen-5-18-c-800-lt-mit-led-beleuchtung-l-1355-cm-tecfrigo\/","title":{"rendered":"K\u00fchlvitrine 2 T\u00fcren +5\/-20 \u00b0C 800 Lt mit LED-Beleuchtung L.135 cm Tecfrigo"},"content":{"rendered":"<p><strong>2-t\u00fcrige K\u00fchlvitrine 800 Liter mit LED-Beleuchtung<\/strong><\/p>\n<p>Die Diva-Linie hat einen hochglanzpolierten Vollaluminiumrahmen mit einem gro\u00dfen, einteiligen Edelstahlgriff \u00fcber die gesamte L\u00e4nge der T\u00fcr.<\/p>\n<p>Getrennte interne Trennung und Temperaturkontrolle f\u00fcr die 2 F\u00e4cher.<\/p>\n<ul>\n<li>L\u00fcftungsgitter und gelaserter Innenboden aus Edelstahl.<\/li>\n<li>Nr. 5 h\u00f6henverstellbare Drahtgitter pro T\u00fcr.<\/li>\n<li>Dreischeiben-Doppelverglasung auf jeder Seite, gerahmt und versiegelt, mit Trockenluftisolierung, f\u00fcr maximale Isolierleistung.<\/li>\n<li>LED-Beleuchtung mit hoher Lichtausbeute und Energieeinsparung.<\/li>\n<li>Vertikale Beleuchtung zur Ausleuchtung aller Regale<\/li>\n<li>Stabile Lenkrollen, mit und ohne Bremse, aus verchromtem Edelstahl.<\/li>\n<li>Hocheffiziente R290-Thermodynamik.<\/li>\n<li>Selbstschlie\u00dfende T\u00fcr \u00fcber hydraulisches Scharnier.<\/li>\n<li>Touchscreen-Bedieneinheit mit wei\u00dfer LED-Hintergrundbeleuchtung und Energiesparfunktion.<\/li>\n<\/ul>\n<p><strong>Optional:<\/strong><\/p>\n<ul>\n<li>Sperre.<\/li>\n<\/ul>\n<table class=\"table table-striped\">\n<tbody>\n<tr>\n<td>\n<p class=\"dati_tecnici_label_1\"><strong>Modell<\/strong><\/p>\n<\/td>\n<td>\n<p class=\"dati_tecnici_label_1\"><b>DIVA 901 BTV BIS<\/b><\/p>\n<\/td>\n<\/tr>\n<tr>\n<td><strong>Temperatur <\/strong><\/td>\n<td align=\"left\">+5\/-20 \u00b0C<\/td>\n<\/tr>\n<tr>\n<td><strong>Kapazit\u00e4t Lt<\/strong><\/td>\n<td align=\"left\">800 (400+400)<\/td>\n<\/tr>\n<tr>\n<td><strong>Abmessungen mm<\/strong><\/td>\n<td align=\"left\">1355x680x1875<\/td>\n<\/tr>\n<tr>\n<td><strong>Gewicht<\/strong><\/td>\n<td align=\"left\">375 kg<\/td>\n<\/tr>\n<tr>\n<td><strong>Pl\u00e4ne<\/strong><\/td>\n<td align=\"left\">Nr. 5 von mm. 555\u00d7450<\/p>\n<p>pro T\u00fcr<\/td>\n<\/tr>\n<tr>\n<td><strong>Strom<\/strong><\/td>\n<td align=\"left\">1020 W<\/td>\n<\/tr>\n<tr>\n<td><strong>Spannung<\/strong><\/td>\n<td align=\"left\">230 V\/1\/50Hz<\/td>\n<\/tr>\n<tr>\n<td><strong>Relative Luftfeuchtigkeit<\/strong><\/td>\n<td align=\"left\">% 70\/40<\/td>\n<\/tr>\n<tr>\n<td><strong>Art der Abtauung<\/strong><\/td>\n<td align=\"left\">Automatisches Hei\u00dfgas<\/td>\n<\/tr>\n<tr>\n<td><strong>Verdunstung<\/strong><\/td>\n<td align=\"left\">Automatisch<\/td>\n<\/tr>\n<tr>\n<td><strong>K\u00e4ltetechnik<\/strong><\/td>\n<td align=\"left\">Bel\u00fcftet<\/td>\n<\/tr>\n<tr>\n<td><strong>K\u00e4ltemittelgas<\/strong><\/td>\n<td align=\"left\">R290<\/td>\n<\/tr>\n<tr>\n<td><strong>Schloss<\/strong><\/td>\n<td align=\"left\">Optional<\/td>\n<\/tr>\n<tr>\n<td><strong>Beleuchtung<\/strong><\/td>\n<td align=\"left\">Led - Standard<\/td>\n<\/tr>\n<\/tbody>\n<\/table>\n<p>&nbsp;<\/p>","protected":false},"excerpt":{"rendered":"<p>Vetrina refrigerata 2 porte 800 Lt con illuminazione led La linea Diva ha un telaio interamente in alluminio a finitura lucida a specchio, con ampia maniglia monoblocco incorporata in acciaio inox su tutta la lunghezza della porta. Separazione interna e controllo temperatura separata per i 2 vani. Griglie di ventilazione e fondo interno in acciaio [&#8230;]","protected":false},"featured_media":123781,"comment_status":"closed","ping_status":"closed","template":"","meta":{"_monsterinsights_skip_tracking":false,"_monsterinsights_sitenote_active":false,"_monsterinsights_sitenote_note":"","_monsterinsights_sitenote_category":0},"product_brand":[742],"product_cat":[256,28,715],"product_tag":[],"class_list":{"0":"post-16719","1":"product","2":"type-product","3":"status-publish","4":"has-post-thumbnail","6":"product_brand-tecfrigo","7":"product_cat-fredde","8":"product_cat-vetrine","9":"product_cat-vetrine-pasticceria","10":"product_shipping_class-45","11":"pa_marca-tecfrigo","13":"first","14":"instock","15":"taxable","16":"shipping-taxable","17":"purchasable","18":"product-type-simple"},"_links":{"self":[{"href":"https:\/\/www.creaearredanegozi.it\/de\/wp-json\/wp\/v2\/product\/16719","targetHints":{"allow":["GET"]}}],"collection":[{"href":"https:\/\/www.creaearredanegozi.it\/de\/wp-json\/wp\/v2\/product"}],"about":[{"href":"https:\/\/www.creaearredanegozi.it\/de\/wp-json\/wp\/v2\/types\/product"}],"replies":[{"embeddable":true,"href":"https:\/\/www.creaearredanegozi.it\/de\/wp-json\/wp\/v2\/comments?post=16719"}],"wp:featuredmedia":[{"embeddable":true,"href":"https:\/\/www.creaearredanegozi.it\/de\/wp-json\/wp\/v2\/media\/123781"}],"wp:attachment":[{"href":"https:\/\/www.creaearredanegozi.it\/de\/wp-json\/wp\/v2\/media?parent=16719"}],"wp:term":[{"taxonomy":"product_brand","embeddable":true,"href":"https:\/\/www.creaearredanegozi.it\/de\/wp-json\/wp\/v2\/product_brand?post=16719"},{"taxonomy":"product_cat","embeddable":true,"href":"https:\/\/www.creaearredanegozi.it\/de\/wp-json\/wp\/v2\/product_cat?post=16719"},{"taxonomy":"product_tag","embeddable":true,"href":"https:\/\/www.creaearredanegozi.it\/de\/wp-json\/wp\/v2\/product_tag?post=16719"}],"curies":[{"name":"wp","href":"https:\/\/api.w.org\/{rel}","templated":true}]}}