{"id":16722,"date":"2018-10-06T09:10:23","date_gmt":"2018-10-06T07:10:23","guid":{"rendered":"https:\/\/www.creaearredanegozi.it\/?post_type=product&#038;p=16722"},"modified":"2023-10-04T10:58:26","modified_gmt":"2023-10-04T08:58:26","slug":"vetrina-refrigerata-2-porte-10-19-c-15-21-c-800-lt-con-illuminazione-led-l-1355-cm-tecfrigo","status":"publish","type":"product","link":"https:\/\/www.creaearredanegozi.it\/de\/vetrina-refrigerata-2-porte-10-19-c-15-21-c-800-lt-con-illuminazione-led-l-1355-cm-tecfrigo\/","title":{"rendered":"2-t\u00fcrige K\u00fchlvitrine Doppeltemperatur -10\/-19 \u00b0C -15\/-21 \u00b0C 800 Lt mit LED-Beleuchtung L. 135 cm Tecfrigo"},"content":{"rendered":"<p><strong>2-t\u00fcrige Tiefk\u00fchlvitrine mit doppelter Temperatur und LED-Beleuchtung L. 135 cm Tecfrigo<\/strong><\/p>\n<p>La Diva GBT-BTV \u00e8 una vetrina congelatore ideale per pasticcerie e gelaterie ed \u00e8 composta, di fatto, da 2 vetrine differenti nello stesso corpo. Ha infatti una separazione interna a vetro camera ed \u00e8 possibile impostare temperature differenti. Una vetrina ha la refrigerazione statica con evaporatori a griglia e l&#8217;altra ha una refrigerazione ventilata con griglie riposizionabili.<\/p>\n<ul>\n<li>Die Diva-Linie hat einen hochglanzpolierten Vollaluminiumrahmen mit einem gro\u00dfen, einteiligen Edelstahlgriff \u00fcber die gesamte L\u00e4nge der T\u00fcr.<\/li>\n<li>L\u00fcftungsgitter und gelaserter Innenboden aus Edelstahl.<\/li>\n<li>Una porta con evaporatore statico a griglie fisse (n\u00b0 5) e 1 griglia a filo regolabile in altezza (n\u00b0 1);<\/li>\n<li>Una porta con N\u00b0 5 griglie a filo regolabili in altezza.<\/li>\n<li>Dreischeiben-Doppelverglasung auf jeder Seite, gerahmt und versiegelt, mit Trockenluftisolierung, f\u00fcr maximale Isolierleistung.<\/li>\n<li>LED-Beleuchtung mit hoher Lichtausbeute und Energieeinsparung.<\/li>\n<li>Wahl der LED-Farbtemperatur: 3.000 K oder 6.500 K.<\/li>\n<li>Stabile Lenkrollen, mit und ohne Bremse, aus verchromtem Edelstahl.<\/li>\n<li>Hocheffiziente R290-Thermodynamik.<\/li>\n<li>Selbstschlie\u00dfende T\u00fcr \u00fcber hydraulisches Scharnier.<\/li>\n<li>Touchscreen-Bedieneinheit mit wei\u00dfer LED-Hintergrundbeleuchtung und Energiesparfunktion.<\/li>\n<\/ul>\n<p><strong>Specifiche:<\/strong><\/p>\n<ul>\n<li>Lato GBT: Refrigerazione statica &#8211; Temperatura -10\/-19\u00b0C &#8211; Dotazione 5 griglie fisse ad evaporatore statico 555&#215;460 mm + 1 griglia mobile 555&#215;450 mm.<\/li>\n<li>Lato BTV: Refrigerazione Ventilata &#8211; Temperatura -15\/-21\u00b0C &#8211; Dotazione 5 griglie mobili 555&#215;450 mm<\/li>\n<\/ul>\n<table class=\"table table-striped\">\n<tbody>\n<tr>\n<td>\n<p class=\"dati_tecnici_label_1\"><strong>Modell<\/strong><\/p>\n<\/td>\n<td>\n<p class=\"dati_tecnici_label_1\"><b>DIVA 901 GBT &#8211; BTV<\/b><\/p>\n<\/td>\n<\/tr>\n<tr>\n<td><strong>Temperatur <\/strong><\/td>\n<td align=\"left\">-10\/-19 \u00b0C (GBT)<\/p>\n<p>-15\/-21 \u00b0C (BTV)<\/td>\n<\/tr>\n<tr>\n<td><strong>Kapazit\u00e4t Lt<\/strong><\/td>\n<td align=\"left\">800 (400 pro T\u00fcr)<\/td>\n<\/tr>\n<tr>\n<td><strong>Abmessungen mm<\/strong><\/td>\n<td align=\"left\">1355x680x1875<\/td>\n<\/tr>\n<tr>\n<td><strong>Gewicht<\/strong><\/td>\n<td align=\"left\">340 kg<\/td>\n<\/tr>\n<tr>\n<td><strong>Pl\u00e4ne<\/strong><\/td>\n<td align=\"left\">1 mm. 555&#215;450-5 mm. 555&#215;450 (GBT)<\/p>\n<p>5 mm. 555&#215;460 (BTV)<\/td>\n<\/tr>\n<tr>\n<td><strong>Absorption<\/strong><\/td>\n<td align=\"left\">950 W<\/td>\n<\/tr>\n<tr>\n<td><strong>Spannung<\/strong><\/td>\n<td align=\"left\">230 V\/1\/50Hz<\/td>\n<\/tr>\n<tr>\n<td><strong>Relative Luftfeuchtigkeit<\/strong><\/td>\n<td align=\"left\">% 40<\/td>\n<\/tr>\n<tr>\n<td><strong>Art der Abtauung<\/strong><\/td>\n<td align=\"left\"><span style=\"font-family: inherit; font-size: inherit;\">Manuale (GBT)<\/span><\/p>\n<p>Automatico a gas caldo (BTV)<\/td>\n<\/tr>\n<tr>\n<td><strong>Verdunstung<\/strong><\/td>\n<td align=\"left\">Automatisch<\/td>\n<\/tr>\n<tr>\n<td><strong>K\u00e4ltetechnik<\/strong><\/td>\n<td align=\"left\">Statica (GBT)<\/p>\n<p>Ventilata (BTV)<\/td>\n<\/tr>\n<tr>\n<td><strong>K\u00e4ltemittelgas<\/strong><\/td>\n<td align=\"left\">R290<\/td>\n<\/tr>\n<tr>\n<td><strong>Schloss<\/strong><\/td>\n<td align=\"left\">Optional<\/td>\n<\/tr>\n<tr>\n<td><strong>Beleuchtung<\/strong><\/td>\n<td align=\"left\">Led - Standard<\/td>\n<\/tr>\n<\/tbody>\n<\/table>\n<p>&nbsp;<\/p>","protected":false},"excerpt":{"rendered":"<p>Vetrina congelatore 2 porte doppia temperatura con illuminazione led L. 135 cm Tecfrigo La Diva GBT-BTV \u00e8 una vetrina congelatore ideale per pasticcerie e gelaterie ed \u00e8 composta, di fatto, da 2 vetrine differenti nello stesso corpo. Ha infatti una separazione interna a vetro camera ed \u00e8 possibile impostare temperature differenti. Una vetrina ha la [&#8230;]","protected":false},"featured_media":125580,"comment_status":"closed","ping_status":"closed","template":"","meta":{"_monsterinsights_skip_tracking":false,"_monsterinsights_sitenote_active":false,"_monsterinsights_sitenote_note":"","_monsterinsights_sitenote_category":0},"product_brand":[742],"product_cat":[715,256,317,708,28],"product_tag":[],"class_list":{"0":"post-16722","1":"product","2":"type-product","3":"status-publish","4":"has-post-thumbnail","6":"product_brand-tecfrigo","7":"product_cat-vetrine-pasticceria","8":"product_cat-fredde","9":"product_cat-gelaterie","10":"product_cat-pasticcerie","11":"product_cat-vetrine","12":"product_shipping_class-367","13":"pa_classe-energetica-classe-d","14":"pa_marca-tecfrigo","16":"first","17":"instock","18":"taxable","19":"shipping-taxable","20":"purchasable","21":"product-type-simple"},"_links":{"self":[{"href":"https:\/\/www.creaearredanegozi.it\/de\/wp-json\/wp\/v2\/product\/16722","targetHints":{"allow":["GET"]}}],"collection":[{"href":"https:\/\/www.creaearredanegozi.it\/de\/wp-json\/wp\/v2\/product"}],"about":[{"href":"https:\/\/www.creaearredanegozi.it\/de\/wp-json\/wp\/v2\/types\/product"}],"replies":[{"embeddable":true,"href":"https:\/\/www.creaearredanegozi.it\/de\/wp-json\/wp\/v2\/comments?post=16722"}],"wp:featuredmedia":[{"embeddable":true,"href":"https:\/\/www.creaearredanegozi.it\/de\/wp-json\/wp\/v2\/media\/125580"}],"wp:attachment":[{"href":"https:\/\/www.creaearredanegozi.it\/de\/wp-json\/wp\/v2\/media?parent=16722"}],"wp:term":[{"taxonomy":"product_brand","embeddable":true,"href":"https:\/\/www.creaearredanegozi.it\/de\/wp-json\/wp\/v2\/product_brand?post=16722"},{"taxonomy":"product_cat","embeddable":true,"href":"https:\/\/www.creaearredanegozi.it\/de\/wp-json\/wp\/v2\/product_cat?post=16722"},{"taxonomy":"product_tag","embeddable":true,"href":"https:\/\/www.creaearredanegozi.it\/de\/wp-json\/wp\/v2\/product_tag?post=16722"}],"curies":[{"name":"wp","href":"https:\/\/api.w.org\/{rel}","templated":true}]}}