{"id":16735,"date":"2018-10-06T10:40:30","date_gmt":"2018-10-06T08:40:30","guid":{"rendered":"https:\/\/www.creaearredanegozi.it\/?post_type=product&#038;p=16735"},"modified":"2024-04-17T20:19:38","modified_gmt":"2024-04-17T18:19:38","slug":"inverter-kuhlvitrine-15-21-c-450-lt-mit-led-beleuchtung-l-700-cm-tecfrigo","status":"publish","type":"product","link":"https:\/\/www.creaearredanegozi.it\/de\/inverter-kuhlvitrine-15-21-c-450-lt-mit-led-beleuchtung-l-700-cm-tecfrigo\/","title":{"rendered":"Inverter-gesteuerte K\u00fchlvitrine -15\/-21 \u00b0C 450 Lt mit LED-Beleuchtung L. 700 cm Tecfrigo"},"content":{"rendered":"<p style=\"text-align: center;\"><strong>Inverter-gesteuerte K\u00fchlvitrine -15\/-21 \u00b0C 450 Lt mit LED-Beleuchtung L. 700 cm Tecfrigo<\/strong><\/p>\n<ul>\n<li>Reduzierter Stromverbrauch bis zu -45%.<\/li>\n<li>Hocheffiziente R290-Thermodynamik.<\/li>\n<li>Einsatz der INVERTER-Technologie zur Verbesserung der Leistung von Vitrinen.<\/li>\n<li>USB-Anschluss.<\/li>\n<li>2,41\" TFT-Farbdisplay.<\/li>\n<li>Wahl der LED-Farbtemperatur: 3.000 K oder 6.500 K.<\/li>\n<li>Ganzaluminiumrahmen mit hochglanzpolierter Oberfl\u00e4che, mit einem gro\u00dfen eingebauten einteiligen Edelstahlgriff \u00fcber die gesamte L\u00e4nge der T\u00fcr.<\/li>\n<li>Lasergefertigte L\u00fcftungsgitter und Innenboden aus Edelstahl.<\/li>\n<li>Dreischeiben-Doppelverglasung auf jeder Seite, gerahmt und versiegelt, mit Trockenluftisolierung, f\u00fcr maximale Isolierleistung.<\/li>\n<li>Stabile Lenkrollen, mit und ohne Bremse.<\/li>\n<\/ul>\n<table class=\"table table-striped\" style=\"width: 100%;\">\n<tbody>\n<tr>\n<td>\n<p class=\"dati_tecnici_label_1\"><strong>Modell<\/strong><\/p>\n<\/td>\n<td>\n<p class=\"dati_tecnici_label_1\"><b>DIVA 451 BTV<\/b><\/p>\n<\/td>\n<\/tr>\n<tr>\n<td><strong>Temperatur <\/strong><\/td>\n<td align=\"left\">-15\/-21 \u00b0C<\/td>\n<\/tr>\n<tr>\n<td><strong>Kapazit\u00e4t Lt<\/strong><\/td>\n<td align=\"left\">450<\/td>\n<\/tr>\n<tr>\n<td><strong>Abmessungen mm<\/strong><\/td>\n<td align=\"left\">700x680x1875<\/td>\n<\/tr>\n<tr>\n<td><strong>Raster<\/strong><\/td>\n<td align=\"left\">Nr. 5 - mm. 555\u00d7450<\/td>\n<\/tr>\n<tr>\n<td><strong>Absorption<\/strong><\/td>\n<td align=\"left\">500W<\/td>\n<\/tr>\n<tr>\n<td><strong>Spannung<\/strong><\/td>\n<td align=\"left\">230 V\/1\/50Hz<\/td>\n<\/tr>\n<tr>\n<td><strong>Relative Luftfeuchtigkeit<\/strong><\/td>\n<td align=\"left\">% 40<\/td>\n<\/tr>\n<tr>\n<td><strong>Art der Abtauung<\/strong><\/td>\n<td align=\"left\"><span style=\"font-family: inherit; font-size: inherit;\">Automatisches Hei\u00dfgas<\/span><\/td>\n<\/tr>\n<tr>\n<td><strong>Verdunstung<\/strong><\/td>\n<td align=\"left\">Automatisch<\/td>\n<\/tr>\n<tr>\n<td><strong>K\u00e4ltetechnik<\/strong><\/td>\n<td align=\"left\">Bel\u00fcftet<\/td>\n<\/tr>\n<tr>\n<td><strong>K\u00e4ltemittelgas<\/strong><\/td>\n<td align=\"left\">R290<\/td>\n<\/tr>\n<tr>\n<td><strong>Schloss<\/strong><\/td>\n<td align=\"left\">Optional<\/td>\n<\/tr>\n<tr>\n<td><strong>Beleuchtung<\/strong><\/td>\n<td align=\"left\">Led - Standard<\/td>\n<\/tr>\n<\/tbody>\n<\/table>\n<p>&nbsp;<\/p>","protected":false},"excerpt":{"rendered":"<p>Vetrina refrigerata inverter -15\/-21 \u00b0C 450 Lt con illuminazione led L. 700 cm Tecfrigo Ridotto consumo energetico, consumi ridotti fino a -45%. Termodinamica R290 ad alta efficienza. Utilizzo della tecnologia INVERTER per migliorare le prestazioni della vetrina. Porta USB. Display a colori TFT da 2,41\u201d. Temperatura di colore LED a scelta: 3.000 K o 6.500 [&#8230;]","protected":false},"featured_media":127763,"comment_status":"closed","ping_status":"closed","template":"","meta":{"_monsterinsights_skip_tracking":false,"_monsterinsights_sitenote_active":false,"_monsterinsights_sitenote_note":"","_monsterinsights_sitenote_category":0},"product_brand":[742],"product_cat":[256,28],"product_tag":[],"class_list":{"0":"post-16735","1":"product","2":"type-product","3":"status-publish","4":"has-post-thumbnail","6":"product_brand-tecfrigo","7":"product_cat-fredde","8":"product_cat-vetrine","9":"pa_marca-tecfrigo","11":"first","12":"instock","13":"taxable","14":"shipping-taxable","15":"purchasable","16":"product-type-simple"},"_links":{"self":[{"href":"https:\/\/www.creaearredanegozi.it\/de\/wp-json\/wp\/v2\/product\/16735","targetHints":{"allow":["GET"]}}],"collection":[{"href":"https:\/\/www.creaearredanegozi.it\/de\/wp-json\/wp\/v2\/product"}],"about":[{"href":"https:\/\/www.creaearredanegozi.it\/de\/wp-json\/wp\/v2\/types\/product"}],"replies":[{"embeddable":true,"href":"https:\/\/www.creaearredanegozi.it\/de\/wp-json\/wp\/v2\/comments?post=16735"}],"wp:featuredmedia":[{"embeddable":true,"href":"https:\/\/www.creaearredanegozi.it\/de\/wp-json\/wp\/v2\/media\/127763"}],"wp:attachment":[{"href":"https:\/\/www.creaearredanegozi.it\/de\/wp-json\/wp\/v2\/media?parent=16735"}],"wp:term":[{"taxonomy":"product_brand","embeddable":true,"href":"https:\/\/www.creaearredanegozi.it\/de\/wp-json\/wp\/v2\/product_brand?post=16735"},{"taxonomy":"product_cat","embeddable":true,"href":"https:\/\/www.creaearredanegozi.it\/de\/wp-json\/wp\/v2\/product_cat?post=16735"},{"taxonomy":"product_tag","embeddable":true,"href":"https:\/\/www.creaearredanegozi.it\/de\/wp-json\/wp\/v2\/product_tag?post=16735"}],"curies":[{"name":"wp","href":"https:\/\/api.w.org\/{rel}","templated":true}]}}