{"id":16740,"date":"2018-10-06T11:56:47","date_gmt":"2018-10-06T09:56:47","guid":{"rendered":"https:\/\/www.creaearredanegozi.it\/?post_type=product&#038;p=16740"},"modified":"2024-03-18T20:09:53","modified_gmt":"2024-03-18T19:09:53","slug":"kuhlvitrine-fur-schokolade-4-10-c-350-lt-mit-led-beleuchtung-l-595-cm-tecfrigo","status":"publish","type":"product","link":"https:\/\/www.creaearredanegozi.it\/de\/kuhlvitrine-fur-schokolade-4-10-c-350-lt-mit-led-beleuchtung-l-595-cm-tecfrigo\/","title":{"rendered":"Positiv-K\u00fchlvitrine +4\/+10 \u00b0C 350 Lt mit LED-Beleuchtung L. 59,5 cm Tecfrigo"},"content":{"rendered":"<p style=\"text-align: center;\"><strong>K\u00fchlvitrine +4\/+10 \u00b0C 350 Lt mit Tecfrigo LED Beleuchtung<\/strong><\/p>\n<ul>\n<li>Die Snelle-Linie verf\u00fcgt in allen Versionen \u00fcber einen Rahmen, der vollst\u00e4ndig aus stranggepresstem, eloxiertem Aluminium besteht.<\/li>\n<li>Erh\u00e4ltlich in den Standardfarben Silber und Bronze.<\/li>\n<li>L\u00fcftungsgitter aus rostfreiem Stahl AISI 304.<\/li>\n<li>Dreischeiben-Doppelverglasung auf jeder Seite, gerahmt und versiegelt, mit Trockenluftisolierung, f\u00fcr maximale Isolierleistung.<\/li>\n<li>LED-Beleuchtung mit hoher Lichtausbeute und Energieeinsparung.<\/li>\n<li>Elektronische Steuereinheit mit Display und Bedienfeld mit transparenter Schutzt\u00fcr.<\/li>\n<li>Edelstahl-Lenkrollen.<\/li>\n<li>Wiederverwendbare Drahtgitter<\/li>\n<\/ul>\n<p><strong>Optional:<\/strong><\/p>\n<ul>\n<li>Sperre.<\/li>\n<\/ul>\n<table class=\"table table-striped\">\n<tbody>\n<tr>\n<td>\n<p class=\"dati_tecnici_label_1\"><strong>Modell<\/strong><\/p>\n<\/td>\n<td>\n<p class=\"dati_tecnici_label_1\"><b>Schlank 351 G<\/b><\/p>\n<\/td>\n<\/tr>\n<tr>\n<td><strong>Temperatur <\/strong><\/td>\n<td align=\"left\">+4\/+10 \u00b0C<\/td>\n<\/tr>\n<tr>\n<td><strong>Kapazit\u00e4t Lt<\/strong><\/td>\n<td align=\"left\">350<\/td>\n<\/tr>\n<tr>\n<td><strong>Abmessungen mm<\/strong><\/td>\n<td align=\"left\">595x645x1780<\/td>\n<\/tr>\n<tr>\n<td><strong>Gewicht<\/strong><\/td>\n<td align=\"left\">139 kg<\/td>\n<\/tr>\n<tr>\n<td><strong>Raster<\/strong><\/td>\n<td align=\"left\">Nr. 5 - mm. 450\u00d7450<\/td>\n<\/tr>\n<tr>\n<td><strong>Strom<\/strong><\/td>\n<td align=\"left\">440W<\/td>\n<\/tr>\n<tr>\n<td><strong>Spannung<\/strong><\/td>\n<td align=\"left\">230 V\/1\/50Hz<\/td>\n<\/tr>\n<tr>\n<td><strong>Relative Luftfeuchtigkeit<\/strong><\/td>\n<td align=\"left\">% 75<\/td>\n<\/tr>\n<tr>\n<td><strong>Art der Abtauung<\/strong><\/td>\n<td align=\"left\"><span style=\"font-family: inherit; font-size: inherit;\">Automatische Pause<\/span><\/td>\n<\/tr>\n<tr>\n<td><strong>Verdunstung<\/strong><\/td>\n<td align=\"left\">Automatisch<\/td>\n<\/tr>\n<tr>\n<td><strong>K\u00e4ltetechnik<\/strong><\/td>\n<td align=\"left\">Bel\u00fcftet<\/td>\n<\/tr>\n<tr>\n<td><strong>K\u00e4ltemittelgas<\/strong><\/td>\n<td align=\"left\">R290<\/td>\n<\/tr>\n<tr>\n<td><strong>Schloss<\/strong><\/td>\n<td align=\"left\">Optional<\/td>\n<\/tr>\n<tr>\n<td><strong>Beleuchtung<\/strong><\/td>\n<td align=\"left\">Led - Standard<\/td>\n<\/tr>\n<\/tbody>\n<\/table>\n<p>&nbsp;<\/p>","protected":false},"excerpt":{"rendered":"<p>Vetrina refrigerata +4\/+10 \u00b0C 350 Lt con illuminazione led Tecfrigo La linea Snelle vanta in tutte le sue versioni un telaio interamente in alluminio anodizzato estruso. Disponibile nei colori standard argento e bronzo. Griglie di ventilazione in acciaio inossidabile AISI 304. Doppia vetrocamera a tre lastre su ogni lato, intelaiata e sigillata, con isolamento ad [&#8230;]","protected":false},"featured_media":127335,"comment_status":"closed","ping_status":"closed","template":"","meta":{"_monsterinsights_skip_tracking":false,"_monsterinsights_sitenote_active":false,"_monsterinsights_sitenote_note":"","_monsterinsights_sitenote_category":0},"product_brand":[742],"product_cat":[256,708,28,715],"product_tag":[],"class_list":{"0":"post-16740","1":"product","2":"type-product","3":"status-publish","4":"has-post-thumbnail","6":"product_brand-tecfrigo","7":"product_cat-fredde","8":"product_cat-pasticcerie","9":"product_cat-vetrine","10":"product_cat-vetrine-pasticceria","11":"product_shipping_class-33","12":"pa_classe-energetica-classe-c","13":"pa_marca-tecfrigo","15":"first","16":"instock","17":"taxable","18":"shipping-taxable","19":"purchasable","20":"product-type-simple"},"_links":{"self":[{"href":"https:\/\/www.creaearredanegozi.it\/de\/wp-json\/wp\/v2\/product\/16740","targetHints":{"allow":["GET"]}}],"collection":[{"href":"https:\/\/www.creaearredanegozi.it\/de\/wp-json\/wp\/v2\/product"}],"about":[{"href":"https:\/\/www.creaearredanegozi.it\/de\/wp-json\/wp\/v2\/types\/product"}],"replies":[{"embeddable":true,"href":"https:\/\/www.creaearredanegozi.it\/de\/wp-json\/wp\/v2\/comments?post=16740"}],"wp:featuredmedia":[{"embeddable":true,"href":"https:\/\/www.creaearredanegozi.it\/de\/wp-json\/wp\/v2\/media\/127335"}],"wp:attachment":[{"href":"https:\/\/www.creaearredanegozi.it\/de\/wp-json\/wp\/v2\/media?parent=16740"}],"wp:term":[{"taxonomy":"product_brand","embeddable":true,"href":"https:\/\/www.creaearredanegozi.it\/de\/wp-json\/wp\/v2\/product_brand?post=16740"},{"taxonomy":"product_cat","embeddable":true,"href":"https:\/\/www.creaearredanegozi.it\/de\/wp-json\/wp\/v2\/product_cat?post=16740"},{"taxonomy":"product_tag","embeddable":true,"href":"https:\/\/www.creaearredanegozi.it\/de\/wp-json\/wp\/v2\/product_tag?post=16740"}],"curies":[{"name":"wp","href":"https:\/\/api.w.org\/{rel}","templated":true}]}}