{"id":16869,"date":"2018-10-13T11:31:07","date_gmt":"2018-10-13T09:31:07","guid":{"rendered":"https:\/\/www.creaearredanegozi.it\/?post_type=product&#038;p=16869"},"modified":"2024-03-18T17:09:03","modified_gmt":"2024-03-18T16:09:03","slug":"kuhlvitrine-2-facher-4-10-c-1000-lt-mit-led-beleuchtung-l-135-cm-tecfrigo","status":"publish","type":"product","link":"https:\/\/www.creaearredanegozi.it\/de\/kuhlvitrine-2-facher-4-10-c-1000-lt-mit-led-beleuchtung-l-135-cm-tecfrigo\/","title":{"rendered":"K\u00fchlvitrine 2 F\u00e4cher +4\/+10 \u00b0C 1000 Lt mit LED-Beleuchtung L. 135 cm Tecfrigo"},"content":{"rendered":"<p><strong>K\u00fchlvitrine 2 F\u00e4cher +4\/+10 \u00b0C 1000 Lt mit LED-Beleuchtung L. 114 cm Tecfrigo:<\/strong><\/p>\n<ul>\n<li>Die Snelle-Linie verf\u00fcgt in allen Versionen \u00fcber einen Rahmen, der vollst\u00e4ndig aus eloxiertem Aluminium besteht<br \/>\nstranggepresst.<\/li>\n<li>Erh\u00e4ltlich in den Standardfarben Silber und Bronze.<\/li>\n<li>L\u00fcftungsgitter aus rostfreiem Stahl AISI 304.<\/li>\n<li>Drei-Scheiben-Doppelverglasung auf jeder Seite, gerahmt und abgedichtet, mit Luftisolierung<br \/>\ntrocken, f\u00fcr maximale Isolierleistung.<\/li>\n<li>LED-Beleuchtung mit hoher Lichtausbeute und Energieeinsparung.<\/li>\n<li>Elektronische Steuereinheit mit Display und Bedienfeld mit transparenter Schutzt\u00fcr.<\/li>\n<li>Edelstahl-Lenkrollen.<\/li>\n<li>H\u00f6henverstellbare Drahtroste.<\/li>\n<\/ul>\n<p><strong>Optional:<\/strong><\/p>\n<ul>\n<li>Sperre.<\/li>\n<\/ul>\n<table class=\"table table-striped\">\n<tbody>\n<tr>\n<td>\n<p class=\"dati_tecnici_label_1\"><strong>Modell<\/strong><\/p>\n<\/td>\n<td>\n<p class=\"dati_tecnici_label_1\"><b>Slender 1010 GBT-G<\/b><\/p>\n<\/td>\n<\/tr>\n<tr>\n<td><strong>Temperatur <\/strong><\/td>\n<td align=\"left\">+4\/+10 \u00b0C<\/td>\n<\/tr>\n<tr>\n<td><strong>Kapazit\u00e4t Lt<\/strong><\/td>\n<td align=\"left\">1000<\/td>\n<\/tr>\n<tr>\n<td><strong>Abmessungen mm<\/strong><\/td>\n<td align=\"left\">1350x770x1810<\/td>\n<\/tr>\n<tr>\n<td><strong>Gewicht<\/strong><\/td>\n<td align=\"left\">256 kg<\/td>\n<\/tr>\n<tr>\n<td><strong>Raster<\/strong><\/td>\n<td align=\"left\">Nr. 10 - mm. 560\u00d7555<\/td>\n<\/tr>\n<tr>\n<td><strong>Strom<\/strong><\/td>\n<td align=\"left\">800 W<\/td>\n<\/tr>\n<tr>\n<td><strong>Spannung<\/strong><\/td>\n<td align=\"left\">230 V\/1\/50Hz<\/td>\n<\/tr>\n<tr>\n<td><strong>Relative Luftfeuchtigkeit<\/strong><\/td>\n<td align=\"left\">% 75<\/td>\n<\/tr>\n<tr>\n<td><strong>Art der Abtauung<\/strong><\/td>\n<td align=\"left\">Automatische Pause<\/td>\n<\/tr>\n<tr>\n<td><strong>Verdunstung<\/strong><\/td>\n<td align=\"left\">Automatisch<\/td>\n<\/tr>\n<tr>\n<td><strong>K\u00e4ltetechnik<\/strong><\/td>\n<td align=\"left\">Bel\u00fcftet<\/td>\n<\/tr>\n<tr>\n<td><strong>K\u00e4ltemittelgas<\/strong><\/td>\n<td align=\"left\">R134A<\/td>\n<\/tr>\n<tr>\n<td><strong>Schloss<\/strong><\/td>\n<td align=\"left\">Optional<\/td>\n<\/tr>\n<tr>\n<td><strong>Beleuchtung<\/strong><\/td>\n<td align=\"left\">Led - Standard<\/td>\n<\/tr>\n<\/tbody>\n<\/table>\n<p>&nbsp;<\/p>","protected":false},"excerpt":{"rendered":"<p>Vetrina refrigerata 2 vani +4\/+10 \u00b0C 1000 Lt con illuminazione led L. 114 cm Tecfrigo: La linea Snelle vanta in tutte le sue versioni un telaio interamente in alluminio anodizzato estruso. Disponibile nei colori standard argento e bronzo. Griglie di ventilazione in acciaio inossidabile AISI 304. Doppia vetrocamera a tre lastre su ogni lato, intelaiata [&#8230;]","protected":false},"featured_media":16870,"comment_status":"closed","ping_status":"closed","template":"","meta":{"_monsterinsights_skip_tracking":false,"_monsterinsights_sitenote_active":false,"_monsterinsights_sitenote_note":"","_monsterinsights_sitenote_category":0},"product_brand":[],"product_cat":[256,28],"product_tag":[],"class_list":{"0":"post-16869","1":"product","2":"type-product","3":"status-publish","4":"has-post-thumbnail","6":"product_cat-fredde","7":"product_cat-vetrine","8":"product_shipping_class-d","9":"pa_marca-tecfrigo","11":"first","12":"instock","13":"taxable","14":"shipping-taxable","15":"purchasable","16":"product-type-simple"},"_links":{"self":[{"href":"https:\/\/www.creaearredanegozi.it\/de\/wp-json\/wp\/v2\/product\/16869","targetHints":{"allow":["GET"]}}],"collection":[{"href":"https:\/\/www.creaearredanegozi.it\/de\/wp-json\/wp\/v2\/product"}],"about":[{"href":"https:\/\/www.creaearredanegozi.it\/de\/wp-json\/wp\/v2\/types\/product"}],"replies":[{"embeddable":true,"href":"https:\/\/www.creaearredanegozi.it\/de\/wp-json\/wp\/v2\/comments?post=16869"}],"wp:featuredmedia":[{"embeddable":true,"href":"https:\/\/www.creaearredanegozi.it\/de\/wp-json\/wp\/v2\/media\/16870"}],"wp:attachment":[{"href":"https:\/\/www.creaearredanegozi.it\/de\/wp-json\/wp\/v2\/media?parent=16869"}],"wp:term":[{"taxonomy":"product_brand","embeddable":true,"href":"https:\/\/www.creaearredanegozi.it\/de\/wp-json\/wp\/v2\/product_brand?post=16869"},{"taxonomy":"product_cat","embeddable":true,"href":"https:\/\/www.creaearredanegozi.it\/de\/wp-json\/wp\/v2\/product_cat?post=16869"},{"taxonomy":"product_tag","embeddable":true,"href":"https:\/\/www.creaearredanegozi.it\/de\/wp-json\/wp\/v2\/product_tag?post=16869"}],"curies":[{"name":"wp","href":"https:\/\/api.w.org\/{rel}","templated":true}]}}