{"id":16884,"date":"2018-10-15T10:47:07","date_gmt":"2018-10-15T08:47:07","guid":{"rendered":"https:\/\/www.creaearredanegozi.it\/?post_type=product&#038;p=16884"},"modified":"2023-07-03T19:51:52","modified_gmt":"2023-07-03T17:51:52","slug":"vetrina-refrigerata-2-vani-10-19-c-4-10-c-statica-550550-lt-con-illuminazione-led-l-135-cm-tecfrigo","status":"publish","type":"product","link":"https:\/\/www.creaearredanegozi.it\/de\/vetrina-refrigerata-2-vani-10-19-c-4-10-c-statica-550550-lt-con-illuminazione-led-l-135-cm-tecfrigo\/","title":{"rendered":"K\u00fchlvitrine 2 F\u00e4cher -10\/-19 \u00b0C +4\/+10 \u00b0C Statisch 550+550 Lt mit LED Beleuchtung L. 135 cm Tecfrigo"},"content":{"rendered":"<p><strong>K\u00fchlvitrine 2 F\u00e4cher -10\/-19 \u00b0C +4\/+10 \u00b0C Statisch 550+550 Lt mit LED Beleuchtung L. 135 cm Tecfrigo:<\/strong><\/p>\n<ul>\n<li>Die Snelle-Linie verf\u00fcgt in allen Versionen \u00fcber einen Rahmen, der vollst\u00e4ndig aus eloxiertem Aluminium besteht<br \/>\nstranggepresst.<\/li>\n<li>Erh\u00e4ltlich in den Standardfarben Silber und Bronze.<\/li>\n<li>L\u00fcftungsgitter aus rostfreiem Stahl AISI 304.<\/li>\n<li>Drei-Scheiben-Doppelverglasung auf jeder Seite, gerahmt und abgedichtet, mit Luftisolierung<br \/>\ntrocken, f\u00fcr maximale Isolierleistung.<\/li>\n<li>LED-Beleuchtung mit hoher Lichtausbeute und Energieeinsparung.<\/li>\n<li>Elektronische Steuereinheit mit Display und Bedienfeld mit transparenter Schutzt\u00fcr.<\/li>\n<li>Edelstahl-Lenkrollen.<\/li>\n<li><strong>GBT:<\/strong> Statischer Verdampfer mit festen Gittern.<\/li>\n<li><strong>GS:<\/strong> H\u00f6henverstellbare Drahtroste.<\/li>\n<\/ul>\n<p><strong>Optional:<\/strong><\/p>\n<ul>\n<li>Sperre.<\/li>\n<\/ul>\n<table class=\"table table-striped\">\n<tbody>\n<tr>\n<td>\n<p class=\"dati_tecnici_label_1\"><strong>Modell<\/strong><\/p>\n<\/td>\n<td>\n<p class=\"dati_tecnici_label_1\"><b>Snella 1100 GBT-GS<\/b><\/p>\n<\/td>\n<\/tr>\n<tr>\n<td><strong>Temperatur <\/strong><\/td>\n<td align=\"left\"><strong>GBT:<\/strong> -10\/-19 \u00b0C<\/p>\n<p><strong>GS:<\/strong> +4\/+10 \u00b0C<\/td>\n<\/tr>\n<tr>\n<td><strong>Kapazit\u00e4t Lt<\/strong><\/td>\n<td align=\"left\">1100 insgesamt (550+550)<\/td>\n<\/tr>\n<tr>\n<td><strong>Abmessungen mm<\/strong><\/td>\n<td align=\"left\">1345x770x1810<\/td>\n<\/tr>\n<tr>\n<td><strong>Gewicht<\/strong><\/td>\n<td align=\"left\">315 kg<\/td>\n<\/tr>\n<tr>\n<td><strong>Raster<\/strong><\/td>\n<td align=\"left\"><strong>GBT:<\/strong> N. 6 &#8211; mm. 550&#215;560<\/p>\n<p><strong>GS:<\/strong> N. 5 &#8211; mm. 555&#215;560<\/td>\n<\/tr>\n<tr>\n<td><strong>Strom<\/strong><\/td>\n<td align=\"left\">1170 W<\/td>\n<\/tr>\n<tr>\n<td><strong>Spannung<\/strong><\/td>\n<td align=\"left\">230 V\/1\/50Hz<\/td>\n<\/tr>\n<tr>\n<td><strong>Relative Luftfeuchtigkeit<\/strong><\/td>\n<td align=\"left\"><strong>GBT:<\/strong> % 40<\/p>\n<p><strong>GS:<\/strong> % 60<\/td>\n<\/tr>\n<tr>\n<td><strong>Art der Abtauung<\/strong><\/td>\n<td align=\"left\">Handbuch<\/td>\n<\/tr>\n<tr>\n<td><strong>Verdunstung<\/strong><\/td>\n<td align=\"left\">Automatisch elektrisch<\/td>\n<\/tr>\n<tr>\n<td><strong>K\u00e4ltetechnik<\/strong><\/td>\n<td align=\"left\">Statik<\/td>\n<\/tr>\n<tr>\n<td><strong>K\u00e4ltemittelgas<\/strong><\/td>\n<td align=\"left\">R404A<\/td>\n<\/tr>\n<tr>\n<td><strong>Schloss<\/strong><\/td>\n<td align=\"left\">Optional<\/td>\n<\/tr>\n<tr>\n<td><strong>Beleuchtung<\/strong><\/td>\n<td align=\"left\">Led - Standard<\/td>\n<\/tr>\n<\/tbody>\n<\/table>\n<p>&nbsp;<\/p>","protected":false},"excerpt":{"rendered":"<p>Vetrina refrigerata 2 vani -10\/-19 \u00b0C +4\/+10 \u00b0C Statica 550+550 Lt con illuminazione led L. 135 cm Tecfrigo: La linea Snelle vanta in tutte le sue versioni un telaio interamente in alluminio anodizzato estruso. Disponibile nei colori standard argento e bronzo. Griglie di ventilazione in acciaio inossidabile AISI 304. Doppia vetrocamera a tre lastre su [&#8230;]","protected":false},"featured_media":16882,"comment_status":"closed","ping_status":"closed","template":"","meta":{"_monsterinsights_skip_tracking":false,"_monsterinsights_sitenote_active":false,"_monsterinsights_sitenote_note":"","_monsterinsights_sitenote_category":0},"product_brand":[],"product_cat":[256,28],"product_tag":[],"class_list":{"0":"post-16884","1":"product","2":"type-product","3":"status-publish","4":"has-post-thumbnail","6":"product_cat-fredde","7":"product_cat-vetrine","8":"product_shipping_class-d","9":"pa_marca-tecfrigo","11":"first","12":"instock","13":"taxable","14":"shipping-taxable","15":"purchasable","16":"product-type-simple"},"_links":{"self":[{"href":"https:\/\/www.creaearredanegozi.it\/de\/wp-json\/wp\/v2\/product\/16884","targetHints":{"allow":["GET"]}}],"collection":[{"href":"https:\/\/www.creaearredanegozi.it\/de\/wp-json\/wp\/v2\/product"}],"about":[{"href":"https:\/\/www.creaearredanegozi.it\/de\/wp-json\/wp\/v2\/types\/product"}],"replies":[{"embeddable":true,"href":"https:\/\/www.creaearredanegozi.it\/de\/wp-json\/wp\/v2\/comments?post=16884"}],"wp:featuredmedia":[{"embeddable":true,"href":"https:\/\/www.creaearredanegozi.it\/de\/wp-json\/wp\/v2\/media\/16882"}],"wp:attachment":[{"href":"https:\/\/www.creaearredanegozi.it\/de\/wp-json\/wp\/v2\/media?parent=16884"}],"wp:term":[{"taxonomy":"product_brand","embeddable":true,"href":"https:\/\/www.creaearredanegozi.it\/de\/wp-json\/wp\/v2\/product_brand?post=16884"},{"taxonomy":"product_cat","embeddable":true,"href":"https:\/\/www.creaearredanegozi.it\/de\/wp-json\/wp\/v2\/product_cat?post=16884"},{"taxonomy":"product_tag","embeddable":true,"href":"https:\/\/www.creaearredanegozi.it\/de\/wp-json\/wp\/v2\/product_tag?post=16884"}],"curies":[{"name":"wp","href":"https:\/\/api.w.org\/{rel}","templated":true}]}}