{"id":16923,"date":"2018-10-17T09:56:33","date_gmt":"2018-10-17T07:56:33","guid":{"rendered":"https:\/\/www.creaearredanegozi.it\/?post_type=product&#038;p=16923"},"modified":"2024-03-18T13:05:23","modified_gmt":"2024-03-18T12:05:23","slug":"vetrina-refrigerata-4-10-c-190-lt-piani-rotanti-con-illuminazione-led-l-77-cm-tecfrigo","status":"publish","type":"product","link":"https:\/\/www.creaearredanegozi.it\/de\/vetrina-refrigerata-4-10-c-190-lt-piani-rotanti-con-illuminazione-led-l-77-cm-tecfrigo\/","title":{"rendered":"K\u00fchlvitrine +4\/+10 \u00b0C 190 Lt drehbare Einlegeb\u00f6den mit LED-Beleuchtung L. 77 cm Tecfrigo"},"content":{"rendered":"<p><strong>K\u00fchlvitrine +4\/+10 \u00b0C 190 Lt drehbare Einlegeb\u00f6den mit LED-Beleuchtung L. 77 cm Tecfrigo:<\/strong><\/p>\n<ul>\n<li>Die Snelle-Linie verf\u00fcgt in allen Versionen \u00fcber einen Rahmen, der vollst\u00e4ndig aus eloxiertem Aluminium besteht<br \/>\nstranggepresst.<\/li>\n<li>Standardfarbe: Bronze<\/li>\n<li>L\u00fcftungsgitter aus rostfreiem Stahl AISI 304.<\/li>\n<li>Drei-Scheiben-Doppelverglasung auf jeder Seite, gerahmt und abgedichtet, mit Luftisolierung<br \/>\ntrocken, f\u00fcr maximale Isolierleistung.<\/li>\n<li>LED-Beleuchtung mit hoher Lichtausbeute und Energieeinsparung.<\/li>\n<li>Elektronische Steuereinheit mit Display und Bedienfeld mit transparenter Schutzt\u00fcr.<\/li>\n<li>Edelstahl-Lenkrollen.<\/li>\n<li>Piani rotanti.<\/li>\n<\/ul>\n<p><strong>Optional:<\/strong><\/p>\n<ul>\n<li>Sperre.<\/li>\n<li>Farbe Silber.<\/li>\n<\/ul>\n<table class=\"table table-striped\">\n<tbody>\n<tr>\n<td>\n<p class=\"dati_tecnici_label_1\"><strong>Modell<\/strong><\/p>\n<\/td>\n<td>\n<p class=\"dati_tecnici_label_1\"><b>Snella 190 R<\/b><\/p>\n<\/td>\n<\/tr>\n<tr>\n<td><strong>Temperatur <\/strong><\/td>\n<td align=\"left\">+4\/+10 \u00b0C<\/td>\n<\/tr>\n<tr>\n<td><strong>Kapazit\u00e4t Lt<\/strong><\/td>\n<td align=\"left\">190<\/td>\n<\/tr>\n<tr>\n<td><strong>Abmessungen mm<\/strong><\/td>\n<td align=\"left\">770x685x1500<\/td>\n<\/tr>\n<tr>\n<td><strong>Gewicht<\/strong><\/td>\n<td align=\"left\">120 kg<\/td>\n<\/tr>\n<tr>\n<td><strong>Raster<\/strong><\/td>\n<td align=\"left\">N. 5 &#8211; \u00d8 mm 465<\/td>\n<\/tr>\n<tr>\n<td><strong>Strom<\/strong><\/td>\n<td align=\"left\">300 W<\/td>\n<\/tr>\n<tr>\n<td><strong>Spannung<\/strong><\/td>\n<td align=\"left\">230 V\/1\/50Hz<\/td>\n<\/tr>\n<tr>\n<td><strong>Relative Luftfeuchtigkeit<\/strong><\/td>\n<td align=\"left\">% 75<\/td>\n<\/tr>\n<tr>\n<td><strong>Art der Abtauung<\/strong><\/td>\n<td align=\"left\">Automatische Pause<\/td>\n<\/tr>\n<tr>\n<td><strong>Verdunstung<\/strong><\/td>\n<td align=\"left\">Handbuch<\/td>\n<\/tr>\n<tr>\n<td><strong>K\u00e4ltetechnik<\/strong><\/td>\n<td align=\"left\">Bel\u00fcftet<\/td>\n<\/tr>\n<tr>\n<td><strong>K\u00e4ltemittelgas<\/strong><\/td>\n<td align=\"left\">R290<\/td>\n<\/tr>\n<tr>\n<td><strong>Schloss<\/strong><\/td>\n<td align=\"left\">Optional<\/td>\n<\/tr>\n<tr>\n<td><strong>Beleuchtung<\/strong><\/td>\n<td align=\"left\">Led - Standard<\/td>\n<\/tr>\n<\/tbody>\n<\/table>\n<p>&nbsp;<\/p>","protected":false},"excerpt":{"rendered":"<p>Vetrina refrigerata +4\/+10 \u00b0C 190 Lt piani rotanti con illuminazione led L. 77 cm Tecfrigo: La linea Snelle vanta in tutte le sue versioni un telaio interamente in alluminio anodizzato estruso. Colore standard: Bronzo Griglie di ventilazione in acciaio inossidabile AISI 304. Doppia vetrocamera a tre lastre su ogni lato, intelaiata e sigillata, con isolamento [&#8230;]","protected":false},"featured_media":127314,"comment_status":"closed","ping_status":"closed","template":"","meta":{"_monsterinsights_skip_tracking":false,"_monsterinsights_sitenote_active":false,"_monsterinsights_sitenote_note":"","_monsterinsights_sitenote_category":0},"product_brand":[742],"product_cat":[256,28],"product_tag":[],"class_list":{"0":"post-16923","1":"product","2":"type-product","3":"status-publish","4":"has-post-thumbnail","6":"product_brand-tecfrigo","7":"product_cat-fredde","8":"product_cat-vetrine","9":"product_shipping_class-e","10":"pa_classe-energetica-classe-b","11":"pa_marca-tecfrigo","13":"first","14":"instock","15":"taxable","16":"shipping-taxable","17":"purchasable","18":"product-type-simple"},"_links":{"self":[{"href":"https:\/\/www.creaearredanegozi.it\/de\/wp-json\/wp\/v2\/product\/16923","targetHints":{"allow":["GET"]}}],"collection":[{"href":"https:\/\/www.creaearredanegozi.it\/de\/wp-json\/wp\/v2\/product"}],"about":[{"href":"https:\/\/www.creaearredanegozi.it\/de\/wp-json\/wp\/v2\/types\/product"}],"replies":[{"embeddable":true,"href":"https:\/\/www.creaearredanegozi.it\/de\/wp-json\/wp\/v2\/comments?post=16923"}],"wp:featuredmedia":[{"embeddable":true,"href":"https:\/\/www.creaearredanegozi.it\/de\/wp-json\/wp\/v2\/media\/127314"}],"wp:attachment":[{"href":"https:\/\/www.creaearredanegozi.it\/de\/wp-json\/wp\/v2\/media?parent=16923"}],"wp:term":[{"taxonomy":"product_brand","embeddable":true,"href":"https:\/\/www.creaearredanegozi.it\/de\/wp-json\/wp\/v2\/product_brand?post=16923"},{"taxonomy":"product_cat","embeddable":true,"href":"https:\/\/www.creaearredanegozi.it\/de\/wp-json\/wp\/v2\/product_cat?post=16923"},{"taxonomy":"product_tag","embeddable":true,"href":"https:\/\/www.creaearredanegozi.it\/de\/wp-json\/wp\/v2\/product_tag?post=16923"}],"curies":[{"name":"wp","href":"https:\/\/api.w.org\/{rel}","templated":true}]}}