{"id":17027,"date":"2018-10-25T16:43:23","date_gmt":"2018-10-25T14:43:23","guid":{"rendered":"https:\/\/www.creaearredanegozi.it\/?post_type=product&#038;p=17027"},"modified":"2023-07-03T19:51:54","modified_gmt":"2023-07-03T17:51:54","slug":"vetrina-refrigerata-da-banco-per-cioccolato-14-16-c-piani-in-cristallo-43-lt-illuminazione-a-led-l-55-cm-tecfrigo","status":"publish","type":"product","link":"https:\/\/www.creaearredanegozi.it\/de\/vetrina-refrigerata-da-banco-per-cioccolato-14-16-c-piani-in-cristallo-43-lt-illuminazione-a-led-l-55-cm-tecfrigo\/","title":{"rendered":"Thekenk\u00fchlvitrine f\u00fcr Schokolade +14\/+16 \u00b0C Kristallb\u00f6den 43 Lt LED Beleuchtung L. 55 cm Tecfrigo"},"content":{"rendered":"<p><strong>K\u00fchlvitrine f\u00fcr Schokolade +14\/+16 \u00b0C Kristallb\u00f6den 43 Lt LED Beleuchtung L. 55 cm Tecfrigo:<\/strong><\/p>\n<ul>\n<li>Thermodynamik R290<\/li>\n<li>Wei\u00dfes Soft-Touch-Bedienfeld mit LED-Hintergrundbeleuchtung und fortschrittlicher Energiesparfunktion.<\/li>\n<li>Temperatura di colore LED  a scelta: 3000 K o 6500 K<\/li>\n<li>4 abnehmbare Plattenteller.<\/li>\n<li>Der Rahmen ist komplett aus schwarz eloxiertem Aluminium gefertigt.<\/li>\n<li>Dreischeiben-Doppelverglasung auf jeder Seite, gerahmt und versiegelt, mit Trockenluftisolierung, f\u00fcr maximale Isolierleistung.<\/li>\n<li>Gro\u00dfer, einteilig eingebauter Griff aus Edelstahl.<\/li>\n<li>Piani in cristallo.<\/li>\n<\/ul>\n<table class=\"table table-striped\">\n<tbody>\n<tr>\n<td>\n<p class=\"dati_tecnici_label_1\"><strong>Modell<\/strong><\/p>\n<\/td>\n<td><strong>MUSA 120 Q CIOCCO<\/strong><\/td>\n<\/tr>\n<tr>\n<td><strong>Temperatur <\/strong><\/td>\n<td align=\"left\">+14\/+16 \u00b0C<\/td>\n<\/tr>\n<tr>\n<td><strong>Kapazit\u00e4t Lt<\/strong><\/td>\n<td align=\"left\">43<\/td>\n<\/tr>\n<tr>\n<td><strong>Abmessungen mm<\/strong><\/td>\n<td align=\"left\">551x485x1060<\/td>\n<\/tr>\n<tr>\n<td><strong>Gewicht<\/strong><\/td>\n<td align=\"left\">&#8211;<\/td>\n<\/tr>\n<tr>\n<td><strong>Raster<\/strong><\/td>\n<td align=\"left\">N. 3 &#8211; mm. 375&#215;290<\/td>\n<\/tr>\n<tr>\n<td><strong>Strom<\/strong><\/td>\n<td align=\"left\">&#8211;<\/td>\n<\/tr>\n<tr>\n<td><strong>Spannung<\/strong><\/td>\n<td align=\"left\">230 V\/1\/50Hz<\/td>\n<\/tr>\n<tr>\n<td><strong>Relative Luftfeuchtigkeit<\/strong><\/td>\n<td align=\"left\">% 40\/44<\/td>\n<\/tr>\n<tr>\n<td><strong>Art der Abtauung<\/strong><\/td>\n<td align=\"left\">Handbuch<\/td>\n<\/tr>\n<tr>\n<td><strong>Verdunstung<\/strong><\/td>\n<td align=\"left\">Automatisch<\/td>\n<\/tr>\n<tr>\n<td><strong>K\u00e4ltetechnik<\/strong><\/td>\n<td align=\"left\">Bel\u00fcftet<\/td>\n<\/tr>\n<tr>\n<td><strong>K\u00e4ltemittelgas<\/strong><\/td>\n<td align=\"left\">R290<\/td>\n<\/tr>\n<tr>\n<td><strong>Schloss<\/strong><\/td>\n<td align=\"left\">Optional<\/td>\n<\/tr>\n<tr>\n<td><strong>Beleuchtung<\/strong><\/td>\n<td align=\"left\">Led - Standard<\/td>\n<\/tr>\n<\/tbody>\n<\/table>\n<p>&nbsp;<\/p>","protected":false},"excerpt":{"rendered":"<p>Vetrina refrigerata da banco per cioccolato +14\/+16 \u00b0C piani in cristallo 43 Lt illuminazione a led L. 55 cm Tecfrigo: Termodinamica R290 Centralina soft-touch retroilluminata bianca LED con funzione di risparmio energetico avanzata. Temperatura di colore LED a scelta: 3000 K o 6500 K 4 piani rotanti estraibili. Telaio interamente in alluminio anodizzato nero. Doppia [&#8230;]","protected":false},"featured_media":17021,"comment_status":"closed","ping_status":"closed","template":"","meta":{"_monsterinsights_skip_tracking":false,"_monsterinsights_sitenote_active":false,"_monsterinsights_sitenote_note":"","_monsterinsights_sitenote_category":0},"product_brand":[],"product_cat":[256,28],"product_tag":[],"class_list":{"0":"post-17027","1":"product","2":"type-product","3":"status-publish","4":"has-post-thumbnail","6":"product_cat-fredde","7":"product_cat-vetrine","8":"product_shipping_class-f","9":"pa_marca-tecfrigo","11":"first","12":"instock","13":"taxable","14":"shipping-taxable","15":"purchasable","16":"product-type-simple"},"_links":{"self":[{"href":"https:\/\/www.creaearredanegozi.it\/de\/wp-json\/wp\/v2\/product\/17027","targetHints":{"allow":["GET"]}}],"collection":[{"href":"https:\/\/www.creaearredanegozi.it\/de\/wp-json\/wp\/v2\/product"}],"about":[{"href":"https:\/\/www.creaearredanegozi.it\/de\/wp-json\/wp\/v2\/types\/product"}],"replies":[{"embeddable":true,"href":"https:\/\/www.creaearredanegozi.it\/de\/wp-json\/wp\/v2\/comments?post=17027"}],"wp:featuredmedia":[{"embeddable":true,"href":"https:\/\/www.creaearredanegozi.it\/de\/wp-json\/wp\/v2\/media\/17021"}],"wp:attachment":[{"href":"https:\/\/www.creaearredanegozi.it\/de\/wp-json\/wp\/v2\/media?parent=17027"}],"wp:term":[{"taxonomy":"product_brand","embeddable":true,"href":"https:\/\/www.creaearredanegozi.it\/de\/wp-json\/wp\/v2\/product_brand?post=17027"},{"taxonomy":"product_cat","embeddable":true,"href":"https:\/\/www.creaearredanegozi.it\/de\/wp-json\/wp\/v2\/product_cat?post=17027"},{"taxonomy":"product_tag","embeddable":true,"href":"https:\/\/www.creaearredanegozi.it\/de\/wp-json\/wp\/v2\/product_tag?post=17027"}],"curies":[{"name":"wp","href":"https:\/\/api.w.org\/{rel}","templated":true}]}}