{"id":17030,"date":"2018-10-25T16:55:00","date_gmt":"2018-10-25T14:55:00","guid":{"rendered":"https:\/\/www.creaearredanegozi.it\/?post_type=product&#038;p=17030"},"modified":"2023-07-03T19:51:54","modified_gmt":"2023-07-03T17:51:54","slug":"vetrina-refrigerata-da-banco-4-10-c-piani-rotanti-100-lt-vetro-curvo-panoramico-illuminazione-a-led-l-43-cm-tecfrigo","status":"publish","type":"product","link":"https:\/\/www.creaearredanegozi.it\/de\/vetrina-refrigerata-da-banco-4-10-c-piani-rotanti-100-lt-vetro-curvo-panoramico-illuminazione-a-led-l-43-cm-tecfrigo\/","title":{"rendered":"Theken-K\u00fchlvitrine +4\/+10 \u00b0C drehbare Einlegeb\u00f6den 100 Lt Panorama-Glas gew\u00f6lbt LED-Beleuchtung L. 43 cm Tecfrigo"},"content":{"rendered":"<p><strong>K\u00fchlvitrine +4\/+10 \u00b0C drehbare Einlegeb\u00f6den 100 Lt Panorama-Glas gew\u00f6lbt LED-Beleuchtung L. 43 cm Tecfrigo:<\/strong><\/p>\n<ul>\n<li>Telaio in poliuretano verniciato colore nero, con interni in acciaio inox AISI 304.<\/li>\n<li>Griglie di ventilazione in acciaio in tinta<\/li>\n<li>Vetro curvo frontale panoramico e porta battente lato operatore.<\/li>\n<li>5 ripiani rotanti estraibili in cristallo (di cui l&#8217;ultimo in basso a specchio). Diametro 320 mm.<\/li>\n<li>Refrigerazione ventilata con sbrinamento automatico ed evaporazione automatica acqua di sbrinamento.<\/li>\n<li>Illuminazione a doppia fila di LED ad elevata efficienza luminosa e risparmio energetico.<\/li>\n<li>Centralina elettronica con display e cruscotto comandi.<\/li>\n<li>Standard-F\u00fc\u00dfe.<\/li>\n<\/ul>\n<p>&nbsp;<\/p>\n<table class=\"table table-striped\">\n<tbody>\n<tr>\n<td>\n<p class=\"dati_tecnici_label_1\"><strong>Modell<\/strong><\/p>\n<\/td>\n<td><strong>Goloso<\/strong><\/td>\n<\/tr>\n<tr>\n<td><strong>Temperatur <\/strong><\/td>\n<td align=\"left\">+4\/+10 \u00b0C<\/td>\n<\/tr>\n<tr>\n<td><strong>Kapazit\u00e4t Lt<\/strong><\/td>\n<td align=\"left\">100<\/td>\n<\/tr>\n<tr>\n<td><strong>Abmessungen mm<\/strong><\/td>\n<td align=\"left\">430x400x1090<\/td>\n<\/tr>\n<tr>\n<td><strong>Gewicht<\/strong><\/td>\n<td align=\"left\">44 kg<\/td>\n<\/tr>\n<tr>\n<td><strong>Pl\u00e4ne<\/strong><\/td>\n<td align=\"left\">N. 5 &#8211; \u00d8  mm. 320<\/td>\n<\/tr>\n<tr>\n<td><strong>Strom<\/strong><\/td>\n<td align=\"left\">260 W<\/td>\n<\/tr>\n<tr>\n<td><strong>Spannung<\/strong><\/td>\n<td align=\"left\">230 V\/1\/50Hz<\/td>\n<\/tr>\n<tr>\n<td><strong>Relative Luftfeuchtigkeit<\/strong><\/td>\n<td align=\"left\">% 75<\/td>\n<\/tr>\n<tr>\n<td><strong>Art der Abtauung<\/strong><\/td>\n<td align=\"left\">Automatische Pause<\/td>\n<\/tr>\n<tr>\n<td><strong>Verdunstung<\/strong><\/td>\n<td align=\"left\">Automatisch<\/td>\n<\/tr>\n<tr>\n<td><strong>K\u00e4ltetechnik<\/strong><\/td>\n<td align=\"left\">Bel\u00fcftet<\/td>\n<\/tr>\n<tr>\n<td><strong>K\u00e4ltemittelgas<\/strong><\/td>\n<td align=\"left\">R134a<\/td>\n<\/tr>\n<tr>\n<td><strong>Schloss<\/strong><\/td>\n<td align=\"left\">&#8211;<\/td>\n<\/tr>\n<tr>\n<td><strong>Beleuchtung<\/strong><\/td>\n<td align=\"left\">Led - Standard<\/td>\n<\/tr>\n<\/tbody>\n<\/table>\n<p>&nbsp;<\/p>","protected":false},"excerpt":{"rendered":"<p>Vetrina refrigerata da banco +4\/+10 \u00b0C piani rotanti 100 Lt vetro curvo panoramico illuminazione a led L. 43 cm Tecfrigo: Telaio in poliuretano verniciato colore nero, con interni in acciaio inox AISI 304. Griglie di ventilazione in acciaio in tinta Vetro curvo frontale panoramico e porta battente lato operatore. 5 ripiani rotanti estraibili in cristallo [&#8230;]","protected":false},"featured_media":17031,"comment_status":"closed","ping_status":"closed","template":"","meta":{"_monsterinsights_skip_tracking":false,"_monsterinsights_sitenote_active":false,"_monsterinsights_sitenote_note":"","_monsterinsights_sitenote_category":0},"product_brand":[],"product_cat":[256,28],"product_tag":[],"class_list":{"0":"post-17030","1":"product","2":"type-product","3":"status-publish","4":"has-post-thumbnail","6":"product_cat-fredde","7":"product_cat-vetrine","8":"product_shipping_class-f","9":"pa_marca-tecfrigo","11":"first","12":"instock","13":"taxable","14":"shipping-taxable","15":"purchasable","16":"product-type-simple"},"_links":{"self":[{"href":"https:\/\/www.creaearredanegozi.it\/de\/wp-json\/wp\/v2\/product\/17030","targetHints":{"allow":["GET"]}}],"collection":[{"href":"https:\/\/www.creaearredanegozi.it\/de\/wp-json\/wp\/v2\/product"}],"about":[{"href":"https:\/\/www.creaearredanegozi.it\/de\/wp-json\/wp\/v2\/types\/product"}],"replies":[{"embeddable":true,"href":"https:\/\/www.creaearredanegozi.it\/de\/wp-json\/wp\/v2\/comments?post=17030"}],"wp:featuredmedia":[{"embeddable":true,"href":"https:\/\/www.creaearredanegozi.it\/de\/wp-json\/wp\/v2\/media\/17031"}],"wp:attachment":[{"href":"https:\/\/www.creaearredanegozi.it\/de\/wp-json\/wp\/v2\/media?parent=17030"}],"wp:term":[{"taxonomy":"product_brand","embeddable":true,"href":"https:\/\/www.creaearredanegozi.it\/de\/wp-json\/wp\/v2\/product_brand?post=17030"},{"taxonomy":"product_cat","embeddable":true,"href":"https:\/\/www.creaearredanegozi.it\/de\/wp-json\/wp\/v2\/product_cat?post=17030"},{"taxonomy":"product_tag","embeddable":true,"href":"https:\/\/www.creaearredanegozi.it\/de\/wp-json\/wp\/v2\/product_tag?post=17030"}],"curies":[{"name":"wp","href":"https:\/\/api.w.org\/{rel}","templated":true}]}}