{"id":17057,"date":"2018-10-26T15:55:04","date_gmt":"2018-10-26T13:55:04","guid":{"rendered":"https:\/\/www.creaearredanegozi.it\/?post_type=product&#038;p=17057"},"modified":"2023-07-03T20:06:18","modified_gmt":"2023-07-03T18:06:18","slug":"vetrina-refrigerata-orizzontale-3-10-c-piani-in-cristallo-550-lt-illuminazione-led-l-134-cm-tecfrigo-2","status":"publish","type":"product","link":"https:\/\/www.creaearredanegozi.it\/de\/vetrina-refrigerata-orizzontale-3-10-c-piani-in-cristallo-550-lt-illuminazione-led-l-134-cm-tecfrigo-2\/","title":{"rendered":"Horizontale K\u00fchlvitrine +3\/+10 \u00b0C Kristallb\u00f6den 550 Lt LED-Beleuchtung L. 134 cm Tecfrigo"},"content":{"rendered":"<p><strong>Horizontale K\u00fchlvitrine +3\/+10 \u00b0C Kristallb\u00f6den 550 Lt LED-Beleuchtung L. 134 cm Tecfrigo:<\/strong><\/p>\n<ul>\n<li>Korrosionsgesch\u00fctzter Rahmen aus verzinktem Stahlblech.<\/li>\n<li>Hintere L\u00fcftungsgitter aus rostfreiem Stahl.<\/li>\n<li>Bodenplatten aus schwarz lackiertem Mehrschichtholz, kombiniert mit silbernem Profil.<\/li>\n<li><strong>SP-Version verf\u00fcgbar: ohne Platten, eingebaut.<\/strong><\/li>\n<li>Doppelverglasung mit elegantem schwarzem Glanz, versiegelter, lufttrockener Isolierung und Panoramaverglasung oben.<\/li>\n<li>Regale aus Kristall.<\/li>\n<li>Boden aus gelochtem Edelstahl, leicht zu reinigen.<\/li>\n<li>Einlegeb\u00f6den mit verstellbaren Halterungen und sto\u00dfd\u00e4mpfenden Sicherheits-Saugn\u00e4pfen.<\/li>\n<li>Versenkte Griffe mit integriertem Entriegelungsmechanismus.<\/li>\n<li>Frontband mit Anti-Kondensations-Heizelement.<\/li>\n<li>LED-Beleuchtung f\u00fcr jedes Regal mit hoher Lichtausbeute und Energieeinsparung.<\/li>\n<li>Elektronische Steuereinheit mit Display und Bedienfeld mit transparenter Schutzt\u00fcr.<\/li>\n<li>4 Lenkrollen (2 mit Bremsfunktion) aus polyamidbeschichtetem Stahl.<\/li>\n<\/ul>\n<p><strong>Optional:<\/strong><\/p>\n<ul>\n<li>Sperre.<\/li>\n<\/ul>\n<p>&nbsp;<\/p>\n<table class=\"table table-striped\">\n<tbody>\n<tr>\n<td>\n<p class=\"dati_tecnici_label_1\"><strong>Modell<\/strong><\/p>\n<\/td>\n<td><b>Karina 136 Q<\/b><\/td>\n<\/tr>\n<tr>\n<td><strong>Temperatur <\/strong><\/td>\n<td align=\"left\"> +3\/+10 \u00b0C<\/td>\n<\/tr>\n<tr>\n<td><strong>Kapazit\u00e4t Lt<\/strong><\/td>\n<td align=\"left\">550<\/td>\n<\/tr>\n<tr>\n<td><strong>Abmessungen mm<\/strong><\/td>\n<td align=\"left\">1341x700x1370<\/p>\n<p>SP: 1341x700x1370<\/td>\n<\/tr>\n<tr>\n<td><strong>Gewicht<\/strong><\/td>\n<td align=\"left\">243 kg<\/p>\n<p>SP: 243 kg<\/td>\n<\/tr>\n<tr>\n<td><strong>Pl\u00e4ne<\/strong><\/td>\n<td align=\"left\">N. 3 &#8211; mm. 395&#215;1270<\/td>\n<\/tr>\n<tr>\n<td><strong>Strom<\/strong><\/td>\n<td align=\"left\">910 W<\/td>\n<\/tr>\n<tr>\n<td><strong>Spannung<\/strong><\/td>\n<td align=\"left\">230 V\/1\/50Hz<\/td>\n<\/tr>\n<tr>\n<td><strong>Relative Luftfeuchtigkeit<\/strong><\/td>\n<td align=\"left\">% 70<\/td>\n<\/tr>\n<tr>\n<td><strong>Art der Abtauung<\/strong><\/td>\n<td align=\"left\">Automatische Pause<\/td>\n<\/tr>\n<tr>\n<td><strong>Verdunstung<\/strong><\/td>\n<td align=\"left\">Automatisch<\/td>\n<\/tr>\n<tr>\n<td><strong>K\u00e4ltetechnik<\/strong><\/td>\n<td align=\"left\">Bel\u00fcftet<\/td>\n<\/tr>\n<tr>\n<td><strong>K\u00e4ltemittelgas<\/strong><\/td>\n<td align=\"left\">R404A<\/td>\n<\/tr>\n<tr>\n<td><strong>Schloss<\/strong><\/td>\n<td align=\"left\">Optional<\/td>\n<\/tr>\n<tr>\n<td><strong>Beleuchtung<\/strong><\/td>\n<td align=\"left\">Led - Standard<\/td>\n<\/tr>\n<\/tbody>\n<\/table>\n<p>&nbsp;<\/p>","protected":false},"excerpt":{"rendered":"<p>Vetrina refrigerata orizzontale +3\/+10 \u00b0C piani in cristallo 550 Lt illuminazione led L. 134 cm Tecfrigo: Telaio in lamiera di acciaio zincato anticorrosione. Griglie di ventilazione posteriori in acciaio inossidabile. Pannelli del basamento in legno multistrato verniciato nero, abbinato a profilo argento. Disponibile versione SP: senza pannelli, da incasso. Doppia vetrocamera con eleganti seriegrafie nere [&#8230;]","protected":false},"featured_media":17056,"comment_status":"closed","ping_status":"closed","template":"","meta":{"_monsterinsights_skip_tracking":false,"_monsterinsights_sitenote_active":false,"_monsterinsights_sitenote_note":"","_monsterinsights_sitenote_category":0},"product_brand":[],"product_cat":[256,28],"product_tag":[],"class_list":{"0":"post-17057","1":"product","2":"type-product","3":"status-publish","4":"has-post-thumbnail","6":"product_cat-fredde","7":"product_cat-vetrine","8":"product_shipping_class-d","9":"pa_marca-tecfrigo","11":"first","12":"instock","13":"taxable","14":"shipping-taxable","15":"purchasable","16":"product-type-variable"},"_links":{"self":[{"href":"https:\/\/www.creaearredanegozi.it\/de\/wp-json\/wp\/v2\/product\/17057","targetHints":{"allow":["GET"]}}],"collection":[{"href":"https:\/\/www.creaearredanegozi.it\/de\/wp-json\/wp\/v2\/product"}],"about":[{"href":"https:\/\/www.creaearredanegozi.it\/de\/wp-json\/wp\/v2\/types\/product"}],"replies":[{"embeddable":true,"href":"https:\/\/www.creaearredanegozi.it\/de\/wp-json\/wp\/v2\/comments?post=17057"}],"wp:featuredmedia":[{"embeddable":true,"href":"https:\/\/www.creaearredanegozi.it\/de\/wp-json\/wp\/v2\/media\/17056"}],"wp:attachment":[{"href":"https:\/\/www.creaearredanegozi.it\/de\/wp-json\/wp\/v2\/media?parent=17057"}],"wp:term":[{"taxonomy":"product_brand","embeddable":true,"href":"https:\/\/www.creaearredanegozi.it\/de\/wp-json\/wp\/v2\/product_brand?post=17057"},{"taxonomy":"product_cat","embeddable":true,"href":"https:\/\/www.creaearredanegozi.it\/de\/wp-json\/wp\/v2\/product_cat?post=17057"},{"taxonomy":"product_tag","embeddable":true,"href":"https:\/\/www.creaearredanegozi.it\/de\/wp-json\/wp\/v2\/product_tag?post=17057"}],"curies":[{"name":"wp","href":"https:\/\/api.w.org\/{rel}","templated":true}]}}