{"id":17064,"date":"2018-10-26T16:05:40","date_gmt":"2018-10-26T14:05:40","guid":{"rendered":"https:\/\/www.creaearredanegozi.it\/?post_type=product&#038;p=17064"},"modified":"2023-07-03T20:06:18","modified_gmt":"2023-07-03T18:06:18","slug":"vetrina-refrigerata-orizzontale-per-cioccolato-14-16-c-piani-in-cristallo-380-lt-illuminazione-led-l-94-cm-tecfrigo","status":"publish","type":"product","link":"https:\/\/www.creaearredanegozi.it\/de\/vetrina-refrigerata-orizzontale-per-cioccolato-14-16-c-piani-in-cristallo-380-lt-illuminazione-led-l-94-cm-tecfrigo\/","title":{"rendered":"Horizontale K\u00fchlvitrine f\u00fcr Schokolade +14\/+16 \u00b0C Kristallb\u00f6den 380 Lt LED Beleuchtung L. 94 cm Tecfrigo"},"content":{"rendered":"<p><strong>Horizontale K\u00fchlvitrine f\u00fcr Schokolade +14\/+16 \u00b0C Kristallb\u00f6den 380 Lt LED Beleuchtung L. 94 cm Tecfrigo:<\/strong><\/p>\n<ul>\n<li>Korrosionsgesch\u00fctzter Rahmen aus verzinktem Stahlblech.<\/li>\n<li>Hintere L\u00fcftungsgitter aus rostfreiem Stahl.<\/li>\n<li>Bodenplatten aus schwarz lackiertem Mehrschichtholz, kombiniert mit silbernem Profil.<\/li>\n<li><strong>SP-Version verf\u00fcgbar: ohne Platten, eingebaut.<\/strong><\/li>\n<li>Doppelverglasung mit elegantem schwarzem Glanz, versiegelter, lufttrockener Isolierung und Panoramaverglasung oben.<\/li>\n<li>Regale aus Kristall.<\/li>\n<li>Boden aus gelochtem Edelstahl, leicht zu reinigen.<\/li>\n<li>Einlegeb\u00f6den mit verstellbaren Halterungen und sto\u00dfd\u00e4mpfenden Sicherheits-Saugn\u00e4pfen.<\/li>\n<li>Versenkte Griffe mit integriertem Entriegelungsmechanismus.<\/li>\n<li>Frontband mit Anti-Kondensations-Heizelement.<\/li>\n<li>LED-Beleuchtung f\u00fcr jedes Regal mit hoher Lichtausbeute und Energieeinsparung.<\/li>\n<li>Elektronische Steuereinheit mit Display und Bedienfeld mit transparenter Schutzt\u00fcr.<\/li>\n<li>4 Lenkrollen (2 mit Bremsfunktion) aus polyamidbeschichtetem Stahl.<\/li>\n<\/ul>\n<p><strong>Optional:<\/strong><\/p>\n<ul>\n<li>Sperre.<\/li>\n<\/ul>\n<p>&nbsp;<\/p>\n<table class=\"table table-striped\">\n<tbody>\n<tr>\n<td>\n<p class=\"dati_tecnici_label_1\"><strong>Modell<\/strong><\/p>\n<\/td>\n<td><b>Karina 96 Q Ciocco<\/b><\/td>\n<\/tr>\n<tr>\n<td><strong>Temperatur <\/strong><\/td>\n<td align=\"left\"> +14\/+16 \u00b0C<\/td>\n<\/tr>\n<tr>\n<td><strong>Kapazit\u00e4t Lt<\/strong><\/td>\n<td align=\"left\">380<\/td>\n<\/tr>\n<tr>\n<td><strong>Abmessungen mm<\/strong><\/td>\n<td align=\"left\">941x700x1370<\/p>\n<p>SP: 941x700x1370<\/td>\n<\/tr>\n<tr>\n<td><strong>Gewicht<\/strong><\/td>\n<td align=\"left\">160 kg<\/p>\n<p>SP: 173 kg<\/td>\n<\/tr>\n<tr>\n<td><strong>Pl\u00e4ne<\/strong><\/td>\n<td align=\"left\">Nr. 3 - mm. 395\u00d7865<\/td>\n<\/tr>\n<tr>\n<td><strong>Strom<\/strong><\/td>\n<td align=\"left\">1050 W<\/td>\n<\/tr>\n<tr>\n<td><strong>Spannung<\/strong><\/td>\n<td align=\"left\">230 V\/1\/50Hz<\/td>\n<\/tr>\n<tr>\n<td><strong>Relative Luftfeuchtigkeit<\/strong><\/td>\n<td align=\"left\">% 40\/44<\/td>\n<\/tr>\n<tr>\n<td><strong>Art der Abtauung<\/strong><\/td>\n<td align=\"left\">Handbuch<\/td>\n<\/tr>\n<tr>\n<td><strong>Verdunstung<\/strong><\/td>\n<td align=\"left\">Automatisch<\/td>\n<\/tr>\n<tr>\n<td><strong>K\u00e4ltetechnik<\/strong><\/td>\n<td align=\"left\">Bel\u00fcftet<\/td>\n<\/tr>\n<tr>\n<td><strong>K\u00e4ltemittelgas<\/strong><\/td>\n<td align=\"left\">R404A<\/td>\n<\/tr>\n<tr>\n<td><strong>Schloss<\/strong><\/td>\n<td align=\"left\">Optional<\/td>\n<\/tr>\n<tr>\n<td><strong>Beleuchtung<\/strong><\/td>\n<td align=\"left\">Led - Standard<\/td>\n<\/tr>\n<\/tbody>\n<\/table>\n<p>&nbsp;<\/p>","protected":false},"excerpt":{"rendered":"<p>Vetrina refrigerata orizzontale per cioccolato +14\/+16 \u00b0C piani in cristallo 380 Lt illuminazione led L. 94 cm Tecfrigo: Telaio in lamiera di acciaio zincato anticorrosione. Griglie di ventilazione posteriori in acciaio inossidabile. Pannelli del basamento in legno multistrato verniciato nero, abbinato a profilo argento. Disponibile versione SP: senza pannelli, da incasso. Doppia vetrocamera con eleganti [&#8230;]","protected":false},"featured_media":17063,"comment_status":"closed","ping_status":"closed","template":"","meta":{"_monsterinsights_skip_tracking":false,"_monsterinsights_sitenote_active":false,"_monsterinsights_sitenote_note":"","_monsterinsights_sitenote_category":0},"product_brand":[],"product_cat":[256,28],"product_tag":[],"class_list":{"0":"post-17064","1":"product","2":"type-product","3":"status-publish","4":"has-post-thumbnail","6":"product_cat-fredde","7":"product_cat-vetrine","8":"product_shipping_class-m","9":"pa_marca-tecfrigo","11":"first","12":"instock","13":"taxable","14":"shipping-taxable","15":"purchasable","16":"product-type-variable"},"_links":{"self":[{"href":"https:\/\/www.creaearredanegozi.it\/de\/wp-json\/wp\/v2\/product\/17064","targetHints":{"allow":["GET"]}}],"collection":[{"href":"https:\/\/www.creaearredanegozi.it\/de\/wp-json\/wp\/v2\/product"}],"about":[{"href":"https:\/\/www.creaearredanegozi.it\/de\/wp-json\/wp\/v2\/types\/product"}],"replies":[{"embeddable":true,"href":"https:\/\/www.creaearredanegozi.it\/de\/wp-json\/wp\/v2\/comments?post=17064"}],"wp:featuredmedia":[{"embeddable":true,"href":"https:\/\/www.creaearredanegozi.it\/de\/wp-json\/wp\/v2\/media\/17063"}],"wp:attachment":[{"href":"https:\/\/www.creaearredanegozi.it\/de\/wp-json\/wp\/v2\/media?parent=17064"}],"wp:term":[{"taxonomy":"product_brand","embeddable":true,"href":"https:\/\/www.creaearredanegozi.it\/de\/wp-json\/wp\/v2\/product_brand?post=17064"},{"taxonomy":"product_cat","embeddable":true,"href":"https:\/\/www.creaearredanegozi.it\/de\/wp-json\/wp\/v2\/product_cat?post=17064"},{"taxonomy":"product_tag","embeddable":true,"href":"https:\/\/www.creaearredanegozi.it\/de\/wp-json\/wp\/v2\/product_tag?post=17064"}],"curies":[{"name":"wp","href":"https:\/\/api.w.org\/{rel}","templated":true}]}}