{"id":17192,"date":"2018-11-09T15:52:32","date_gmt":"2018-11-09T14:52:32","guid":{"rendered":"https:\/\/www.creaearredanegozi.it\/?post_type=product&#038;p=17192"},"modified":"2024-02-02T10:44:36","modified_gmt":"2024-02-02T09:44:36","slug":"mixer-frullatore-immersione-professionale-400w-velocita-variabile-per-bar-ristoranti-pasticcerie-pub-mx40-fimar","status":"publish","type":"product","link":"https:\/\/www.creaearredanegozi.it\/de\/mixer-frullatore-immersione-professionale-400w-velocita-variabile-per-bar-ristoranti-pasticcerie-pub-mx40-fimar\/","title":{"rendered":"Professioneller 400W Stabmixer mit variabler Geschwindigkeit mit 40 cm Mixer und MX40 Schneebesen Fimar"},"content":{"rendered":"<p><strong>Professioneller Stabmixer 400W Variable Geschwindigkeit ideal f\u00fcr Bars Restaurants Konditoreien Kneipen<\/strong><\/p>\n<p>Macchina completa di mescolatore pi\u00f9 frusta con variatore di velocit\u00e0 per ottenere diversi prodotti in base all\u2019utensile utilizzato.<\/p>\n<p>Mescolatore realizzato interamente in acciaio inox AISI 304, utile per realizzare minestroni, puree di verdure, salse, pastelle, maionese, passato di pomodoro, pesto ecc. Frusta realizzata in acciaio inox AISI 304, utile per ottenere panna montata, creme, omelette, souffl\u00e8, ecc.<\/p>\n<p>Il modello MX40 \u00e8 dotato di: mescolatore di serie da 40 cm di lunghezza per un livello max di immersione fino a 29 cm; di una frusta di 35 cm con un livello max di immersione fino a 20 cm, e di un blocco motore con variatore di velocit\u00e0.<\/p>\n<p>Mixer a immersione professionale per ottenere diversi prodotti, ideale per Ristorazione in genere<br \/>\n<strong>MIXER<\/strong>: per realizzare minestroni, puree di verdure, salse, pastelle, maionese, passato di pomodoro, pesto ecc. Realizzato in acciaio inox.<\/p>\n<p>Optional MX40 aggiuntivi<\/p>\n<p>Frusta: L. 35 cm, Kg 1, immersione max 20cm.<\/p>\n<p>Mescolatore: 30cm, Kg 1.2, immersione max 19cm.<\/p>\n<p>Mescolatore: 40cm, Kg 1.4, immersione max 29cm.<\/p>\n<p>Mescolatore: 50cm, Kg 1.6, immersione max 39cm.<\/p>\n<p>Mescolatore: 60cm, 1.8, immersione max 49cm.<\/p>\n<hr \/>\n<p><strong>Technische Daten<\/strong><\/p>\n<div>\n<table class=\"table table-striped\">\n<tbody>\n<tr>\n<td>POWER<\/td>\n<td>0,4 kW (0,5 PS)<\/td>\n<\/tr>\n<tr>\n<td>SUPPLY<\/td>\n<td>230V\/1N\/50-60Hz<\/td>\n<\/tr>\n<tr>\n<td>ABMESSUNGEN<\/td>\n<td>155 x 120 x 790 h (mm) (con mescolatore 40 cm \/ with mixer 400 mm)<br \/>\n155 x 120 x 710 h (mm) (con frusta \/ with whip)<\/td>\n<\/tr>\n<tr>\n<td>NETTOGEWICHT<\/td>\n<td>4,5 Kg (mescolatore \/ mixer 400 mm + frusta \/ whip)<\/td>\n<\/tr>\n<tr>\n<td>BRUTTOGEWICHT<\/td>\n<td>6 Kg (mescolatore \/ mixer 400 mm + frusta \/ whip)<\/td>\n<\/tr>\n<tr>\n<td>VERPACKUNGSMASSE<\/td>\n<td>490 x 390 x 170 h (mm)<\/td>\n<\/tr>\n<tr>\n<td>VERPACKUNGSVOLUMEN<\/td>\n<td>0,032 m\u00b3<\/td>\n<\/tr>\n<tr>\n<td class=\"tdbg\">TANKKAPAZIT\u00c4T<\/td>\n<td class=\"tdsp\">60 Lt. (lunghezza mescolatore \/ mixer length 400 mm)<\/td>\n<\/tr>\n<tr>\n<td class=\"tdbg\">VELOCIT\u00c1 MESCOLATORE<\/td>\n<td class=\"tdsp\">2500\u00f711000 U\/min<\/td>\n<\/tr>\n<tr>\n<td class=\"tdbg\">VELOCIT\u00c1 FRUSTA<\/td>\n<td class=\"tdsp\">250\u00f71500 U\/min<\/td>\n<\/tr>\n<tr>\n<td class=\"tdbg\">LUNGHEZZA MESCOLATORE<\/td>\n<td class=\"tdsp\">300 mm - 400 mm - 500 mm - 600 mm<\/td>\n<\/tr>\n<tr>\n<td class=\"tdbg\">LUNGHEZZA FRUSTA<\/td>\n<td class=\"tdsp\">350 mm<\/td>\n<\/tr>\n<tr>\n<td class=\"tdbg\">LIVELLO MAX DI IMMERSIONE MESCOLATORE<\/td>\n<td class=\"tdsp\">(300mm) 190 mm &#8211; (400mm) 290 mm &#8211; (500mm) 390 mm &#8211; (600mm) 490 mm<\/td>\n<\/tr>\n<tr>\n<td class=\"tdbg\">LIVELLO MAX DI IMMERSIONE FRUSTA<\/td>\n<td class=\"tdsp\">200 mm<\/td>\n<\/tr>\n<tr>\n<td class=\"tdbg\">PESO MESCOLATORE<\/td>\n<td class=\"tdsp\">(300mm) 1.2 Kg - (400mm) 1.4 Kg - (500mm) 1.6 Kg - (600mm) 1.8 Kg<\/td>\n<\/tr>\n<tr>\n<td class=\"tdbg\">PESO FRUSTA<\/td>\n<td class=\"tdsp\">1 kg<\/td>\n<\/tr>\n<\/tbody>\n<\/table>\n<\/div>\n<hr \/>\n<p><iframe loading=\"lazy\" src=\"https:\/\/www.youtube.com\/embed\/oA6OrgWTYaE\" width=\"540\" height=\"300\" frameborder=\"0\" allowfullscreen=\"allowfullscreen\"><span data-mce-type=\"bookmark\" style=\"display: inline-block; width: 0px; overflow: hidden; line-height: 0;\" class=\"mce_SELRES_start\"><\/span><span data-mce-type=\"bookmark\" style=\"display: inline-block; width: 0px; overflow: hidden; line-height: 0;\" class=\"mce_SELRES_start\"><\/span><span data-mce-type=\"bookmark\" style=\"display: inline-block; width: 0px; overflow: hidden; line-height: 0;\" class=\"mce_SELRES_start\"><\/span><span data-mce-type=\"bookmark\" style=\"display: inline-block; width: 0px; overflow: hidden; line-height: 0;\" class=\"mce_SELRES_start\"><\/span><span data-mce-type=\"bookmark\" style=\"display: inline-block; width: 0px; overflow: hidden; line-height: 0;\" class=\"mce_SELRES_start\"><\/span><\/iframe><\/p>","protected":false},"excerpt":{"rendered":"<p>Mixer frullatore a immersione professionale 400W Velocit\u00e0 Variabile ideale per Bar Ristoranti Pasticcerie Pub Macchina completa di mescolatore pi\u00f9 frusta con variatore di velocit\u00e0 per ottenere diversi prodotti in base all\u2019utensile utilizzato. Mescolatore realizzato interamente in acciaio inox AISI 304, utile per realizzare minestroni, puree di verdure, salse, pastelle, maionese, passato di pomodoro, pesto ecc. [&#8230;]","protected":false},"featured_media":121479,"comment_status":"closed","ping_status":"closed","template":"","meta":{"_monsterinsights_skip_tracking":false,"_monsterinsights_sitenote_active":false,"_monsterinsights_sitenote_note":"","_monsterinsights_sitenote_category":0},"product_brand":[628],"product_cat":[65,46,10,163,317,814,25],"product_tag":[],"class_list":{"0":"post-17192","1":"product","2":"type-product","3":"status-publish","4":"has-post-thumbnail","6":"product_brand-fimar","7":"product_cat-frullatori","8":"product_cat-attrezzature-per-pizzeria-attrezzi-pizzaiolo","9":"product_cat-attrezzature-bar","10":"product_cat-frullatori-ristorazione","11":"product_cat-gelaterie","12":"product_cat-mixer-frullatori","13":"product_cat-attrezzature-ristoranti-pub-cucine","14":"product_shipping_class-f","16":"first","17":"instock","18":"taxable","19":"shipping-taxable","20":"purchasable","21":"product-type-simple"},"_links":{"self":[{"href":"https:\/\/www.creaearredanegozi.it\/de\/wp-json\/wp\/v2\/product\/17192","targetHints":{"allow":["GET"]}}],"collection":[{"href":"https:\/\/www.creaearredanegozi.it\/de\/wp-json\/wp\/v2\/product"}],"about":[{"href":"https:\/\/www.creaearredanegozi.it\/de\/wp-json\/wp\/v2\/types\/product"}],"replies":[{"embeddable":true,"href":"https:\/\/www.creaearredanegozi.it\/de\/wp-json\/wp\/v2\/comments?post=17192"}],"wp:featuredmedia":[{"embeddable":true,"href":"https:\/\/www.creaearredanegozi.it\/de\/wp-json\/wp\/v2\/media\/121479"}],"wp:attachment":[{"href":"https:\/\/www.creaearredanegozi.it\/de\/wp-json\/wp\/v2\/media?parent=17192"}],"wp:term":[{"taxonomy":"product_brand","embeddable":true,"href":"https:\/\/www.creaearredanegozi.it\/de\/wp-json\/wp\/v2\/product_brand?post=17192"},{"taxonomy":"product_cat","embeddable":true,"href":"https:\/\/www.creaearredanegozi.it\/de\/wp-json\/wp\/v2\/product_cat?post=17192"},{"taxonomy":"product_tag","embeddable":true,"href":"https:\/\/www.creaearredanegozi.it\/de\/wp-json\/wp\/v2\/product_tag?post=17192"}],"curies":[{"name":"wp","href":"https:\/\/api.w.org\/{rel}","templated":true}]}}