{"id":17244,"date":"2018-11-15T12:52:11","date_gmt":"2018-11-15T11:52:11","guid":{"rendered":"https:\/\/www.creaearredanegozi.it\/?post_type=product&#038;p=17244"},"modified":"2024-03-20T11:47:53","modified_gmt":"2024-03-20T10:47:53","slug":"banco-orizzontale-refrigerato-vetro-dritto-2-4-c-l-163-cm-illuminazione-led-tecfrigo","status":"publish","type":"product","link":"https:\/\/www.creaearredanegozi.it\/de\/banco-orizzontale-refrigerato-vetro-dritto-2-4-c-l-163-cm-illuminazione-led-tecfrigo\/","title":{"rendered":"Horizontale K\u00fchltheke gerade Glas +2\/+4 \u00b0C L. 163 cm Tecfrigo LED Beleuchtung"},"content":{"rendered":"<p style=\"text-align: center;\"><strong>Horizontale K\u00fchltheke gerade Glas +2\/+4 \u00b0C L. 163 cm Tecfrigo LED Beleuchtung<\/strong><\/p>\n<ul>\n<li>Unverzichtbare Linie in einer professionellen Bank, <strong>Sonnenaufgang<\/strong> hat eine lackierte Hart-Polyurethan-Frontplatte und 12 mm starke laminierte Seitenplatten.<\/li>\n<li>Standardfarbe gelb.<\/li>\n<li>Frontl\u00fcftungsgitter aus Aluminium.<\/li>\n<li><strong>Schloss aus geh\u00e4rtetem und thermischem Glas<\/strong> elektrisch angetriebenes Frontglas, das von unten nach oben ge\u00f6ffnet werden kann <strong>Kolben<\/strong>.<\/li>\n<li>Schnelles (90\") Abtauen des Verdampfers mit umgekehrtem Zyklus.<\/li>\n<li>Schiebet\u00fcren auf der Bedienerseite aus Plexiglas.<\/li>\n<li>Beleuchtung bei <strong>LED<\/strong> mit hoher Lichtausbeute und Energieeinsparung.<\/li>\n<li>Elektronisches Steuerger\u00e4t mit Display und Bedienfeld auf der R\u00fcckseite.<\/li>\n<li>Neutrales St\u00fctzfach auf der Bedienerseite.<\/li>\n<li>Standard-F\u00fc\u00dfe.<\/li>\n<li>Erh\u00e4ltlich mit 2 neutralen Einlegeb\u00f6den oder ohne Einlegeb\u00f6den.<\/li>\n<\/ul>\n<p>Verf\u00fcgbare Versionen<\/p>\n<table style=\"width: 100%;\">\n<tbody>\n<tr>\n<td style=\"text-align: center;\">h 138 (<strong>VD<\/strong>)<\/td>\n<td style=\"text-align: center;\">h 122 (<strong>VDB<\/strong>).<\/td>\n<\/tr>\n<tr>\n<td colspan=\"2\"><img decoding=\"async\" class=\"alignnone size-medium wp-image-17260 aligncenter\" title=\"Eisvitrine gerade Glas -16\/-18 \u00b0C L. 112 Fassungsverm\u00f6gen 12 Tabletts cm led Beleuchtung Tecfrigo\" src=\"https:\/\/www.creaearredanegozi.it\/wp-content\/uploads\/2018\/11\/ALBA-VD-VDB-500x249.jpg\" sizes=\"(max-width: 500px) 100vw, 500px\" srcset=\"https:\/\/www.creaearredanegozi.it\/wp-content\/uploads\/2018\/11\/ALBA-VD-VDB-500x249.jpg 500w, https:\/\/www.creaearredanegozi.it\/wp-content\/uploads\/2018\/11\/ALBA-VD-VDB-516x257.jpg 516w, https:\/\/www.creaearredanegozi.it\/wp-content\/uploads\/2018\/11\/ALBA-VD-VDB-64x32.jpg 64w, https:\/\/www.creaearredanegozi.it\/wp-content\/uploads\/2018\/11\/ALBA-VD-VDB-200x100.jpg 200w, https:\/\/www.creaearredanegozi.it\/wp-content\/uploads\/2018\/11\/ALBA-VD-VDB-768x383.jpg 768w, https:\/\/www.creaearredanegozi.it\/wp-content\/uploads\/2018\/11\/ALBA-VD-VDB-645x321.jpg 645w, https:\/\/www.creaearredanegozi.it\/wp-content\/uploads\/2018\/11\/ALBA-VD-VDB-560x279.jpg 560w, https:\/\/www.creaearredanegozi.it\/wp-content\/uploads\/2018\/11\/ALBA-VD-VDB-750x374.jpg 750w, https:\/\/www.creaearredanegozi.it\/wp-content\/uploads\/2018\/11\/ALBA-VD-VDB-400x199.jpg 400w, https:\/\/www.creaearredanegozi.it\/wp-content\/uploads\/2018\/11\/ALBA-VD-VDB-510x254.jpg 510w, https:\/\/www.creaearredanegozi.it\/wp-content\/uploads\/2018\/11\/ALBA-VD-VDB.jpg 967w\" alt=\"Eisvitrine gerade Glas -16\/-18 \u00b0C L. 112 Fassungsverm\u00f6gen 12 Tabletts cm led Beleuchtung Tecfrigo\" width=\"500\" height=\"249\" \/><\/td>\n<\/tr>\n<\/tbody>\n<\/table>\n<p>&nbsp;<\/p>\n<table class=\"table table-striped\" style=\"width: 100%;\">\n<tbody>\n<tr>\n<td>\n<p class=\"dati_tecnici_label_1\"><strong>Modell<\/strong><\/p>\n<\/td>\n<td><b>Alba 1600 VD\/VDB<\/b><\/td>\n<\/tr>\n<tr>\n<td><strong>Temperatur <\/strong><\/td>\n<td align=\"left\">+2\/+4 \u00b0C<\/td>\n<\/tr>\n<tr>\n<td><strong>Relative Luftfeuchtigkeit (%)<\/strong><\/td>\n<td align=\"left\">55<\/td>\n<\/tr>\n<tr>\n<td><strong>Abmessungen mm<\/strong><\/td>\n<td align=\"left\">1627x1060x1383 (VD) o 1223 (VDB)<\/td>\n<\/tr>\n<tr>\n<td><strong>Gewicht<\/strong><\/td>\n<td align=\"left\">290 kg<\/td>\n<\/tr>\n<tr>\n<td><b>Abmessungen Regale <\/b><em>(nur VD)<\/em><\/td>\n<td align=\"left\">N. 2 &#8211; mm 260&#215;1603 (VD)<\/td>\n<\/tr>\n<tr>\n<td><strong>Absorption<\/strong><\/td>\n<td align=\"left\">850<\/td>\n<\/tr>\n<tr>\n<td><strong>Spannung<\/strong><\/td>\n<td align=\"left\">230 V\/1\/50Hz<\/td>\n<\/tr>\n<tr>\n<td><strong>Art der Abtauung<\/strong><\/td>\n<td align=\"left\">Automatisch elektrisch<\/td>\n<\/tr>\n<tr>\n<td><strong>Verdunstung<\/strong><\/td>\n<td align=\"left\">Automatisch<\/td>\n<\/tr>\n<tr>\n<td><strong>K\u00e4ltetechnik<\/strong><\/td>\n<td align=\"left\">Bel\u00fcftet<\/td>\n<\/tr>\n<tr>\n<td><strong>K\u00e4ltemittelgas<\/strong><\/td>\n<td align=\"left\">R452A<\/td>\n<\/tr>\n<tr>\n<td><strong>Beleuchtung<\/strong><\/td>\n<td align=\"left\">LED Standard<\/td>\n<\/tr>\n<\/tbody>\n<\/table>\n<p>&nbsp;<\/p>","protected":false},"excerpt":{"rendered":"<p>Banco orizzontale refrigerato vetro dritto +2\/+4 \u00b0C L. 163 cm illuminazione led Tecfrigo Linea essenziale in un banco professionale, Alba ha il pannello frontale in poliuretano rigido verniciato e pannelli laterali in stratificato 12mm. Colore standard giallo. Griglia di ventilazione frontale in alluminio. Castello vetri temperato e termico alimentato elettricamente, vetro frontale apribile dal basso [&#8230;]","protected":false},"featured_media":17234,"comment_status":"closed","ping_status":"closed","template":"","meta":{"_monsterinsights_skip_tracking":false,"_monsterinsights_sitenote_active":false,"_monsterinsights_sitenote_note":"","_monsterinsights_sitenote_category":0},"product_brand":[742],"product_cat":[101,317],"product_tag":[],"class_list":{"0":"post-17244","1":"product","2":"type-product","3":"status-publish","4":"has-post-thumbnail","6":"product_brand-tecfrigo","7":"product_cat-banchi-frigo-alimentari","8":"product_cat-gelaterie","9":"product_shipping_class-n","10":"pa_classe-energetica-classe-g","11":"pa_marca-tecfrigo","13":"first","14":"instock","15":"taxable","16":"shipping-taxable","17":"purchasable","18":"product-type-variable"},"_links":{"self":[{"href":"https:\/\/www.creaearredanegozi.it\/de\/wp-json\/wp\/v2\/product\/17244","targetHints":{"allow":["GET"]}}],"collection":[{"href":"https:\/\/www.creaearredanegozi.it\/de\/wp-json\/wp\/v2\/product"}],"about":[{"href":"https:\/\/www.creaearredanegozi.it\/de\/wp-json\/wp\/v2\/types\/product"}],"replies":[{"embeddable":true,"href":"https:\/\/www.creaearredanegozi.it\/de\/wp-json\/wp\/v2\/comments?post=17244"}],"wp:featuredmedia":[{"embeddable":true,"href":"https:\/\/www.creaearredanegozi.it\/de\/wp-json\/wp\/v2\/media\/17234"}],"wp:attachment":[{"href":"https:\/\/www.creaearredanegozi.it\/de\/wp-json\/wp\/v2\/media?parent=17244"}],"wp:term":[{"taxonomy":"product_brand","embeddable":true,"href":"https:\/\/www.creaearredanegozi.it\/de\/wp-json\/wp\/v2\/product_brand?post=17244"},{"taxonomy":"product_cat","embeddable":true,"href":"https:\/\/www.creaearredanegozi.it\/de\/wp-json\/wp\/v2\/product_cat?post=17244"},{"taxonomy":"product_tag","embeddable":true,"href":"https:\/\/www.creaearredanegozi.it\/de\/wp-json\/wp\/v2\/product_tag?post=17244"}],"curies":[{"name":"wp","href":"https:\/\/api.w.org\/{rel}","templated":true}]}}