{"id":17264,"date":"2018-11-17T10:50:24","date_gmt":"2018-11-17T09:50:24","guid":{"rendered":"https:\/\/www.creaearredanegozi.it\/?post_type=product&#038;p=17264"},"modified":"2024-03-19T13:18:35","modified_gmt":"2024-03-19T12:18:35","slug":"vetrina-gelateria-vetro-dritto-16-18-c-l-163-cm-capacita-18-vaschette-illuminazione-led-tecfrigo-copia","status":"publish","type":"product","link":"https:\/\/www.creaearredanegozi.it\/de\/vetrina-gelateria-vetro-dritto-16-18-c-l-163-cm-capacita-18-vaschette-illuminazione-led-tecfrigo-copia\/","title":{"rendered":"Eisvitrine gerade Glas -16\/-18 \u00b0C L. 214 cm Kapazit\u00e4t 24 Tabletts led Beleuchtung Tecfrigo"},"content":{"rendered":"<p style=\"text-align: center;\"><strong>Eisvitrine gerade Glas -16\/-18 \u00b0C L. 214 cm Kapazit\u00e4t 24 Tabletts led Beleuchtung Tecfrigo<\/strong><\/p>\n<ul>\n<li>Unverzichtbare Linie in einer professionellen Bank, <strong>Sonnenaufgang<\/strong> hat eine lackierte Hart-Polyurethan-Frontplatte und 12 mm starke laminierte Seitenplatten.<\/li>\n<li>Frontplatte aus lackiertem, hartem Polyurethan und Seitenplatten aus 12mm-Laminat.<\/li>\n<li>Standardfarbe gelb.<\/li>\n<li>Frontl\u00fcftungsgitter aus Aluminium.<\/li>\n<li>Elektrisch betriebenes Schloss aus geh\u00e4rtetem und w\u00e4rmeisoliertem Glas, Frontglas, das von der Seite ge\u00f6ffnet werden kann<br \/>\nmit Hilfe von Kolben nach oben.<\/li>\n<li>Schnelles (90\") Abtauen des Verdampfers mit umgekehrtem Zyklus.<\/li>\n<li>Schiebet\u00fcren auf der Bedienerseite aus Plexiglas.<\/li>\n<li>LED-Beleuchtung mit hoher Lichtausbeute und Energieeinsparung.<\/li>\n<li>Elektronisches Steuerger\u00e4t mit Display und Bedienfeld auf der R\u00fcckseite.<\/li>\n<li>Neutrales St\u00fctzfach auf der Bedienerseite.<\/li>\n<li>Standard-F\u00fc\u00dfe.<\/li>\n<li>Versioni disponibili: h 138 (<strong>VD<\/strong>) o h 122 (<strong>VDB<\/strong>).<\/li>\n<\/ul>\n<p><img decoding=\"async\" class=\"alignnone size-medium wp-image-17260\" src=\"https:\/\/www.creaearredanegozi.it\/wp-content\/uploads\/2018\/11\/ALBA-VD-VDB-500x249.jpg\" alt=\"\" width=\"500\" height=\"249\" title=\"\" srcset=\"https:\/\/www.creaearredanegozi.it\/wp-content\/uploads\/2018\/11\/ALBA-VD-VDB-500x249.jpg 500w, https:\/\/www.creaearredanegozi.it\/wp-content\/uploads\/2018\/11\/ALBA-VD-VDB-516x257.jpg 516w, https:\/\/www.creaearredanegozi.it\/wp-content\/uploads\/2018\/11\/ALBA-VD-VDB-64x32.jpg 64w, https:\/\/www.creaearredanegozi.it\/wp-content\/uploads\/2018\/11\/ALBA-VD-VDB-200x100.jpg 200w, https:\/\/www.creaearredanegozi.it\/wp-content\/uploads\/2018\/11\/ALBA-VD-VDB-768x383.jpg 768w, https:\/\/www.creaearredanegozi.it\/wp-content\/uploads\/2018\/11\/ALBA-VD-VDB-645x321.jpg 645w, https:\/\/www.creaearredanegozi.it\/wp-content\/uploads\/2018\/11\/ALBA-VD-VDB-560x279.jpg 560w, https:\/\/www.creaearredanegozi.it\/wp-content\/uploads\/2018\/11\/ALBA-VD-VDB-750x374.jpg 750w, https:\/\/www.creaearredanegozi.it\/wp-content\/uploads\/2018\/11\/ALBA-VD-VDB-400x199.jpg 400w, https:\/\/www.creaearredanegozi.it\/wp-content\/uploads\/2018\/11\/ALBA-VD-VDB-510x254.jpg 510w, https:\/\/www.creaearredanegozi.it\/wp-content\/uploads\/2018\/11\/ALBA-VD-VDB.jpg 967w\" sizes=\"(max-width: 500px) 100vw, 500px\" \/><\/p>\n<table class=\"table table-striped\">\n<tbody>\n<tr>\n<td>\n<p class=\"dati_tecnici_label_1\"><strong>Modell<\/strong><\/p>\n<\/td>\n<td><b>Alba 24 VD\/VDB<\/b><\/td>\n<\/tr>\n<tr>\n<td><strong>Temperatur <\/strong><\/td>\n<td align=\"left\">-16\/-18 \u00b0C<\/td>\n<\/tr>\n<tr>\n<td><strong>Relative Luftfeuchtigkeit (%)<\/strong><\/td>\n<td align=\"left\">65\/75<\/td>\n<\/tr>\n<tr>\n<td><strong>Abmessungen mm<\/strong><\/td>\n<td align=\"left\">2144&#215;1060 h 1383 o 1223<\/td>\n<\/tr>\n<tr>\n<td><strong>Gewicht<\/strong><\/td>\n<td align=\"left\">380 kg<\/td>\n<\/tr>\n<tr>\n<td><b>Fassungsverm\u00f6gen der Schale<\/b><\/td>\n<td align=\"left\">N. 24 &#8211; Lt 5\/7\/9<\/td>\n<\/tr>\n<tr>\n<td><strong>Strom<\/strong><\/td>\n<td align=\"left\">2500 Watt<\/td>\n<\/tr>\n<tr>\n<td><strong>Leistung beim Abtauen<\/strong><\/td>\n<td align=\"left\">3800 Watt<\/td>\n<\/tr>\n<tr>\n<td><strong>Spannung<\/strong><\/td>\n<td align=\"left\">230 V\/1\/50Hz<\/td>\n<\/tr>\n<tr>\n<td><strong>Art der Abtauung<\/strong><\/td>\n<td align=\"left\">Automatisch mit Zyklusumkehr<\/td>\n<\/tr>\n<tr>\n<td><strong>Verdunstung<\/strong><\/td>\n<td align=\"left\">Automatisch<\/td>\n<\/tr>\n<tr>\n<td><strong>K\u00e4ltetechnik<\/strong><\/td>\n<td align=\"left\">Bel\u00fcftet<\/td>\n<\/tr>\n<tr>\n<td><strong>K\u00e4ltemittelgas<\/strong><\/td>\n<td align=\"left\">R452A<\/td>\n<\/tr>\n<tr>\n<td><strong>Beleuchtung<\/strong><\/td>\n<td align=\"left\">LED Standard<\/td>\n<\/tr>\n<\/tbody>\n<\/table>\n<p>&nbsp;<\/p>","protected":false},"excerpt":{"rendered":"<p>Vetrina gelateria vetro dritto -16\/-18 \u00b0C L. 214 cm capacit\u00e0 24 vaschette illuminazione led Tecfrigo Linea essenziale in un banco professionale, Alba ha il pannello frontale in poliuretano rigido verniciato e pannelli laterali in stratificato 12mm. Pannello frontale in poliuretano rigido verniciato e pannelli laterali in stratificato 12mm. Colore standard giallo. Griglia di ventilazione frontale [&#8230;]","protected":false},"featured_media":17257,"comment_status":"closed","ping_status":"closed","template":"","meta":{"_monsterinsights_skip_tracking":false,"_monsterinsights_sitenote_active":false,"_monsterinsights_sitenote_note":"","_monsterinsights_sitenote_category":0},"product_brand":[742],"product_cat":[101,317],"product_tag":[],"class_list":{"0":"post-17264","1":"product","2":"type-product","3":"status-publish","4":"has-post-thumbnail","6":"product_brand-tecfrigo","7":"product_cat-banchi-frigo-alimentari","8":"product_cat-gelaterie","9":"product_shipping_class-h","10":"pa_classe-energetica-classe-d","11":"pa_marca-tecfrigo","13":"first","14":"instock","15":"taxable","16":"shipping-taxable","17":"purchasable","18":"product-type-variable"},"_links":{"self":[{"href":"https:\/\/www.creaearredanegozi.it\/de\/wp-json\/wp\/v2\/product\/17264","targetHints":{"allow":["GET"]}}],"collection":[{"href":"https:\/\/www.creaearredanegozi.it\/de\/wp-json\/wp\/v2\/product"}],"about":[{"href":"https:\/\/www.creaearredanegozi.it\/de\/wp-json\/wp\/v2\/types\/product"}],"replies":[{"embeddable":true,"href":"https:\/\/www.creaearredanegozi.it\/de\/wp-json\/wp\/v2\/comments?post=17264"}],"wp:featuredmedia":[{"embeddable":true,"href":"https:\/\/www.creaearredanegozi.it\/de\/wp-json\/wp\/v2\/media\/17257"}],"wp:attachment":[{"href":"https:\/\/www.creaearredanegozi.it\/de\/wp-json\/wp\/v2\/media?parent=17264"}],"wp:term":[{"taxonomy":"product_brand","embeddable":true,"href":"https:\/\/www.creaearredanegozi.it\/de\/wp-json\/wp\/v2\/product_brand?post=17264"},{"taxonomy":"product_cat","embeddable":true,"href":"https:\/\/www.creaearredanegozi.it\/de\/wp-json\/wp\/v2\/product_cat?post=17264"},{"taxonomy":"product_tag","embeddable":true,"href":"https:\/\/www.creaearredanegozi.it\/de\/wp-json\/wp\/v2\/product_tag?post=17264"}],"curies":[{"name":"wp","href":"https:\/\/api.w.org\/{rel}","templated":true}]}}