{"id":17279,"date":"2018-11-17T12:03:53","date_gmt":"2018-11-17T11:03:53","guid":{"rendered":"https:\/\/www.creaearredanegozi.it\/?post_type=product&#038;p=17279"},"modified":"2024-03-19T13:01:41","modified_gmt":"2024-03-19T12:01:41","slug":"vetrina-gelateria-vetro-curvo-16-18-c-l-112-cm-illuminazione-led-tecfrigo","status":"publish","type":"product","link":"https:\/\/www.creaearredanegozi.it\/de\/vetrina-gelateria-vetro-curvo-16-18-c-l-112-cm-illuminazione-led-tecfrigo\/","title":{"rendered":"Eisvitrine gew\u00f6lbtes Glas -16\/-18 \u00b0C B. 163 cm Kapazit\u00e4t 18 Tabletts led Beleuchtung Tecfrigo"},"content":{"rendered":"<p style=\"text-align: center;\"><strong>Eisvitrine gew\u00f6lbtes Glas -16\/-18 \u00b0C B. 163 cm Kapazit\u00e4t 18 Tabletts led Beleuchtung Tecfrigo<\/strong><\/p>\n<ul>\n<li>Frontplatte aus lackiertem, hartem Polyurethan und Seitenplatten aus 12mm-Laminat.<\/li>\n<li>Standardfarbe rot, optional RAL-Farben<\/li>\n<li>Frontl\u00fcftungsgitter aus Aluminium.<\/li>\n<li>Elektrisch angetriebenes Schloss aus geh\u00e4rtetem und w\u00e4rmeisoliertem Glas, Frontglas\u00f6ffnung von unten nach oben durch Kolben.<\/li>\n<li>Schnelles (90\") Abtauen des Verdampfers mit umgekehrtem Zyklus.<\/li>\n<li>Schiebet\u00fcren auf der Bedienerseite aus Plexiglas.<\/li>\n<li>LED-Beleuchtung mit hoher Lichtausbeute und Energieeinsparung.<\/li>\n<li>Elektronisches Steuerger\u00e4t mit Display und Bedienfeld auf der R\u00fcckseite.<\/li>\n<li>Neutrales St\u00fctzfach auf der Bedienerseite.<\/li>\n<li>Standard-F\u00fc\u00dfe.<\/li>\n<\/ul>\n<p>&nbsp;<\/p>\n<table class=\"table table-striped\">\n<tbody>\n<tr>\n<td>\n<p class=\"dati_tecnici_label_1\"><strong>Modell<\/strong><\/p>\n<\/td>\n<td><b>Aurora 18 VC<\/b><\/td>\n<\/tr>\n<tr>\n<td><strong>Temperatur <\/strong><\/td>\n<td align=\"left\">-16\/-18 \u00b0C<\/td>\n<\/tr>\n<tr>\n<td><strong>Abmessungen mm<\/strong><\/td>\n<td align=\"left\">1627x1060x1390<\/td>\n<\/tr>\n<tr>\n<td><strong>Gewicht<\/strong><\/td>\n<td align=\"left\">230 kg<\/td>\n<\/tr>\n<tr>\n<td><b>Fassungsverm\u00f6gen der Schale<\/b><\/td>\n<td align=\"left\">N. 18 &#8211; 5\/7\/9<\/td>\n<\/tr>\n<tr>\n<td><strong>Strom<\/strong><\/td>\n<td align=\"left\">2080 Watt<\/td>\n<\/tr>\n<tr>\n<td><strong>Leistung beim Abtauen<\/strong><\/td>\n<td align=\"left\">3530 Watt<\/td>\n<\/tr>\n<tr>\n<td><strong>Spannung<\/strong><\/td>\n<td align=\"left\">230 V\/1\/50Hz<\/td>\n<\/tr>\n<tr>\n<td><strong>Art der Abtauung<\/strong><\/td>\n<td align=\"left\">Automatisch elektrisch<\/td>\n<\/tr>\n<tr>\n<td><strong>Verdunstung<\/strong><\/td>\n<td align=\"left\">Automatisch<\/td>\n<\/tr>\n<tr>\n<td><strong>K\u00e4ltetechnik<\/strong><\/td>\n<td align=\"left\">Bel\u00fcftet<\/td>\n<\/tr>\n<tr>\n<td><strong>K\u00e4ltemittelgas<\/strong><\/td>\n<td align=\"left\">R452A<\/td>\n<\/tr>\n<tr>\n<td><strong>Beleuchtung<\/strong><\/td>\n<td align=\"left\">LED Standard<\/td>\n<\/tr>\n<\/tbody>\n<\/table>\n<p>&nbsp;<\/p>","protected":false},"excerpt":{"rendered":"<p>Vetrina gelateria vetro curvo -16\/-18 \u00b0C L. 163 cm capacit\u00e0 18 vaschette illuminazione led Tecfrigo Pannello frontale in poliuretano rigido verniciato e pannelli laterali in stratificato 12mm. Colore standard rosso, optional colori RAL Griglia di ventilazione frontale in alluminio. Castello vetri temperato e termico alimentato elettricamente, vetro frontale apribile dal basso verso l&#8217;alto tramite pistoni. [&#8230;]","protected":false},"featured_media":17280,"comment_status":"closed","ping_status":"closed","template":"","meta":{"_monsterinsights_skip_tracking":false,"_monsterinsights_sitenote_active":false,"_monsterinsights_sitenote_note":"","_monsterinsights_sitenote_category":0},"product_brand":[742],"product_cat":[101,317],"product_tag":[],"class_list":{"0":"post-17279","1":"product","2":"type-product","3":"status-publish","4":"has-post-thumbnail","6":"product_brand-tecfrigo","7":"product_cat-banchi-frigo-alimentari","8":"product_cat-gelaterie","9":"product_shipping_class-n","10":"pa_classe-energetica-classe-d","11":"pa_marca-tecfrigo","13":"first","14":"instock","15":"taxable","16":"shipping-taxable","17":"purchasable","18":"product-type-simple"},"_links":{"self":[{"href":"https:\/\/www.creaearredanegozi.it\/de\/wp-json\/wp\/v2\/product\/17279","targetHints":{"allow":["GET"]}}],"collection":[{"href":"https:\/\/www.creaearredanegozi.it\/de\/wp-json\/wp\/v2\/product"}],"about":[{"href":"https:\/\/www.creaearredanegozi.it\/de\/wp-json\/wp\/v2\/types\/product"}],"replies":[{"embeddable":true,"href":"https:\/\/www.creaearredanegozi.it\/de\/wp-json\/wp\/v2\/comments?post=17279"}],"wp:featuredmedia":[{"embeddable":true,"href":"https:\/\/www.creaearredanegozi.it\/de\/wp-json\/wp\/v2\/media\/17280"}],"wp:attachment":[{"href":"https:\/\/www.creaearredanegozi.it\/de\/wp-json\/wp\/v2\/media?parent=17279"}],"wp:term":[{"taxonomy":"product_brand","embeddable":true,"href":"https:\/\/www.creaearredanegozi.it\/de\/wp-json\/wp\/v2\/product_brand?post=17279"},{"taxonomy":"product_cat","embeddable":true,"href":"https:\/\/www.creaearredanegozi.it\/de\/wp-json\/wp\/v2\/product_cat?post=17279"},{"taxonomy":"product_tag","embeddable":true,"href":"https:\/\/www.creaearredanegozi.it\/de\/wp-json\/wp\/v2\/product_tag?post=17279"}],"curies":[{"name":"wp","href":"https:\/\/api.w.org\/{rel}","templated":true}]}}