{"id":17285,"date":"2018-11-17T12:28:39","date_gmt":"2018-11-17T11:28:39","guid":{"rendered":"https:\/\/www.creaearredanegozi.it\/?post_type=product&#038;p=17285"},"modified":"2024-03-19T12:23:15","modified_gmt":"2024-03-19T11:23:15","slug":"vetrina-gelateria-vetro-curvo-16-18-c-l-214-cm-capacita-24-vaschette-illuminazione-led-tecfrigo","status":"publish","type":"product","link":"https:\/\/www.creaearredanegozi.it\/de\/vetrina-gelateria-vetro-curvo-16-18-c-l-214-cm-capacita-24-vaschette-illuminazione-led-tecfrigo\/","title":{"rendered":"Eisvitrine gebogenes Glas -16\/-18 \u00b0C L. 214 cm Kapazit\u00e4t 24 Schalen led Beleuchtung Tecfrigo"},"content":{"rendered":"<p style=\"text-align: center;\"><strong>Eisvitrine gebogenes Glas -16\/-18 \u00b0C L. 214 cm Kapazit\u00e4t 24 Schalen led Beleuchtung Tecfrigo<\/strong><\/p>\n<ul>\n<li>Frontplatte aus lackiertem, hartem Polyurethan und Seitenplatten aus 12mm-Laminat.<\/li>\n<li>Standardfarbe rot, optional RAL-Farben<\/li>\n<li>Frontl\u00fcftungsgitter aus Aluminium.<\/li>\n<li>Elektrisch angetriebenes Schloss aus geh\u00e4rtetem und w\u00e4rmeisoliertem Glas, Frontglas\u00f6ffnung von unten nach oben durch Kolben.<\/li>\n<li>Schnelles (90\") Abtauen des Verdampfers mit umgekehrtem Zyklus.<\/li>\n<li>Schiebet\u00fcren auf der Bedienerseite aus Plexiglas.<\/li>\n<li>LED-Beleuchtung mit hoher Lichtausbeute und Energieeinsparung.<\/li>\n<li>Elektronisches Steuerger\u00e4t mit Display und Bedienfeld auf der R\u00fcckseite.<\/li>\n<li>Neutrales St\u00fctzfach auf der Bedienerseite.<\/li>\n<li>Standard-F\u00fc\u00dfe.<\/li>\n<\/ul>\n<table class=\"table table-striped\">\n<tbody>\n<tr>\n<td>\n<p class=\"dati_tecnici_label_1\"><strong>Modell<\/strong><\/p>\n<\/td>\n<td><b>Aurora 24 VC<\/b><\/td>\n<\/tr>\n<tr>\n<td><strong>Temperatur <\/strong><\/td>\n<td align=\"left\">-16\/-18 \u00b0C<\/td>\n<\/tr>\n<tr>\n<td><strong>Abmessungen mm<\/strong><\/td>\n<td align=\"left\">2144x1060x1390<\/td>\n<\/tr>\n<tr>\n<td><strong>Gewicht<\/strong><\/td>\n<td align=\"left\">380 kg<\/td>\n<\/tr>\n<tr>\n<td><b>Fassungsverm\u00f6gen der Schale<\/b><\/td>\n<td align=\"left\">N. 24 &#8211; Lt. 5\/7\/9<\/td>\n<\/tr>\n<tr>\n<td><strong>Absorption<\/strong><\/td>\n<td align=\"left\">2500 Watt<\/td>\n<\/tr>\n<tr>\n<td><strong>Assorbimento in sbrinamento<\/strong><\/td>\n<td align=\"left\">3800 Watt<\/td>\n<\/tr>\n<tr>\n<td><strong>Spannung<\/strong><\/td>\n<td align=\"left\">230 V\/1\/50Hz<\/td>\n<\/tr>\n<tr>\n<td><strong>Art der Abtauung<\/strong><\/td>\n<td align=\"left\">Automatisch elektrisch<\/td>\n<\/tr>\n<tr>\n<td><strong>Verdunstung<\/strong><\/td>\n<td align=\"left\">Automatisch<\/td>\n<\/tr>\n<tr>\n<td><strong>K\u00e4ltetechnik<\/strong><\/td>\n<td align=\"left\">Bel\u00fcftet<\/td>\n<\/tr>\n<tr>\n<td><strong>K\u00e4ltemittelgas<\/strong><\/td>\n<td align=\"left\">R452A<\/td>\n<\/tr>\n<tr>\n<td><strong>Beleuchtung<\/strong><\/td>\n<td align=\"left\">LED Standard<\/td>\n<\/tr>\n<\/tbody>\n<\/table>","protected":false},"excerpt":{"rendered":"<p>Vetrina gelateria vetro curvo -16\/-18 \u00b0C L. 214 cm capacit\u00e0 24 vaschette illuminazione led Tecfrigo Pannello frontale in poliuretano rigido verniciato e pannelli laterali in stratificato 12mm. Colore standard rosso, optional colori RAL Griglia di ventilazione frontale in alluminio. Castello vetri temperato e termico alimentato elettricamente, vetro frontale apribile dal basso verso l&#8217;alto tramite pistoni. [&#8230;]","protected":false},"featured_media":17280,"comment_status":"closed","ping_status":"closed","template":"","meta":{"_monsterinsights_skip_tracking":false,"_monsterinsights_sitenote_active":false,"_monsterinsights_sitenote_note":"","_monsterinsights_sitenote_category":0},"product_brand":[],"product_cat":[101,317],"product_tag":[],"class_list":{"0":"post-17285","1":"product","2":"type-product","3":"status-publish","4":"has-post-thumbnail","6":"product_cat-banchi-frigo-alimentari","7":"product_cat-gelaterie","8":"product_shipping_class-377","9":"pa_classe-energetica-classe-d","10":"pa_marca-tecfrigo","12":"first","13":"instock","14":"taxable","15":"shipping-taxable","16":"purchasable","17":"product-type-simple"},"_links":{"self":[{"href":"https:\/\/www.creaearredanegozi.it\/de\/wp-json\/wp\/v2\/product\/17285","targetHints":{"allow":["GET"]}}],"collection":[{"href":"https:\/\/www.creaearredanegozi.it\/de\/wp-json\/wp\/v2\/product"}],"about":[{"href":"https:\/\/www.creaearredanegozi.it\/de\/wp-json\/wp\/v2\/types\/product"}],"replies":[{"embeddable":true,"href":"https:\/\/www.creaearredanegozi.it\/de\/wp-json\/wp\/v2\/comments?post=17285"}],"wp:featuredmedia":[{"embeddable":true,"href":"https:\/\/www.creaearredanegozi.it\/de\/wp-json\/wp\/v2\/media\/17280"}],"wp:attachment":[{"href":"https:\/\/www.creaearredanegozi.it\/de\/wp-json\/wp\/v2\/media?parent=17285"}],"wp:term":[{"taxonomy":"product_brand","embeddable":true,"href":"https:\/\/www.creaearredanegozi.it\/de\/wp-json\/wp\/v2\/product_brand?post=17285"},{"taxonomy":"product_cat","embeddable":true,"href":"https:\/\/www.creaearredanegozi.it\/de\/wp-json\/wp\/v2\/product_cat?post=17285"},{"taxonomy":"product_tag","embeddable":true,"href":"https:\/\/www.creaearredanegozi.it\/de\/wp-json\/wp\/v2\/product_tag?post=17285"}],"curies":[{"name":"wp","href":"https:\/\/api.w.org\/{rel}","templated":true}]}}