{"id":17305,"date":"2018-11-20T14:27:15","date_gmt":"2018-11-20T13:27:15","guid":{"rendered":"https:\/\/www.creaearredanegozi.it\/?post_type=product&#038;p=17305"},"modified":"2024-03-19T11:58:26","modified_gmt":"2024-03-19T10:58:26","slug":"horizontale-vitrine-4-10-c-statisch-l-214-cm-2-neutrale-einlegeboden-led-beleuchtung-tecfrigo","status":"publish","type":"product","link":"https:\/\/www.creaearredanegozi.it\/de\/horizontale-vitrine-4-10-c-statisch-l-214-cm-2-neutrale-einlegeboden-led-beleuchtung-tecfrigo\/","title":{"rendered":"Horizontale Vitrine +4\/+10 \u00b0C statisch L. 214 cm 2 neutrale B\u00f6den led-Beleuchtung Tecfrigo"},"content":{"rendered":"<p style=\"text-align: center;\"><strong>Horizontale Vitrine +4\/+10 \u00b0C statisch L. 214 cm 2 neutrale B\u00f6den led-Beleuchtung Tecfrigo<\/strong><\/p>\n<ul>\n<li>Frontplatte aus lackiertem, hartem Polyurethan und Seitenplatten aus 12mm-Laminat.<\/li>\n<li>Standardfarbe Wei\u00df, optional RAL-Farben.<\/li>\n<li>Frontl\u00fcftungsgitter aus Aluminium.<\/li>\n<li>Elektrisch angetriebenes Schloss aus geh\u00e4rtetem und w\u00e4rmeisoliertem Glas, Frontglas\u00f6ffnung von unten nach oben durch Kolben.<\/li>\n<li>Nr. 2 neutrale Regale.<\/li>\n<li>Schnelles (90\") Abtauen des Verdampfers mit umgekehrtem Zyklus.<\/li>\n<li>Plexiglas-Schiebet\u00fcren auf der Bedienerseite als Standard<\/li>\n<li>LED-Beleuchtung mit hoher Lichtausbeute und Energieeinsparung.<\/li>\n<li>Elektronisches Steuerger\u00e4t mit Display und Bedienfeld auf der R\u00fcckseite.<\/li>\n<li>Neutrales St\u00fctzfach auf der Bedienerseite.<\/li>\n<li>Standard-F\u00fc\u00dfe.<\/li>\n<li>Auch verf\u00fcgbar <strong>SP<\/strong> Ohne Platten, eingebaut.<\/li>\n<\/ul>\n<table class=\"table table-striped\">\n<tbody>\n<tr>\n<td>\n<p class=\"dati_tecnici_label_1\"><strong>Modell<\/strong><\/p>\n<\/td>\n<td><b>Partei 2120 VC<\/b><\/td>\n<\/tr>\n<tr>\n<td><strong>Temperatur <\/strong><\/td>\n<td align=\"left\">+4\/+10 \u00b0C<\/td>\n<\/tr>\n<tr>\n<td><strong>Abmessungen mm<\/strong><\/td>\n<td align=\"left\">2140x874x1305<\/p>\n<p>SP: 2120x870x1305<\/td>\n<\/tr>\n<tr>\n<td><strong>Gewicht<\/strong><\/td>\n<td align=\"left\">266 kg<\/p>\n<p>SP: 226<\/td>\n<\/tr>\n<tr>\n<td><b>Pl\u00e4ne<\/b><\/td>\n<td align=\"left\">N. 2 - 215\u00d72120<\/td>\n<\/tr>\n<tr>\n<td><strong>Strom<\/strong><\/td>\n<td align=\"left\">1100 Watt<\/td>\n<\/tr>\n<tr>\n<td><strong>Relative Luftfeuchtigkeit (%)<\/strong><\/td>\n<td align=\"left\">60\/65<\/td>\n<\/tr>\n<tr>\n<td><strong>Spannung<\/strong><\/td>\n<td align=\"left\">230 V\/1\/50Hz<\/td>\n<\/tr>\n<tr>\n<td><strong>Art der Abtauung<\/strong><\/td>\n<td align=\"left\">Automatische Pause<\/td>\n<\/tr>\n<tr>\n<td><strong>Verdunstung<\/strong><\/td>\n<td align=\"left\">Automatisch<\/td>\n<\/tr>\n<tr>\n<td><strong>K\u00e4ltetechnik<\/strong><\/td>\n<td align=\"left\">Statik<\/td>\n<\/tr>\n<tr>\n<td><strong>K\u00e4ltemittelgas<\/strong><\/td>\n<td align=\"left\">R452A<\/td>\n<\/tr>\n<tr>\n<td><strong>Beleuchtung<\/strong><\/td>\n<td align=\"left\">LED Standard<\/td>\n<\/tr>\n<\/tbody>\n<\/table>","protected":false},"excerpt":{"rendered":"<p>Vetrina orizzontale +4\/+10 \u00b0C statica L. 214 cm 2 mensole neutre illuminazione led Tecfrigo Pannello frontale in poliuretano rigido verniciato e pannelli laterali in stratificato 12mm. Colore standard Bianco, optional colori RAL. Griglia di ventilazione frontale in alluminio. Castello vetri temperato e termico alimentato elettricamente, vetro frontale apribile dal basso verso l&#8217;alto tramite pistoni. N. [&#8230;]","protected":false},"featured_media":17289,"comment_status":"closed","ping_status":"closed","template":"","meta":{"_monsterinsights_skip_tracking":false,"_monsterinsights_sitenote_active":false,"_monsterinsights_sitenote_note":"","_monsterinsights_sitenote_category":0},"product_brand":[742],"product_cat":[101,714,708],"product_tag":[],"class_list":{"0":"post-17305","1":"product","2":"type-product","3":"status-publish","4":"has-post-thumbnail","6":"product_brand-tecfrigo","7":"product_cat-banchi-frigo-alimentari","8":"product_cat-banchi-frigo-per-pasticceria","9":"product_cat-pasticcerie","10":"product_shipping_class-377","11":"pa_classe-energetica-classe-f","12":"pa_marca-tecfrigo","14":"first","15":"instock","16":"taxable","17":"shipping-taxable","18":"purchasable","19":"product-type-variable"},"_links":{"self":[{"href":"https:\/\/www.creaearredanegozi.it\/de\/wp-json\/wp\/v2\/product\/17305","targetHints":{"allow":["GET"]}}],"collection":[{"href":"https:\/\/www.creaearredanegozi.it\/de\/wp-json\/wp\/v2\/product"}],"about":[{"href":"https:\/\/www.creaearredanegozi.it\/de\/wp-json\/wp\/v2\/types\/product"}],"replies":[{"embeddable":true,"href":"https:\/\/www.creaearredanegozi.it\/de\/wp-json\/wp\/v2\/comments?post=17305"}],"wp:featuredmedia":[{"embeddable":true,"href":"https:\/\/www.creaearredanegozi.it\/de\/wp-json\/wp\/v2\/media\/17289"}],"wp:attachment":[{"href":"https:\/\/www.creaearredanegozi.it\/de\/wp-json\/wp\/v2\/media?parent=17305"}],"wp:term":[{"taxonomy":"product_brand","embeddable":true,"href":"https:\/\/www.creaearredanegozi.it\/de\/wp-json\/wp\/v2\/product_brand?post=17305"},{"taxonomy":"product_cat","embeddable":true,"href":"https:\/\/www.creaearredanegozi.it\/de\/wp-json\/wp\/v2\/product_cat?post=17305"},{"taxonomy":"product_tag","embeddable":true,"href":"https:\/\/www.creaearredanegozi.it\/de\/wp-json\/wp\/v2\/product_tag?post=17305"}],"curies":[{"name":"wp","href":"https:\/\/api.w.org\/{rel}","templated":true}]}}