{"id":17334,"date":"2018-11-23T09:53:57","date_gmt":"2018-11-23T08:53:57","guid":{"rendered":"https:\/\/www.creaearredanegozi.it\/?post_type=product&#038;p=17334"},"modified":"2023-07-03T19:52:06","modified_gmt":"2023-07-03T17:52:06","slug":"obst-und-gemusesaftpresse-aus-edelstahl-mit-3-filtern-fimar-easyline","status":"publish","type":"product","link":"https:\/\/www.creaearredanegozi.it\/de\/obst-und-gemusesaftpresse-aus-edelstahl-mit-3-filtern-fimar-easyline\/","title":{"rendered":"Obst- und Gem\u00fcsesaftpresse aus Edelstahl mit 3 Filtern Fimar easyline"},"content":{"rendered":"<p>Das Produkt wird nicht mehr produziert, alternativ empfehlen wir den Extraktor <strong>PB009<\/strong><\/p>\n<p><strong>Obst- und Gem\u00fcsesaftpresse aus Edelstahl mit 3 Fimar easyline Filtern:<\/strong><\/p>\n<ul>\n<li>Maschine f\u00fcr die langsame Extraktion (Slow Jucer) von S\u00e4ften aus Obst und Gem\u00fcse.<\/li>\n<li>Konstruktion aus rostfreiem Stahl und lebensmittelechtem Kunststoff.<\/li>\n<li>Automatischer Zellstoffauswurf.<\/li>\n<li>Kunststoffbeh\u00e4lter f\u00fcr Abf\u00e4lle und S\u00e4fte.<\/li>\n<li>Sicherheitsmikroschalter auf dem Deckel.<\/li>\n<li>3 mitgelieferte Edelstahlfilter (einer f\u00fcr Eiscreme).<\/li>\n<\/ul>\n<p>&nbsp;<\/p>\n<table class=\"table table-striped\">\n<tbody>\n<tr>\n<td>\n<p class=\"dati_tecnici_label_1\"><strong>Modell<\/strong><\/p>\n<\/td>\n<td><b>CJE6203<\/b><\/td>\n<\/tr>\n<tr>\n<td><strong>Strom<\/strong><\/td>\n<td align=\"left\">150 W<\/td>\n<\/tr>\n<tr>\n<td><strong>Stromversorgung<\/strong><\/td>\n<td align=\"left\">220-240V\/1N\/50-60Hz<\/td>\n<\/tr>\n<tr>\n<td><strong>Geschwindigkeit<\/strong><\/td>\n<td align=\"left\">60 Umdrehungen pro Minute<\/td>\n<\/tr>\n<tr>\n<td><b>Abmessungen der M\u00fcndung mm<\/b><\/td>\n<td align=\"left\">60&#215;35<\/td>\n<\/tr>\n<tr>\n<td><b>Abmessungen mm<\/b><\/td>\n<td align=\"left\">240x170x445h<\/td>\n<\/tr>\n<tr>\n<td><strong>Nettogewicht<\/strong><\/td>\n<td align=\"left\">7,5 kg<\/td>\n<\/tr>\n<tr>\n<td><strong>Bruttogewicht<\/strong><\/td>\n<td align=\"left\">9 kg<\/td>\n<\/tr>\n<\/tbody>\n<\/table>\n<p>&nbsp;<\/p>","protected":false},"excerpt":{"rendered":"<p>Prodotto non pi\u00f9 in produzione, in alternativa consigliamo l&#8217;estrattore PB009 Estrattore succhi frutta e verdura acciaio inox inclusi 3 filtri Fimar easyline: Macchina per l&#8217;estrazione a bassa velocit\u00e0 (slow jucer) dei succhi da frutta e verdura. Struttura in acciaio inox e plastica idonea agli alimenti. Espulsione automatica della polpa. Contenitore in plastica per scarti e [&#8230;]","protected":false},"featured_media":17337,"comment_status":"closed","ping_status":"closed","template":"","meta":{"_monsterinsights_skip_tracking":false,"_monsterinsights_sitenote_active":false,"_monsterinsights_sitenote_note":"","_monsterinsights_sitenote_category":0},"product_brand":[628],"product_cat":[68],"product_tag":[],"class_list":{"0":"post-17334","1":"product","2":"type-product","3":"status-publish","4":"has-post-thumbnail","6":"product_brand-fimar","7":"product_cat-spremiagrumi","8":"product_shipping_class-205","9":"pa_marca-easyline-by-fimar","11":"first","12":"instock","13":"taxable","14":"shipping-taxable","15":"purchasable","16":"product-type-simple"},"_links":{"self":[{"href":"https:\/\/www.creaearredanegozi.it\/de\/wp-json\/wp\/v2\/product\/17334","targetHints":{"allow":["GET"]}}],"collection":[{"href":"https:\/\/www.creaearredanegozi.it\/de\/wp-json\/wp\/v2\/product"}],"about":[{"href":"https:\/\/www.creaearredanegozi.it\/de\/wp-json\/wp\/v2\/types\/product"}],"replies":[{"embeddable":true,"href":"https:\/\/www.creaearredanegozi.it\/de\/wp-json\/wp\/v2\/comments?post=17334"}],"wp:featuredmedia":[{"embeddable":true,"href":"https:\/\/www.creaearredanegozi.it\/de\/wp-json\/wp\/v2\/media\/17337"}],"wp:attachment":[{"href":"https:\/\/www.creaearredanegozi.it\/de\/wp-json\/wp\/v2\/media?parent=17334"}],"wp:term":[{"taxonomy":"product_brand","embeddable":true,"href":"https:\/\/www.creaearredanegozi.it\/de\/wp-json\/wp\/v2\/product_brand?post=17334"},{"taxonomy":"product_cat","embeddable":true,"href":"https:\/\/www.creaearredanegozi.it\/de\/wp-json\/wp\/v2\/product_cat?post=17334"},{"taxonomy":"product_tag","embeddable":true,"href":"https:\/\/www.creaearredanegozi.it\/de\/wp-json\/wp\/v2\/product_tag?post=17334"}],"curies":[{"name":"wp","href":"https:\/\/api.w.org\/{rel}","templated":true}]}}