{"id":17360,"date":"2018-11-23T12:57:13","date_gmt":"2018-11-23T11:57:13","guid":{"rendered":"https:\/\/www.creaearredanegozi.it\/?post_type=product&#038;p=17360"},"modified":"2024-12-01T00:00:07","modified_gmt":"2024-11-30T23:00:07","slug":"2-kw-pfd20-fimar-easyline-glaskeramik-induktionskochfeld","status":"publish","type":"product","link":"https:\/\/www.creaearredanegozi.it\/de\/2-kw-pfd20-fimar-easyline-glaskeramik-induktionskochfeld\/","title":{"rendered":"Glaskeramik-Induktionskochfeld 2 kW PFD20 Fimar Easyline"},"content":{"rendered":"<h3>Professionelles Glaskeramik-Induktionskochfeld<\/h3>\n<p><strong>Modell PFD20 Fimar Easyline<\/strong><\/p>\n<p>Kurzkochger\u00e4t, ohne Flamme, mit W\u00e4rmeinduktionssystem von der Platte zum Beh\u00e4lter (Typ Metall). Sobald der Beh\u00e4lter, der unbedingt aus Metall sein muss, entfernt wird, stoppt die Maschine.<\/p>\n<ul>\n<li>Kunststoffstruktur.<\/li>\n<li>Glaskeramik-Kochfeld<\/li>\n<li>Betrieb in Leistungsstufen und\/oder Temperaturmodus<\/li>\n<li>Digitale Zeitschaltuhr<\/li>\n<li>Ber\u00fchrungssteuerung<\/li>\n<li>Bereit zum Einbetten.<\/li>\n<\/ul>\n<p>&nbsp;<\/p>\n<table class=\"table table-striped\">\n<tbody>\n<tr>\n<td>\n<p class=\"dati_tecnici_label_1\"><strong>Modell<\/strong><\/p>\n<\/td>\n<td><b>PFD20<\/b><\/td>\n<\/tr>\n<tr>\n<td><strong>Strom<\/strong><\/td>\n<td align=\"left\">2 KW<\/td>\n<\/tr>\n<tr>\n<td><strong>Stromversorgung<\/strong><\/td>\n<td align=\"left\">230V\/1N\/50Hz<\/td>\n<\/tr>\n<tr>\n<td><strong>Leistungsabgabe<\/strong><\/td>\n<td align=\"left\">500\u00f72000 (W)<\/td>\n<\/tr>\n<tr>\n<td><b>Induktive Oberfl\u00e4che<\/b><\/td>\n<td align=\"left\">\u00f8 118 \u00f7 \u00f8 220 mm<\/td>\n<\/tr>\n<tr>\n<td><b>Abmessungen mm<\/b><\/td>\n<td align=\"left\">290x370x44h<\/td>\n<\/tr>\n<tr>\n<td><strong>Nettogewicht<\/strong><\/td>\n<td align=\"left\">2,3 kg<\/td>\n<\/tr>\n<tr>\n<td><strong>Bruttogewicht<\/strong><\/td>\n<td align=\"left\">2,8 kg<\/td>\n<\/tr>\n<\/tbody>\n<\/table>\n<p>&nbsp;<\/p>","protected":false},"excerpt":{"rendered":"<p>Piastra induzione in vetroceramica Professionale Modello PFD20 Fimar Easyline Macchina per cuocere in breve tempo, senza fiamma, con sistema ad induzione di calore dalla piastra al contenitore (di tipo metallico). Rimosso il contenitore, che deve essere assolutamente di tipo metallico, la macchina si arresta. Struttura in plastica. Piastra in vetroceramica Funzionamento in modalit\u00e0 livelli di [&#8230;]","protected":false},"featured_media":126955,"comment_status":"closed","ping_status":"closed","template":"","meta":{"_monsterinsights_skip_tracking":false,"_monsterinsights_sitenote_active":false,"_monsterinsights_sitenote_note":"","_monsterinsights_sitenote_category":0},"product_brand":[623,628],"product_cat":[88,9,86],"product_tag":[],"class_list":{"0":"post-17360","1":"product","2":"type-product","3":"status-publish","4":"has-post-thumbnail","6":"product_brand-easyline","7":"product_brand-fimar","8":"product_cat-a-induzione","9":"product_cat-attrezzature-pub","10":"product_cat-piastre","11":"product_shipping_class-215","12":"pa_marca-easyline-by-fimar","14":"first","15":"instock","16":"taxable","17":"shipping-taxable","18":"purchasable","19":"product-type-simple"},"_links":{"self":[{"href":"https:\/\/www.creaearredanegozi.it\/de\/wp-json\/wp\/v2\/product\/17360","targetHints":{"allow":["GET"]}}],"collection":[{"href":"https:\/\/www.creaearredanegozi.it\/de\/wp-json\/wp\/v2\/product"}],"about":[{"href":"https:\/\/www.creaearredanegozi.it\/de\/wp-json\/wp\/v2\/types\/product"}],"replies":[{"embeddable":true,"href":"https:\/\/www.creaearredanegozi.it\/de\/wp-json\/wp\/v2\/comments?post=17360"}],"wp:featuredmedia":[{"embeddable":true,"href":"https:\/\/www.creaearredanegozi.it\/de\/wp-json\/wp\/v2\/media\/126955"}],"wp:attachment":[{"href":"https:\/\/www.creaearredanegozi.it\/de\/wp-json\/wp\/v2\/media?parent=17360"}],"wp:term":[{"taxonomy":"product_brand","embeddable":true,"href":"https:\/\/www.creaearredanegozi.it\/de\/wp-json\/wp\/v2\/product_brand?post=17360"},{"taxonomy":"product_cat","embeddable":true,"href":"https:\/\/www.creaearredanegozi.it\/de\/wp-json\/wp\/v2\/product_cat?post=17360"},{"taxonomy":"product_tag","embeddable":true,"href":"https:\/\/www.creaearredanegozi.it\/de\/wp-json\/wp\/v2\/product_tag?post=17360"}],"curies":[{"name":"wp","href":"https:\/\/api.w.org\/{rel}","templated":true}]}}