{"id":17369,"date":"2018-11-23T18:27:12","date_gmt":"2018-11-23T17:27:12","guid":{"rendered":"https:\/\/www.creaearredanegozi.it\/?post_type=product&#038;p=17369"},"modified":"2026-01-26T12:21:57","modified_gmt":"2026-01-26T11:21:57","slug":"schalldammung-fur-fimar-easyline-blender-cov002","status":"publish","type":"product","link":"https:\/\/www.creaearredanegozi.it\/de\/schalldammung-fur-fimar-easyline-blender-cov002\/","title":{"rendered":"Schalld\u00e4mmung f\u00fcr Mixer COV002"},"content":{"rendered":"<p><strong>Schalld\u00e4mmung f\u00fcr fimar easyline Mixer COV002<\/strong><\/p>\n<p>Transparenter Polycarbonat-Schallabsorber, reduziert den L\u00e4rm des 80%<\/p>\n<p>Kompatibel mit allen Mixern der Serie Easyline by Fimar<\/p>\n<div>Breite 20,00 cm<\/div>\n<div>H\u00f6he 52,00 cm<\/div>\n<div>Tiefe 26,00 cm<\/div>","protected":false},"excerpt":{"rendered":"<p>Insonorizzatore per frullatore blender easyline fimar COV002 Insonorizzatore in policarbonato trasparente, riduce il rumore dell&#8217;80% Compatibile con tutti i frullatori della serie Easyline by Fimar Larghezza 20,00 cm Altezza 52,00 cm Profondit\u00e0 26,00 cm<\/p>","protected":false},"featured_media":25942,"comment_status":"closed","ping_status":"closed","template":"","meta":{"_monsterinsights_skip_tracking":false,"_monsterinsights_sitenote_active":false,"_monsterinsights_sitenote_note":"","_monsterinsights_sitenote_category":0},"product_brand":[628],"product_cat":[65,814],"product_tag":[],"class_list":{"0":"post-17369","1":"product","2":"type-product","3":"status-publish","4":"has-post-thumbnail","6":"product_brand-fimar","7":"product_cat-frullatori","8":"product_cat-mixer-frullatori","9":"product_shipping_class-f","10":"pa_marca-easyline-by-fimar","12":"first","13":"instock","14":"taxable","15":"shipping-taxable","16":"purchasable","17":"product-type-simple"},"_links":{"self":[{"href":"https:\/\/www.creaearredanegozi.it\/de\/wp-json\/wp\/v2\/product\/17369","targetHints":{"allow":["GET"]}}],"collection":[{"href":"https:\/\/www.creaearredanegozi.it\/de\/wp-json\/wp\/v2\/product"}],"about":[{"href":"https:\/\/www.creaearredanegozi.it\/de\/wp-json\/wp\/v2\/types\/product"}],"replies":[{"embeddable":true,"href":"https:\/\/www.creaearredanegozi.it\/de\/wp-json\/wp\/v2\/comments?post=17369"}],"wp:featuredmedia":[{"embeddable":true,"href":"https:\/\/www.creaearredanegozi.it\/de\/wp-json\/wp\/v2\/media\/25942"}],"wp:attachment":[{"href":"https:\/\/www.creaearredanegozi.it\/de\/wp-json\/wp\/v2\/media?parent=17369"}],"wp:term":[{"taxonomy":"product_brand","embeddable":true,"href":"https:\/\/www.creaearredanegozi.it\/de\/wp-json\/wp\/v2\/product_brand?post=17369"},{"taxonomy":"product_cat","embeddable":true,"href":"https:\/\/www.creaearredanegozi.it\/de\/wp-json\/wp\/v2\/product_cat?post=17369"},{"taxonomy":"product_tag","embeddable":true,"href":"https:\/\/www.creaearredanegozi.it\/de\/wp-json\/wp\/v2\/product_tag?post=17369"}],"curies":[{"name":"wp","href":"https:\/\/api.w.org\/{rel}","templated":true}]}}