{"id":17374,"date":"2018-11-23T18:55:59","date_gmt":"2018-11-23T17:55:59","guid":{"rendered":"https:\/\/www.creaearredanegozi.it\/?post_type=product&#038;p=17374"},"modified":"2024-02-20T12:19:06","modified_gmt":"2024-02-20T11:19:06","slug":"bicchiere-in-acciaio-inox-per-frullatore-blender-binox-easyline-fimar","status":"publish","type":"product","link":"https:\/\/www.creaearredanegozi.it\/de\/bicchiere-in-acciaio-inox-per-frullatore-blender-binox-easyline-fimar\/","title":{"rendered":"Sch\u00fcssel aus Edelstahl f\u00fcr BINOX Easyline Fimar Blender Blender"},"content":{"rendered":"<p><strong>BINOX Edelstahlbecher f\u00fcr Fimar Easyline Mixer<\/strong><\/p>\n<p>Bicchiere in acciaio inox tondo installabile sui modelli BL020C BL020B e BL021<\/p>\n<p>Optional per frullatori escluso modello BL008<\/p>\n<div><\/div>","protected":false},"excerpt":{"rendered":"<p>BINOX Bicchiere in acciaio inox per frullatore Blender Easyline Fimar Bicchiere in acciaio inox tondo installabile sui modelli BL020C BL020B e BL021 Optional per frullatori escluso modello BL008<\/p>","protected":false},"featured_media":120781,"comment_status":"closed","ping_status":"closed","template":"","meta":{"_monsterinsights_skip_tracking":false,"_monsterinsights_sitenote_active":false,"_monsterinsights_sitenote_note":"","_monsterinsights_sitenote_category":0},"product_brand":[623,628],"product_cat":[65,814],"product_tag":[],"class_list":{"0":"post-17374","1":"product","2":"type-product","3":"status-publish","4":"has-post-thumbnail","6":"product_brand-easyline","7":"product_brand-fimar","8":"product_cat-frullatori","9":"product_cat-mixer-frullatori","10":"product_shipping_class-48","11":"pa_marca-easyline-by-fimar","13":"first","14":"instock","15":"taxable","16":"shipping-taxable","17":"purchasable","18":"product-type-simple"},"_links":{"self":[{"href":"https:\/\/www.creaearredanegozi.it\/de\/wp-json\/wp\/v2\/product\/17374","targetHints":{"allow":["GET"]}}],"collection":[{"href":"https:\/\/www.creaearredanegozi.it\/de\/wp-json\/wp\/v2\/product"}],"about":[{"href":"https:\/\/www.creaearredanegozi.it\/de\/wp-json\/wp\/v2\/types\/product"}],"replies":[{"embeddable":true,"href":"https:\/\/www.creaearredanegozi.it\/de\/wp-json\/wp\/v2\/comments?post=17374"}],"wp:featuredmedia":[{"embeddable":true,"href":"https:\/\/www.creaearredanegozi.it\/de\/wp-json\/wp\/v2\/media\/120781"}],"wp:attachment":[{"href":"https:\/\/www.creaearredanegozi.it\/de\/wp-json\/wp\/v2\/media?parent=17374"}],"wp:term":[{"taxonomy":"product_brand","embeddable":true,"href":"https:\/\/www.creaearredanegozi.it\/de\/wp-json\/wp\/v2\/product_brand?post=17374"},{"taxonomy":"product_cat","embeddable":true,"href":"https:\/\/www.creaearredanegozi.it\/de\/wp-json\/wp\/v2\/product_cat?post=17374"},{"taxonomy":"product_tag","embeddable":true,"href":"https:\/\/www.creaearredanegozi.it\/de\/wp-json\/wp\/v2\/product_tag?post=17374"}],"curies":[{"name":"wp","href":"https:\/\/api.w.org\/{rel}","templated":true}]}}