{"id":17381,"date":"2018-11-24T09:27:03","date_gmt":"2018-11-24T08:27:03","guid":{"rendered":"https:\/\/www.creaearredanegozi.it\/?post_type=product&#038;p=17381"},"modified":"2024-03-01T13:26:49","modified_gmt":"2024-03-01T12:26:49","slug":"professionelle-vakuum-lebensmittelmaschine-35cm-sbp350-fimar-easyline-schweisleiste","status":"publish","type":"product","link":"https:\/\/www.creaearredanegozi.it\/de\/professionelle-vakuum-lebensmittelmaschine-35cm-sbp350-fimar-easyline-schweisleiste\/","title":{"rendered":"Professionelle Vakuum-Lebensmittelmaschine 35cm SBP350 Fimar Easyline"},"content":{"rendered":"<h3>Edelstahl-Vakuumschwei\u00dfger\u00e4t 35 cm<\/h3>\n<p><strong>Modell SBP350 Fimar Easyline<\/strong><\/p>\n<p>Eine Maschine zur Verl\u00e4ngerung der Lagerzeit von Lebensmitteln unter Beibehaltung ihrer organoleptischen Eigenschaften. Durch die Verwendung spezieller gepr\u00e4gter Beutel oder Beh\u00e4lter wird ein Vakuum erzeugt, das die Vermehrung von Bakterien verhindert. Geh\u00e4use aus Edelstahl, trockene Pumpe, digitales Bedienfeld mit automatischem und\/oder manuellem Arbeitszyklus, 5 mm Dichtung.<br \/>\nZubeh\u00f6r: gepr\u00e4gte Beutel in verschiedenen Formaten, gepr\u00e4gte Rollen, um Beutel in der gew\u00fcnschten L\u00e4nge zu erhalten.<\/p>\n<ul>\n<li>Geh\u00e4use aus rostfreiem Stahl<\/li>\n<li>Trockene Pumpe<\/li>\n<li>Digitales Bedienfeld mit automatischem und\/oder manuellem Arbeitszyklus<\/li>\n<li>5 mm Schwei\u00dfnaht.<\/li>\n<\/ul>\n<p>&nbsp;<\/p>\n<table class=\"table table-striped\">\n<tbody>\n<tr>\n<td>\n<p class=\"dati_tecnici_label_1\"><strong>Modell<\/strong><\/p>\n<\/td>\n<td><b>SBP350<\/b><\/td>\n<\/tr>\n<tr>\n<td><b>Strom<\/b><\/td>\n<td align=\"left\">0,25 kW (0,33 PS)<\/td>\n<\/tr>\n<tr>\n<td><b>Stromversorgung<\/b><\/td>\n<td align=\"left\">230\/1N\/50Hz<\/td>\n<\/tr>\n<tr>\n<td><strong>L\u00f6tkolben<\/strong><\/td>\n<td align=\"left\">350 mm<\/td>\n<\/tr>\n<tr>\n<td><strong>Vakuumpumpe<\/strong><\/td>\n<td align=\"left\">1,2 m\u00b3\/h<\/td>\n<\/tr>\n<tr>\n<td><b>Maximal erreichbare Leere<\/b><\/td>\n<td align=\"left\">80 %<\/td>\n<\/tr>\n<tr>\n<td><b>Abmessungen mm<\/b><\/td>\n<td align=\"left\">370x260x130h<\/td>\n<\/tr>\n<tr>\n<td><strong>Nettogewicht<\/strong><\/td>\n<td align=\"left\">7,5 kg<\/td>\n<\/tr>\n<tr>\n<td><strong>Bruttogewicht<\/strong><\/td>\n<td align=\"left\">8,2 kg<\/td>\n<\/tr>\n<\/tbody>\n<\/table>\n<p>&nbsp;<\/p>","protected":false},"excerpt":{"rendered":"<p>Macchina sottovuoto acciaio inox barra saldante 35 cm Modello SBP350 Fimar Easyline Macchina per prolungare i tempi di conservazione degli alimenti mantenendone intatte le caratteristiche organolettiche. Tramite l\u2019utilizzo di apposite buste goffrate o contenitori si crea un livello di vuoto tale da impedire la proliferazione batterica. Carcassa in acciaio inox, pompa a secco, pannello comandi [&#8230;]","protected":false},"featured_media":120730,"comment_status":"closed","ping_status":"closed","template":"","meta":{"_monsterinsights_skip_tracking":false,"_monsterinsights_sitenote_active":false,"_monsterinsights_sitenote_note":"","_monsterinsights_sitenote_category":0},"product_brand":[623,628],"product_cat":[106],"product_tag":[],"class_list":{"0":"post-17381","1":"product","2":"type-product","3":"status-publish","4":"has-post-thumbnail","6":"product_brand-easyline","7":"product_brand-fimar","8":"product_cat-sottovuoto","9":"product_shipping_class-215","10":"pa_marca-easyline-by-fimar","12":"first","13":"instock","14":"taxable","15":"shipping-taxable","16":"purchasable","17":"product-type-simple"},"_links":{"self":[{"href":"https:\/\/www.creaearredanegozi.it\/de\/wp-json\/wp\/v2\/product\/17381","targetHints":{"allow":["GET"]}}],"collection":[{"href":"https:\/\/www.creaearredanegozi.it\/de\/wp-json\/wp\/v2\/product"}],"about":[{"href":"https:\/\/www.creaearredanegozi.it\/de\/wp-json\/wp\/v2\/types\/product"}],"replies":[{"embeddable":true,"href":"https:\/\/www.creaearredanegozi.it\/de\/wp-json\/wp\/v2\/comments?post=17381"}],"wp:featuredmedia":[{"embeddable":true,"href":"https:\/\/www.creaearredanegozi.it\/de\/wp-json\/wp\/v2\/media\/120730"}],"wp:attachment":[{"href":"https:\/\/www.creaearredanegozi.it\/de\/wp-json\/wp\/v2\/media?parent=17381"}],"wp:term":[{"taxonomy":"product_brand","embeddable":true,"href":"https:\/\/www.creaearredanegozi.it\/de\/wp-json\/wp\/v2\/product_brand?post=17381"},{"taxonomy":"product_cat","embeddable":true,"href":"https:\/\/www.creaearredanegozi.it\/de\/wp-json\/wp\/v2\/product_cat?post=17381"},{"taxonomy":"product_tag","embeddable":true,"href":"https:\/\/www.creaearredanegozi.it\/de\/wp-json\/wp\/v2\/product_tag?post=17381"}],"curies":[{"name":"wp","href":"https:\/\/api.w.org\/{rel}","templated":true}]}}