{"id":17383,"date":"2018-11-24T09:53:52","date_gmt":"2018-11-24T08:53:52","guid":{"rendered":"https:\/\/www.creaearredanegozi.it\/?post_type=product&#038;p=17383"},"modified":"2024-03-01T13:28:03","modified_gmt":"2024-03-01T12:28:03","slug":"professionelle-lebensmittel-vakuumiermaschine-40cm-sbp400-fimar-easyline-schweisbalken","status":"publish","type":"product","link":"https:\/\/www.creaearredanegozi.it\/de\/professionelle-lebensmittel-vakuumiermaschine-40cm-sbp400-fimar-easyline-schweisbalken\/","title":{"rendered":"Professionelle Vakuum-Lebensmittel-Maschine 40cm Schwei\u00dfbalken SBP400 Fimar Easyline"},"content":{"rendered":"<h3>Edelstahl-Vakuumschwei\u00dfger\u00e4t 40 cm<\/h3>\n<p><strong>Modell SBPr400 Fimar Easyline<\/strong><\/p>\n<p>Eine Maschine zur Verl\u00e4ngerung der Lagerzeit von Lebensmitteln unter Beibehaltung ihrer organoleptischen Eigenschaften. Durch die Verwendung spezieller gepr\u00e4gter Beutel oder Beh\u00e4lter wird ein Vakuum erzeugt, das die Vermehrung von Bakterien verhindert. Geh\u00e4use aus Edelstahl, trockene Pumpe, digitales Bedienfeld mit automatischem und\/oder manuellem Arbeitszyklus, 5 mm Dichtung.<br \/>\nZubeh\u00f6r: gepr\u00e4gte Beutel in verschiedenen Formaten - gepr\u00e4gte Rollen, um Beutel in der gew\u00fcnschten L\u00e4nge zu erhalten.<\/p>\n<ul>\n<li>Geh\u00e4use aus rostfreiem Stahl<\/li>\n<li>Trockene Pumpe<\/li>\n<li>Digitales Bedienfeld mit automatischem und\/oder manuellem Arbeitszyklus.<\/li>\n<li>5 mm Schwei\u00dfnaht.<\/li>\n<\/ul>\n<p>&nbsp;<\/p>\n<table class=\"table table-striped\">\n<tbody>\n<tr>\n<td>\n<p class=\"dati_tecnici_label_1\"><strong>Modell<\/strong><\/p>\n<\/td>\n<td><b>SBP400<\/b><\/td>\n<\/tr>\n<tr>\n<td><b>Strom<\/b><\/td>\n<td align=\"left\">0,27 kW (0,36 hP)<\/td>\n<\/tr>\n<tr>\n<td><b>Stromversorgung<\/b><\/td>\n<td align=\"left\">230\/1N\/50Hz<\/td>\n<\/tr>\n<tr>\n<td><strong>L\u00f6tkolben<\/strong><\/td>\n<td align=\"left\">400 mm<\/td>\n<\/tr>\n<tr>\n<td><strong>Vakuumpumpe<\/strong><\/td>\n<td align=\"left\">1,2 m\u00b3\/h<\/td>\n<\/tr>\n<tr>\n<td><b>Maximal erreichbare Leere<\/b><\/td>\n<td align=\"left\">80 %<\/td>\n<\/tr>\n<tr>\n<td><b>Abmessungen mm<\/b><\/td>\n<td align=\"left\">420x260x130h<\/td>\n<\/tr>\n<tr>\n<td><strong>Nettogewicht<\/strong><\/td>\n<td align=\"left\">8 kg<\/td>\n<\/tr>\n<tr>\n<td><strong>Bruttogewicht<\/strong><\/td>\n<td align=\"left\">9 kg<\/td>\n<\/tr>\n<\/tbody>\n<\/table>\n<p>&nbsp;<\/p>","protected":false},"excerpt":{"rendered":"<p>Macchina sottovuoto acciaio inox barra saldante 40 cm Modello SBPr400 Fimar Easyline Macchina per prolungare i tempi di conservazione degli alimenti mantenendone intatte le caratteristiche organolettiche. Tramite l\u2019utilizzo di apposite buste goffrate o contenitori si crea un livello di vuoto tale da impedire la proliferazione batterica. Carcassa in acciaio inox, pompa a secco, pannello comandi [&#8230;]","protected":false},"featured_media":120732,"comment_status":"closed","ping_status":"closed","template":"","meta":{"_monsterinsights_skip_tracking":false,"_monsterinsights_sitenote_active":false,"_monsterinsights_sitenote_note":"","_monsterinsights_sitenote_category":0},"product_brand":[623,628],"product_cat":[106],"product_tag":[],"class_list":{"0":"post-17383","1":"product","2":"type-product","3":"status-publish","4":"has-post-thumbnail","6":"product_brand-easyline","7":"product_brand-fimar","8":"product_cat-sottovuoto","9":"product_shipping_class-215","10":"pa_marca-easyline-by-fimar","12":"first","13":"instock","14":"taxable","15":"shipping-taxable","16":"purchasable","17":"product-type-simple"},"_links":{"self":[{"href":"https:\/\/www.creaearredanegozi.it\/de\/wp-json\/wp\/v2\/product\/17383","targetHints":{"allow":["GET"]}}],"collection":[{"href":"https:\/\/www.creaearredanegozi.it\/de\/wp-json\/wp\/v2\/product"}],"about":[{"href":"https:\/\/www.creaearredanegozi.it\/de\/wp-json\/wp\/v2\/types\/product"}],"replies":[{"embeddable":true,"href":"https:\/\/www.creaearredanegozi.it\/de\/wp-json\/wp\/v2\/comments?post=17383"}],"wp:featuredmedia":[{"embeddable":true,"href":"https:\/\/www.creaearredanegozi.it\/de\/wp-json\/wp\/v2\/media\/120732"}],"wp:attachment":[{"href":"https:\/\/www.creaearredanegozi.it\/de\/wp-json\/wp\/v2\/media?parent=17383"}],"wp:term":[{"taxonomy":"product_brand","embeddable":true,"href":"https:\/\/www.creaearredanegozi.it\/de\/wp-json\/wp\/v2\/product_brand?post=17383"},{"taxonomy":"product_cat","embeddable":true,"href":"https:\/\/www.creaearredanegozi.it\/de\/wp-json\/wp\/v2\/product_cat?post=17383"},{"taxonomy":"product_tag","embeddable":true,"href":"https:\/\/www.creaearredanegozi.it\/de\/wp-json\/wp\/v2\/product_tag?post=17383"}],"curies":[{"name":"wp","href":"https:\/\/api.w.org\/{rel}","templated":true}]}}