{"id":17426,"date":"2018-11-28T19:03:27","date_gmt":"2018-11-28T18:03:27","guid":{"rendered":"https:\/\/www.creaearredanegozi.it\/?post_type=product&#038;p=17426"},"modified":"2024-01-22T10:28:18","modified_gmt":"2024-01-22T09:28:18","slug":"professioneller-fleischwolf-ausziehbar-wolfseinheit-52mm-einlassoffnung-22te-fimar","status":"publish","type":"product","link":"https:\/\/www.creaearredanegozi.it\/de\/professioneller-fleischwolf-ausziehbar-wolfseinheit-52mm-einlassoffnung-22te-fimar\/","title":{"rendered":"Professionelle Fleischwolf abnehmbaren Mahlwerk 52mm Einlass Mund 22TE Fimar"},"content":{"rendered":"<p><strong>Edelstahlwolf, abnehmbares Mahlwerk, runder Trichter \u00f8 52 mm Fimar 22TE<\/strong><\/p>\n<ul>\n<li>Rahmen aus poliertem Aluminium mit Trichter aus rostfreiem Stahl.<\/li>\n<li>Eine Maschine mit komplett abnehmbarem Mahlwerk, die im K\u00fchlschrank aufbewahrt werden kann.<\/li>\n<li>Das Mahlwerk aus rostfreiem Stahl AISI 304 ist sp\u00fclmaschinengeeignet<\/li>\n<li>Abnehmbares Mahlwerk aus rostfreiem Stahl oder Aluminium.<\/li>\n<li>Fleischeingang \u00f8 52 mm.<\/li>\n<li>Getriebe mit \u00d6lbadgetrieben.<\/li>\n<li>Enterprice-System mit Edelstahlplatte (\u00f8 6 mm L\u00f6cher) und selbstsch\u00e4rfendem Edelstahlmesser inklusive.<\/li>\n<li>Einphasige und dreiphasige Versionen verf\u00fcgbar.<\/li>\n<\/ul>\n<p><strong>Optional:<\/strong><\/p>\n<ul>\n<li>Komplettes Unger-System aus Edelstahl f\u00fcr sehr feines Hackfleisch (z.B. Wurst) mit 2 Messern und 3 Platten 0 - 4,5 - 8 mm.<\/li>\n<li>R\u00fcckg\u00e4ngig machen.<\/li>\n<li>Absacktrichter \u00f8 15 mm \/ 20 mm \/ 30 mm.<\/li>\n<\/ul>\n<p>&nbsp;<\/p>\n<div class=\"well\">\n<p><img decoding=\"async\" class=\"alignnone size-full wp-image-17387\" src=\"https:\/\/www.creaearredanegozi.it\/wp-content\/uploads\/2018\/11\/Sistema-Unger-400x300.jpg\" alt=\"\" width=\"400\" height=\"300\" title=\"\" srcset=\"https:\/\/www.creaearredanegozi.it\/wp-content\/uploads\/2018\/11\/Sistema-Unger-400x300.jpg 400w, https:\/\/www.creaearredanegozi.it\/wp-content\/uploads\/2018\/11\/Sistema-Unger-400x300-64x48.jpg 64w, https:\/\/www.creaearredanegozi.it\/wp-content\/uploads\/2018\/11\/Sistema-Unger-400x300-200x150.jpg 200w\" sizes=\"(max-width: 400px) 100vw, 400px\" \/><\/p>\n<p><strong>Standard-Unger-System - 32-22-12<\/strong><\/p>\n<p>(A) Schleiferk\u00f6rper - (B) Schnecke - (C) Schruppplatte 0 - (D) Messer - (E) Platte \u00d88 - (F) Platte \u00d84,5 - (G) Handrad.<\/p>\n<\/div>\n<p>&nbsp;<\/p>\n<p><strong>Technische Daten:<\/strong><\/p>\n<table class=\"table table-striped\">\n<tbody>\n<tr>\n<td>\n<p class=\"dati_tecnici_label_1\"><strong>Modell<\/strong><\/p>\n<\/td>\n<td><b>22TE<\/b><\/td>\n<\/tr>\n<tr>\n<td><strong>Strom<\/strong><\/td>\n<td align=\"left\">1,1 kW (1,5 PS)<\/td>\n<\/tr>\n<tr>\n<td><strong>Stromversorgung<\/strong><\/td>\n<td align=\"left\">230V\/1N\/50Hz<\/p>\n<p>230-400V\/3\/50Hz<\/td>\n<\/tr>\n<tr>\n<td><strong>Abmessungen<\/strong><\/td>\n<td align=\"left\">450x290x520h (mm)<\/td>\n<\/tr>\n<tr>\n<td><b>Nettogewicht<\/b><\/td>\n<td align=\"left\">25 kg<\/td>\n<\/tr>\n<tr>\n<td><strong>Bruttogewicht<\/strong><\/td>\n<td align=\"left\">27 kg<\/td>\n<\/tr>\n<tr>\n<td><strong>Verpackung Abmessungen<\/strong><\/td>\n<td align=\"left\">540x300x480h (mm)<\/td>\n<\/tr>\n<tr>\n<td><strong>Verpackungsvolumen<\/strong><\/td>\n<td align=\"left\">0,078 m\u00b3<\/td>\n<\/tr>\n<tr>\n<td><strong>St\u00fcndliche Leistung<\/strong><\/td>\n<td align=\"left\">150\u00f7250 Kg\/h<\/td>\n<\/tr>\n<\/tbody>\n<\/table>\n<p>&nbsp;<\/p>\n<p style=\"text-align: center;\"><iframe loading=\"lazy\" src=\"https:\/\/www.youtube.com\/embed\/y0Z1w8bwvcc\" width=\"560\" height=\"315\" frameborder=\"0\" allowfullscreen=\"allowfullscreen\"><\/iframe><\/p>","protected":false},"excerpt":{"rendered":"<p>Tritacarne acciaio inox gruppo macinazione estraibile bocca \u00f8 52 mm tramoggia rotonda Fimar 22TE Struttura in alluminio lucidato con tramoggia in acciaio inox. Macchina con gruppo di macinazione completamente removibile che permette di poterlo collocare in frigorifero. Il gruppo di macinazione in acciaio inox AISI 304 pu\u00f2 essere lavato in lavastoviglie Gruppo macinazione in acciaio [&#8230;]","protected":false},"featured_media":121230,"comment_status":"closed","ping_status":"closed","template":"","meta":{"_monsterinsights_skip_tracking":false,"_monsterinsights_sitenote_active":false,"_monsterinsights_sitenote_note":"","_monsterinsights_sitenote_category":0},"product_brand":[628],"product_cat":[49,26,25,183],"product_tag":[],"class_list":{"0":"post-17426","1":"product","2":"type-product","3":"status-publish","4":"has-post-thumbnail","6":"product_brand-fimar","7":"product_cat-tritacarne","8":"product_cat-macelleria-e-gastronomia","9":"product_cat-attrezzature-ristoranti-pub-cucine","10":"product_cat-tritacarne-ristorazione","11":"product_shipping_class-f","12":"pa_marca-fimar","14":"first","15":"instock","16":"taxable","17":"shipping-taxable","18":"purchasable","19":"product-type-simple"},"_links":{"self":[{"href":"https:\/\/www.creaearredanegozi.it\/de\/wp-json\/wp\/v2\/product\/17426","targetHints":{"allow":["GET"]}}],"collection":[{"href":"https:\/\/www.creaearredanegozi.it\/de\/wp-json\/wp\/v2\/product"}],"about":[{"href":"https:\/\/www.creaearredanegozi.it\/de\/wp-json\/wp\/v2\/types\/product"}],"replies":[{"embeddable":true,"href":"https:\/\/www.creaearredanegozi.it\/de\/wp-json\/wp\/v2\/comments?post=17426"}],"wp:featuredmedia":[{"embeddable":true,"href":"https:\/\/www.creaearredanegozi.it\/de\/wp-json\/wp\/v2\/media\/121230"}],"wp:attachment":[{"href":"https:\/\/www.creaearredanegozi.it\/de\/wp-json\/wp\/v2\/media?parent=17426"}],"wp:term":[{"taxonomy":"product_brand","embeddable":true,"href":"https:\/\/www.creaearredanegozi.it\/de\/wp-json\/wp\/v2\/product_brand?post=17426"},{"taxonomy":"product_cat","embeddable":true,"href":"https:\/\/www.creaearredanegozi.it\/de\/wp-json\/wp\/v2\/product_cat?post=17426"},{"taxonomy":"product_tag","embeddable":true,"href":"https:\/\/www.creaearredanegozi.it\/de\/wp-json\/wp\/v2\/product_tag?post=17426"}],"curies":[{"name":"wp","href":"https:\/\/api.w.org\/{rel}","templated":true}]}}