{"id":17438,"date":"2018-11-29T10:45:05","date_gmt":"2018-11-29T09:45:05","guid":{"rendered":"https:\/\/www.creaearredanegozi.it\/?post_type=product&#038;p=17438"},"modified":"2024-01-22T11:54:56","modified_gmt":"2024-01-22T10:54:56","slug":"tritacarne-grattugia-professionale-alluminio-bocca-ingresso-52mm-tramoggia-rotonda-22t-fimar","status":"publish","type":"product","link":"https:\/\/www.creaearredanegozi.it\/de\/tritacarne-grattugia-professionale-alluminio-bocca-ingresso-52mm-tramoggia-rotonda-22t-fimar\/","title":{"rendered":"Professionelle Fleischwolf Reibe Aluminium Einlass Mund 52mm Runde Trichter 22T Fimar"},"content":{"rendered":"<h3>Tritacarne grattugia alluminio bocca \u00f8 52 mm tramoggia rotonda<\/h3>\n<p><strong>Abbinato tritacarne grattugia modello 12T Fimar<\/strong><\/p>\n<ul>\n<li>Struttura in alluminio lucidato.<\/li>\n<li>Tramoggia rotonda acciaio inox, vaschetta carne, formaggio e rullo inox.<\/li>\n<li>Gruppo macinazione estraibile in acciaio inox AISI 304.<\/li>\n<li>Fleischeingang \u00f8 52 mm.<\/li>\n<li>Getriebe mit \u00d6lbadgetrieben.<\/li>\n<li>Enterprise-System mit Edelstahlplatte (\u00f8 6 mm L\u00f6cher) und selbstsch\u00e4rfendem Edelstahlmesser inklusive.<\/li>\n<li>La parte della grattugia \u00e8 caratterizzata da bocca in alluminio lucidato 140&#215;75 mm, rullo in acciaio inox, griglia inferiore di protezione e microinterruttore leva pressore grattugia.<\/li>\n<li>Disponibili versioni monofase e trifase e gruppo macinazione acciaio inox o alluminio.<\/li>\n<\/ul>\n<p><strong>Optional:<\/strong><\/p>\n<ul>\n<li>Unger System f\u00fcr sehr feines Hackfleisch (z.B. Wurst) ausgestattet mit 2 Messern und 3 Platten 0 - 4,5 - 8 mm.<\/li>\n<li>R\u00fcckg\u00e4ngig machen.<\/li>\n<li>Piastre forate e coltelli.<\/li>\n<li>Imbuti per insaccare \u00f8 15 mm \/ 20mm \/ 30mm.<\/li>\n<\/ul>\n<p>&nbsp;<\/p>\n<div class=\"well\">\n<p><img decoding=\"async\" class=\"alignnone size-full wp-image-17387 aligncenter\" src=\"https:\/\/www.creaearredanegozi.it\/wp-content\/uploads\/2018\/11\/Sistema-Unger-400x300.jpg\" alt=\"\" width=\"400\" height=\"300\" title=\"\" srcset=\"https:\/\/www.creaearredanegozi.it\/wp-content\/uploads\/2018\/11\/Sistema-Unger-400x300.jpg 400w, https:\/\/www.creaearredanegozi.it\/wp-content\/uploads\/2018\/11\/Sistema-Unger-400x300-64x48.jpg 64w, https:\/\/www.creaearredanegozi.it\/wp-content\/uploads\/2018\/11\/Sistema-Unger-400x300-200x150.jpg 200w\" sizes=\"(max-width: 400px) 100vw, 400px\" \/><\/p>\n<p><strong>Standard-Unger-System - 32-22-12<\/strong><\/p>\n<p>(A) Schleiferk\u00f6rper - (B) Schnecke - (C) Schruppplatte 0 - (D) Messer - (E) Platte \u00d88 - (F) Platte \u00d84,5 - (G) Handrad.<\/p>\n<\/div>\n<p>&nbsp;<\/p>\n<p><strong>Technische Daten:<\/strong><\/p>\n<p>&nbsp;<\/p>\n<table class=\"table table-striped\">\n<tbody>\n<tr>\n<td>\n<p class=\"dati_tecnici_label_1\"><strong>Modell<\/strong><\/p>\n<\/td>\n<td><b>22T<\/b><\/td>\n<\/tr>\n<tr>\n<td><strong>Strom<\/strong><\/td>\n<td align=\"left\">1,1 kW (1,5 PS)<\/td>\n<\/tr>\n<tr>\n<td><strong>Stromversorgung<\/strong><\/td>\n<td align=\"left\">230V\/1N\/50Hz<\/p>\n<p>230-400V\/3\/50Hz<\/td>\n<\/tr>\n<tr>\n<td><strong>Abmessungen<\/strong><\/td>\n<td align=\"left\">630 x 305 x 510\u00f7660(h) mm<\/td>\n<\/tr>\n<tr>\n<td><b>Nettogewicht<\/b><\/td>\n<td align=\"left\">26 kg<\/td>\n<\/tr>\n<tr>\n<td><strong>Bruttogewicht<\/strong><\/td>\n<td align=\"left\">29 kg<\/td>\n<\/tr>\n<tr>\n<td><strong>Verpackung Abmessungen<\/strong><\/td>\n<td align=\"left\">750x300x520h (mm)<\/td>\n<\/tr>\n<tr>\n<td><strong>Verpackungsvolumen<\/strong><\/td>\n<td align=\"left\">0,117 m\u00b3<\/td>\n<\/tr>\n<tr>\n<td><strong>Produzione oraria Tritacarne<\/strong><\/td>\n<td align=\"left\">150\u00f7250 Kg\/h<\/td>\n<\/tr>\n<tr>\n<td><strong>Produzione oraria Grattugia<\/strong><\/td>\n<td align=\"left\">40 kg\/h<\/td>\n<\/tr>\n<tr>\n<td><strong>Gr\u00f6\u00dfe der Reibe\u00f6ffnung<\/strong><\/td>\n<td align=\"left\">140\u00d775 mm<\/td>\n<\/tr>\n<\/tbody>\n<\/table>\n<hr \/>\n<p style=\"text-align: center;\"><iframe loading=\"lazy\" title=\"YouTube-Video-Player\" src=\"https:\/\/www.youtube-nocookie.com\/embed\/evLWK8wuh2I?si=06ffV3_rPe4wXHUj\" width=\"560\" height=\"315\" frameborder=\"0\" allowfullscreen=\"allowfullscreen\"><\/iframe><\/p>","protected":false},"excerpt":{"rendered":"<p>Tritacarne grattugia alluminio bocca \u00f8 52 mm tramoggia rotonda Abbinato tritacarne grattugia modello 12T Fimar Struttura in alluminio lucidato. Tramoggia rotonda acciaio inox, vaschetta carne, formaggio e rullo inox. Gruppo macinazione estraibile in acciaio inox AISI 304. Bocca ingresso carne \u00f8 52 mm. Riduttore con ingranaggi a bagno d&#8217;olio. In dotazione sistema enterprise con piastra [&#8230;]","protected":false},"featured_media":121247,"comment_status":"closed","ping_status":"closed","template":"","meta":{"_monsterinsights_skip_tracking":false,"_monsterinsights_sitenote_active":false,"_monsterinsights_sitenote_note":"","_monsterinsights_sitenote_category":0},"product_brand":[628],"product_cat":[49,56,26,25,183],"product_tag":[],"class_list":{"0":"post-17438","1":"product","2":"type-product","3":"status-publish","4":"has-post-thumbnail","6":"product_brand-fimar","7":"product_cat-tritacarne","8":"product_cat-grattugie","9":"product_cat-macelleria-e-gastronomia","10":"product_cat-attrezzature-ristoranti-pub-cucine","11":"product_cat-tritacarne-ristorazione","12":"product_shipping_class-206","13":"pa_marca-fimar","15":"first","16":"instock","17":"taxable","18":"shipping-taxable","19":"purchasable","20":"product-type-simple"},"_links":{"self":[{"href":"https:\/\/www.creaearredanegozi.it\/de\/wp-json\/wp\/v2\/product\/17438","targetHints":{"allow":["GET"]}}],"collection":[{"href":"https:\/\/www.creaearredanegozi.it\/de\/wp-json\/wp\/v2\/product"}],"about":[{"href":"https:\/\/www.creaearredanegozi.it\/de\/wp-json\/wp\/v2\/types\/product"}],"replies":[{"embeddable":true,"href":"https:\/\/www.creaearredanegozi.it\/de\/wp-json\/wp\/v2\/comments?post=17438"}],"wp:featuredmedia":[{"embeddable":true,"href":"https:\/\/www.creaearredanegozi.it\/de\/wp-json\/wp\/v2\/media\/121247"}],"wp:attachment":[{"href":"https:\/\/www.creaearredanegozi.it\/de\/wp-json\/wp\/v2\/media?parent=17438"}],"wp:term":[{"taxonomy":"product_brand","embeddable":true,"href":"https:\/\/www.creaearredanegozi.it\/de\/wp-json\/wp\/v2\/product_brand?post=17438"},{"taxonomy":"product_cat","embeddable":true,"href":"https:\/\/www.creaearredanegozi.it\/de\/wp-json\/wp\/v2\/product_cat?post=17438"},{"taxonomy":"product_tag","embeddable":true,"href":"https:\/\/www.creaearredanegozi.it\/de\/wp-json\/wp\/v2\/product_tag?post=17438"}],"curies":[{"name":"wp","href":"https:\/\/api.w.org\/{rel}","templated":true}]}}