{"id":17440,"date":"2018-11-29T11:03:33","date_gmt":"2018-11-29T10:03:33","guid":{"rendered":"https:\/\/www.creaearredanegozi.it\/?post_type=product&#038;p=17440"},"modified":"2024-01-22T12:37:57","modified_gmt":"2024-01-22T11:37:57","slug":"tritacarne-grattugia-alluminio-bocca-ingresso-52mm-gruppo-macinazione-estraibile-tramoggia-rotonda-12at-fimar","status":"publish","type":"product","link":"https:\/\/www.creaearredanegozi.it\/de\/tritacarne-grattugia-alluminio-bocca-ingresso-52mm-gruppo-macinazione-estraibile-tramoggia-rotonda-12at-fimar\/","title":{"rendered":"Fleischwolf Reibe Aluminium 52mm Einlass Zerkleinerungseinheit Abnehmbarer Trichter Rund 12AT Fimar"},"content":{"rendered":"<p><strong>Tritacarne grattugia alluminio bocca \u00f8 52 mm gruppo macinazione estraibile tramoggia rotonda Fimar 12AT <\/strong><\/p>\n<ul>\n<li>Struttura in alluminio lucidato con tramoggia inacciaio inox.<\/li>\n<li>Gruppo di macinazione inox AISI 304 completamente removibile che permette di poterlo collocare in frigorifero.<\/li>\n<li>Gruppo macinazione estraibile in acciaio inox o alluminio.<\/li>\n<li>Tramoggia rotonda inox, vaschetta carne, formaggio e rullo inox.<\/li>\n<li>Fleischeingang \u00f8 52 mm.<\/li>\n<li>Getriebe mit \u00d6lbadgetrieben.<\/li>\n<li>Enterprise-System mit Edelstahlplatte (\u00f8 6 mm L\u00f6cher) und selbstsch\u00e4rfendem Edelstahlmesser inklusive.<\/li>\n<li>La parte della grattugia \u00e8 caratterizzata da bocca in alluminio lucidato 140&#215;75 mm, rullo in acciaio inox, griglia inferiore di protezione e microinterruttore leva pressore grattugia.<\/li>\n<li>Einphasige und dreiphasige Versionen verf\u00fcgbar.<\/li>\n<\/ul>\n<p><strong>Optional:<\/strong><\/p>\n<ul>\n<li>Unger System f\u00fcr sehr feines Hackfleisch (z.B. Wurst) ausgestattet mit 2 Messern und 3 Platten 0 - 4,5 - 8 mm.<\/li>\n<li>R\u00fcckg\u00e4ngig machen.<\/li>\n<li>Passapomodoro per passati di verdura.<\/li>\n<li>Piastre forate e coltelli.<\/li>\n<li>Imbuti per insaccare \u00f8 15 mm \/ 20mm \/ 30mm.<\/li>\n<\/ul>\n<p>&nbsp;<\/p>\n<div class=\"well\">\n<p><img decoding=\"async\" class=\"alignnone size-full wp-image-17387 aligncenter\" src=\"https:\/\/www.creaearredanegozi.it\/wp-content\/uploads\/2018\/11\/Sistema-Unger-400x300.jpg\" alt=\"\" width=\"400\" height=\"300\" title=\"\" srcset=\"https:\/\/www.creaearredanegozi.it\/wp-content\/uploads\/2018\/11\/Sistema-Unger-400x300.jpg 400w, https:\/\/www.creaearredanegozi.it\/wp-content\/uploads\/2018\/11\/Sistema-Unger-400x300-64x48.jpg 64w, https:\/\/www.creaearredanegozi.it\/wp-content\/uploads\/2018\/11\/Sistema-Unger-400x300-200x150.jpg 200w\" sizes=\"(max-width: 400px) 100vw, 400px\" \/><\/p>\n<p><strong>Standard-Unger-System - 32-22-12<\/strong><\/p>\n<p>(A) Schleiferk\u00f6rper - (B) Schnecke - (C) Schruppplatte 0 - (D) Messer - (E) Platte \u00d88 - (F) Platte \u00d84,5 - (G) Handrad.<\/p>\n<\/div>\n<p>&nbsp;<\/p>\n<p><strong>Technische Daten:<\/strong><\/p>\n<table class=\"table table-striped\">\n<tbody>\n<tr>\n<td>\n<p class=\"dati_tecnici_label_1\"><strong>Modell<\/strong><\/p>\n<\/td>\n<td><b>12AT<\/b><\/td>\n<\/tr>\n<tr>\n<td><strong>Strom<\/strong><\/td>\n<td align=\"left\">0,75 kW (1 PS)<\/td>\n<\/tr>\n<tr>\n<td><strong>Stromversorgung<\/strong><\/td>\n<td align=\"left\">230V\/1N\/50Hz<\/p>\n<p>230-400V\/3\/50Hz<\/td>\n<\/tr>\n<tr>\n<td><strong>Abmessungen<\/strong><\/td>\n<td align=\"left\">605 x 305 x 510\u00f7600(h) mm<\/td>\n<\/tr>\n<tr>\n<td><b>Nettogewicht<\/b><\/td>\n<td align=\"left\">26 kg<\/td>\n<\/tr>\n<tr>\n<td><strong>Bruttogewicht<\/strong><\/td>\n<td align=\"left\">30 kg<\/td>\n<\/tr>\n<tr>\n<td><strong>Verpackung Abmessungen<\/strong><\/td>\n<td align=\"left\">750x300x520h (mm)<\/td>\n<\/tr>\n<tr>\n<td><strong>Verpackungsvolumen<\/strong><\/td>\n<td align=\"left\">0,117 m\u00b3<\/td>\n<\/tr>\n<tr>\n<td><strong>Produzione oraria Tritacarne<\/strong><\/td>\n<td align=\"left\">100\u00f7160 Kg\/h<\/td>\n<\/tr>\n<tr>\n<td><strong>Produzione oraria Grattugia<\/strong><\/td>\n<td align=\"left\">40 kg\/h<\/td>\n<\/tr>\n<tr>\n<td><strong>Gr\u00f6\u00dfe der Reibe\u00f6ffnung<\/strong><\/td>\n<td align=\"left\">140\u00d775 mm<\/td>\n<\/tr>\n<\/tbody>\n<\/table>\n<p style=\"text-align: center;\"><iframe loading=\"lazy\" title=\"YouTube-Video-Player\" src=\"https:\/\/www.youtube-nocookie.com\/embed\/evLWK8wuh2I?si=4GmtmaWsxNP8FBbE\" width=\"560\" height=\"315\" frameborder=\"0\" allowfullscreen=\"allowfullscreen\"><\/iframe><\/p>","protected":false},"excerpt":{"rendered":"<p>Tritacarne grattugia alluminio bocca \u00f8 52 mm gruppo macinazione estraibile tramoggia rotonda Fimar 12AT Struttura in alluminio lucidato con tramoggia inacciaio inox. Gruppo di macinazione inox AISI 304 completamente removibile che permette di poterlo collocare in frigorifero. Gruppo macinazione estraibile in acciaio inox o alluminio. Tramoggia rotonda inox, vaschetta carne, formaggio e rullo inox. Bocca [&#8230;]","protected":false},"featured_media":121252,"comment_status":"closed","ping_status":"closed","template":"","meta":{"_monsterinsights_skip_tracking":false,"_monsterinsights_sitenote_active":false,"_monsterinsights_sitenote_note":"","_monsterinsights_sitenote_category":0},"product_brand":[628],"product_cat":[49,56,26,25,183],"product_tag":[],"class_list":{"0":"post-17440","1":"product","2":"type-product","3":"status-publish","4":"has-post-thumbnail","6":"product_brand-fimar","7":"product_cat-tritacarne","8":"product_cat-grattugie","9":"product_cat-macelleria-e-gastronomia","10":"product_cat-attrezzature-ristoranti-pub-cucine","11":"product_cat-tritacarne-ristorazione","12":"product_shipping_class-206","13":"pa_marca-fimar","15":"first","16":"instock","17":"taxable","18":"shipping-taxable","19":"purchasable","20":"product-type-simple"},"_links":{"self":[{"href":"https:\/\/www.creaearredanegozi.it\/de\/wp-json\/wp\/v2\/product\/17440","targetHints":{"allow":["GET"]}}],"collection":[{"href":"https:\/\/www.creaearredanegozi.it\/de\/wp-json\/wp\/v2\/product"}],"about":[{"href":"https:\/\/www.creaearredanegozi.it\/de\/wp-json\/wp\/v2\/types\/product"}],"replies":[{"embeddable":true,"href":"https:\/\/www.creaearredanegozi.it\/de\/wp-json\/wp\/v2\/comments?post=17440"}],"wp:featuredmedia":[{"embeddable":true,"href":"https:\/\/www.creaearredanegozi.it\/de\/wp-json\/wp\/v2\/media\/121252"}],"wp:attachment":[{"href":"https:\/\/www.creaearredanegozi.it\/de\/wp-json\/wp\/v2\/media?parent=17440"}],"wp:term":[{"taxonomy":"product_brand","embeddable":true,"href":"https:\/\/www.creaearredanegozi.it\/de\/wp-json\/wp\/v2\/product_brand?post=17440"},{"taxonomy":"product_cat","embeddable":true,"href":"https:\/\/www.creaearredanegozi.it\/de\/wp-json\/wp\/v2\/product_cat?post=17440"},{"taxonomy":"product_tag","embeddable":true,"href":"https:\/\/www.creaearredanegozi.it\/de\/wp-json\/wp\/v2\/product_tag?post=17440"}],"curies":[{"name":"wp","href":"https:\/\/api.w.org\/{rel}","templated":true}]}}