{"id":17446,"date":"2018-11-29T12:10:38","date_gmt":"2018-11-29T11:10:38","guid":{"rendered":"https:\/\/www.creaearredanegozi.it\/?post_type=product&#038;p=17446"},"modified":"2024-11-20T13:39:51","modified_gmt":"2024-11-20T12:39:51","slug":"professionelle-kasereibe-motorbremse-edelstahlrolle-gr12s-fimar","status":"publish","type":"product","link":"https:\/\/www.creaearredanegozi.it\/de\/professionelle-kasereibe-motorbremse-edelstahlrolle-gr12s-fimar\/","title":{"rendered":"Professionelle K\u00e4sereibe GR12S Edelstahl Walze Motor Bremse Fimar"},"content":{"rendered":"<h3>Hartk\u00e4sereibe aus Aluminium Reibwerk aus rostfreiem Stahl Fimar GR12S<\/h3>\n<ul>\n<li>Rahmen und Mund aus poliertem Aluminium.<\/li>\n<li>Maulweite 140x75mm<\/li>\n<li>Rolle aus rostfreiem Stahl<\/li>\n<li>Unteres Schutzgitter.<\/li>\n<li>Mikroschalter f\u00fcr den Reibedruckhebel<\/li>\n<li>A-Normen <strong>CE<\/strong>.<\/li>\n<li>Mit Motorbremse.<\/li>\n<li>Einphasige und dreiphasige Versionen verf\u00fcgbar.<\/li>\n<\/ul>\n<p>&nbsp;<\/p>\n<p><strong>Technische Daten:<\/strong><\/p>\n<table class=\"table table-striped\">\n<tbody>\n<tr>\n<td>\n<p class=\"dati_tecnici_label_1\"><strong>Modell<\/strong><\/p>\n<\/td>\n<td><b>GR12S<\/b><\/td>\n<\/tr>\n<tr>\n<td><strong>Strom<\/strong><\/td>\n<td align=\"left\">0,75 kW (1 PS)<\/td>\n<\/tr>\n<tr>\n<td><strong>Stromversorgung<\/strong><\/td>\n<td align=\"left\">230V\/1N\/50Hz<\/p>\n<p>230-400V\/3\/50Hz<\/td>\n<\/tr>\n<tr>\n<td><strong>Abmessungen<\/strong><\/td>\n<td align=\"left\">430 x 290 x 390\u00f7600(h) mm<\/td>\n<\/tr>\n<tr>\n<td><b>Nettogewicht<\/b><\/td>\n<td align=\"left\">17 kg<\/td>\n<\/tr>\n<tr>\n<td><strong>Bruttogewicht<\/strong><\/td>\n<td align=\"left\">19 kg<\/td>\n<\/tr>\n<tr>\n<td><strong>Verpackung Abmessungen<\/strong><\/td>\n<td align=\"left\">470x300x520h (mm)<\/td>\n<\/tr>\n<tr>\n<td><strong>Verpackungsvolumen<\/strong><\/td>\n<td align=\"left\">0,073 m\u00b3<\/td>\n<\/tr>\n<tr>\n<td><strong>St\u00fcndliche Leistung<\/strong><\/td>\n<td align=\"left\">40 kg\/h<\/td>\n<\/tr>\n<tr>\n<td><strong>Gr\u00f6\u00dfe der Reibe\u00f6ffnung<\/strong><\/td>\n<td align=\"left\">140\u00d775 mm<\/td>\n<\/tr>\n<\/tbody>\n<\/table>","protected":false},"excerpt":{"rendered":"<p>Grattugia formaggi duri alluminio gruppo macinazione inox Fimar GR12S Struttura e bocca in alluminio lucidato. Dimensione della bocca 140x75mm Rullo in acciaio inox Griglia inferiore di protezione. Microinterruttore leva pressore grattugia A norme CE. Con freno motore. Disponibili versioni monofase e trifase. &nbsp; Dati tecnici: Modello GR12S Potenza 0,75 kW (1 HP) Alimentazione 230V\/1N\/50Hz 230-400V\/3\/50Hz [&#8230;]","protected":false},"featured_media":121256,"comment_status":"closed","ping_status":"closed","template":"","meta":{"_monsterinsights_skip_tracking":false,"_monsterinsights_sitenote_active":false,"_monsterinsights_sitenote_note":"","_monsterinsights_sitenote_category":0},"product_brand":[628],"product_cat":[56,682,683,655,26,25],"product_tag":[],"class_list":{"0":"post-17446","1":"product","2":"type-product","3":"status-publish","4":"has-post-thumbnail","6":"product_brand-fimar","7":"product_cat-grattugie","8":"product_cat-grattugie-lavorazione","9":"product_cat-grattugie-attrezzature-ristoranti-pub-cucine","10":"product_cat-lavorazione","11":"product_cat-macelleria-e-gastronomia","12":"product_cat-attrezzature-ristoranti-pub-cucine","13":"product_shipping_class-f","14":"pa_marca-fimar","16":"first","17":"instock","18":"sale","19":"taxable","20":"shipping-taxable","21":"purchasable","22":"product-type-variable"},"_links":{"self":[{"href":"https:\/\/www.creaearredanegozi.it\/de\/wp-json\/wp\/v2\/product\/17446","targetHints":{"allow":["GET"]}}],"collection":[{"href":"https:\/\/www.creaearredanegozi.it\/de\/wp-json\/wp\/v2\/product"}],"about":[{"href":"https:\/\/www.creaearredanegozi.it\/de\/wp-json\/wp\/v2\/types\/product"}],"replies":[{"embeddable":true,"href":"https:\/\/www.creaearredanegozi.it\/de\/wp-json\/wp\/v2\/comments?post=17446"}],"wp:featuredmedia":[{"embeddable":true,"href":"https:\/\/www.creaearredanegozi.it\/de\/wp-json\/wp\/v2\/media\/121256"}],"wp:attachment":[{"href":"https:\/\/www.creaearredanegozi.it\/de\/wp-json\/wp\/v2\/media?parent=17446"}],"wp:term":[{"taxonomy":"product_brand","embeddable":true,"href":"https:\/\/www.creaearredanegozi.it\/de\/wp-json\/wp\/v2\/product_brand?post=17446"},{"taxonomy":"product_cat","embeddable":true,"href":"https:\/\/www.creaearredanegozi.it\/de\/wp-json\/wp\/v2\/product_cat?post=17446"},{"taxonomy":"product_tag","embeddable":true,"href":"https:\/\/www.creaearredanegozi.it\/de\/wp-json\/wp\/v2\/product_tag?post=17446"}],"curies":[{"name":"wp","href":"https:\/\/api.w.org\/{rel}","templated":true}]}}