{"id":17454,"date":"2018-11-29T12:43:37","date_gmt":"2018-11-29T11:43:37","guid":{"rendered":"https:\/\/www.creaearredanegozi.it\/?post_type=product&#038;p=17454"},"modified":"2024-01-22T12:55:49","modified_gmt":"2024-01-22T11:55:49","slug":"semiprofessionelle-aluminiumreibe-370w-edelstahlrolle-gr8d-fimar","status":"publish","type":"product","link":"https:\/\/www.creaearredanegozi.it\/de\/semiprofessionelle-aluminiumreibe-370w-edelstahlrolle-gr8d-fimar\/","title":{"rendered":"Semiprofessionelle Aluminiumreibe 370W Edelstahlwalze GR8D Fimar"},"content":{"rendered":"<p><strong>Aluminiumreibe 370 W Edelstahlwalze Fimar GR8D<\/strong><\/p>\n<ul>\n<li>Rahmen und Ausguss aus poliertem Aluminium 105x65mm.<\/li>\n<li>Rolle aus rostfreiem Stahl.<\/li>\n<li>Unteres Schutzgitter.<\/li>\n<li>Mikroschalter f\u00fcr den Reibehebel.<\/li>\n<li>A-Normen <strong>CE<\/strong>.<\/li>\n<li>Einphasig (230 V).<\/li>\n<\/ul>\n<p>&nbsp;<\/p>\n<p><strong>Technische Daten:<\/strong><\/p>\n<p>&nbsp;<\/p>\n<p>&nbsp;<\/p>\n<table class=\"table table-striped\">\n<tbody>\n<tr>\n<td>\n<p class=\"dati_tecnici_label_1\"><strong>Modell<\/strong><\/p>\n<\/td>\n<td><b>GR8D<\/b><\/td>\n<\/tr>\n<tr>\n<td><strong>Strom<\/strong><\/td>\n<td align=\"left\">0,37 kW (0,5 PS)<\/td>\n<\/tr>\n<tr>\n<td><strong>Stromversorgung<\/strong><\/td>\n<td align=\"left\">230V\/1N\/50Hz<\/td>\n<\/tr>\n<tr>\n<td><strong>Abmessungen<\/strong><\/td>\n<td align=\"left\">290 x 250 x 310\u00f7420(h) mm<\/td>\n<\/tr>\n<tr>\n<td><b>Nettogewicht<\/b><\/td>\n<td align=\"left\">8 kg<\/td>\n<\/tr>\n<tr>\n<td><strong>Bruttogewicht<\/strong><\/td>\n<td align=\"left\">9 kg<\/td>\n<\/tr>\n<tr>\n<td><strong>Verpackung Abmessungen<\/strong><\/td>\n<td align=\"left\">320 x 270 x 380(h) mm<\/td>\n<\/tr>\n<tr>\n<td><strong>Verpackungsvolumen<\/strong><\/td>\n<td align=\"left\">0,033 m\u00b3<\/td>\n<\/tr>\n<tr>\n<td><strong>St\u00fcndliche Leistung<\/strong><\/td>\n<td align=\"left\">20 kg\/h<\/td>\n<\/tr>\n<tr>\n<td><strong>Gr\u00f6\u00dfe der Reibe\u00f6ffnung<\/strong><\/td>\n<td align=\"left\">105\u00d765 (mm)<\/td>\n<\/tr>\n<\/tbody>\n<\/table>","protected":false},"excerpt":{"rendered":"<p>Grattugia alluminio 370 W rullo inox Fimar GR8D Struttura e bocca in alluminio lucidato 105x65mm. Rullo in acciaio inox. Griglia inferiore di protezione. Microinterruttore leva pressore grattugia. A norme CE. Monofase (230 V). &nbsp; Dati tecnici: &nbsp; &nbsp; Modello GR8D Potenza 0,37 kW (0,5 HP) Alimentazione 230V\/1N\/50Hz Dimensioni 290 x 250 x 310\u00f7420(h) mm Peso [&#8230;]","protected":false},"featured_media":121265,"comment_status":"closed","ping_status":"closed","template":"","meta":{"_monsterinsights_skip_tracking":false,"_monsterinsights_sitenote_active":false,"_monsterinsights_sitenote_note":"","_monsterinsights_sitenote_category":0},"product_brand":[628],"product_cat":[56,683,26,25],"product_tag":[],"class_list":{"0":"post-17454","1":"product","2":"type-product","3":"status-publish","4":"has-post-thumbnail","6":"product_brand-fimar","7":"product_cat-grattugie","8":"product_cat-grattugie-attrezzature-ristoranti-pub-cucine","9":"product_cat-macelleria-e-gastronomia","10":"product_cat-attrezzature-ristoranti-pub-cucine","11":"product_shipping_class-215","12":"pa_marca-fimar","14":"first","15":"instock","16":"taxable","17":"shipping-taxable","18":"purchasable","19":"product-type-simple"},"_links":{"self":[{"href":"https:\/\/www.creaearredanegozi.it\/de\/wp-json\/wp\/v2\/product\/17454","targetHints":{"allow":["GET"]}}],"collection":[{"href":"https:\/\/www.creaearredanegozi.it\/de\/wp-json\/wp\/v2\/product"}],"about":[{"href":"https:\/\/www.creaearredanegozi.it\/de\/wp-json\/wp\/v2\/types\/product"}],"replies":[{"embeddable":true,"href":"https:\/\/www.creaearredanegozi.it\/de\/wp-json\/wp\/v2\/comments?post=17454"}],"wp:featuredmedia":[{"embeddable":true,"href":"https:\/\/www.creaearredanegozi.it\/de\/wp-json\/wp\/v2\/media\/121265"}],"wp:attachment":[{"href":"https:\/\/www.creaearredanegozi.it\/de\/wp-json\/wp\/v2\/media?parent=17454"}],"wp:term":[{"taxonomy":"product_brand","embeddable":true,"href":"https:\/\/www.creaearredanegozi.it\/de\/wp-json\/wp\/v2\/product_brand?post=17454"},{"taxonomy":"product_cat","embeddable":true,"href":"https:\/\/www.creaearredanegozi.it\/de\/wp-json\/wp\/v2\/product_cat?post=17454"},{"taxonomy":"product_tag","embeddable":true,"href":"https:\/\/www.creaearredanegozi.it\/de\/wp-json\/wp\/v2\/product_tag?post=17454"}],"curies":[{"name":"wp","href":"https:\/\/api.w.org\/{rel}","templated":true}]}}