{"id":17456,"date":"2018-11-29T12:50:36","date_gmt":"2018-11-29T11:50:36","guid":{"rendered":"https:\/\/www.creaearredanegozi.it\/?post_type=product&#038;p=17456"},"modified":"2024-01-22T12:51:29","modified_gmt":"2024-01-22T11:51:29","slug":"tritacarne-grattugia-alluminio-370w-bocca-ingresso-carne-52mm-rullo-acciaio-inox-ab8d-fimar","status":"publish","type":"product","link":"https:\/\/www.creaearredanegozi.it\/de\/tritacarne-grattugia-alluminio-370w-bocca-ingresso-carne-52mm-rullo-acciaio-inox-ab8d-fimar\/","title":{"rendered":"Fleischwolf Reibe Aluminium 370W Fleisch Einlass Mund 52mm Edelstahl Walze AB8D Fimar"},"content":{"rendered":"<p><strong>Tritacarne Grattugia alluminio 370 W bocca carne \u00f8 52 mm rullo inox Fimar AB8D:<\/strong><\/p>\n<ul>\n<li>Rahmen aus poliertem Aluminium mit Trichter aus rostfreiem Stahl.<\/li>\n<li>Aluminium-Schleifeinheit.<\/li>\n<li>Fleischeingang \u00f8 52 mm.<\/li>\n<li>Enterprise-System mit Edelstahlplatte (\u00f8 6 mm L\u00f6cher) und selbstsch\u00e4rfendem Edelstahlmesser inklusive.<\/li>\n<li>La parte della grattugia \u00e8 caratterizzata da: bocca in alluminio lucidato 105x65mm &#8211; rullo in acciaio inox &#8211; griglia inferiore di protezione &#8211; microinterruttore leva pressore grattugia.<\/li>\n<li>A-Normen <strong>CE<\/strong>.<\/li>\n<li>Einphasig (230 V).<\/li>\n<\/ul>\n<p><strong>Optional:<\/strong><\/p>\n<ul>\n<li>Einf\u00fclltrichter \u00f8 15 mm \/ 20 mm.<\/li>\n<\/ul>\n<p>&nbsp;<\/p>\n<p><strong>Technische Daten:<\/strong><\/p>\n<table class=\"table table-striped\">\n<tbody>\n<tr>\n<td>\n<p class=\"dati_tecnici_label_1\"><strong>Modell<\/strong><\/p>\n<\/td>\n<td><b>AB8D<\/b><\/td>\n<\/tr>\n<tr>\n<td><strong>Strom<\/strong><\/td>\n<td align=\"left\">0,37 kW (0,5 PS)<\/td>\n<\/tr>\n<tr>\n<td><strong>Stromversorgung<\/strong><\/td>\n<td align=\"left\">230V\/1N\/50Hz<\/td>\n<\/tr>\n<tr>\n<td><strong>Abmessungen<\/strong><\/td>\n<td align=\"left\">430 x 270 x 360\u00f7420(h) mm<\/td>\n<\/tr>\n<tr>\n<td><b>Nettogewicht<\/b><\/td>\n<td align=\"left\">11 kg<\/td>\n<\/tr>\n<tr>\n<td><strong>Bruttogewicht<\/strong><\/td>\n<td align=\"left\">12 kg<\/td>\n<\/tr>\n<tr>\n<td><strong>Verpackung Abmessungen<\/strong><\/td>\n<td align=\"left\">390x310x370h (mm)<\/td>\n<\/tr>\n<tr>\n<td><strong>Verpackungsvolumen<\/strong><\/td>\n<td align=\"left\">0,045 m\u00b3<\/td>\n<\/tr>\n<tr>\n<td><strong>Produzione oraria Tritacarne<\/strong><\/td>\n<td align=\"left\">20\u00f750 Kg\/h<\/td>\n<\/tr>\n<tr>\n<td><strong>Produzione oraria Grattugia<\/strong><\/td>\n<td align=\"left\">20 kg\/h<\/td>\n<\/tr>\n<tr>\n<td><strong>Gr\u00f6\u00dfe der Reibe\u00f6ffnung<\/strong><\/td>\n<td align=\"left\">105\u00d765 (mm)<\/td>\n<\/tr>\n<\/tbody>\n<\/table>","protected":false},"excerpt":{"rendered":"<p>Tritacarne Grattugia alluminio 370 W bocca carne \u00f8 52 mm rullo inox Fimar AB8D: Struttura in alluminio lucidato con tramoggia in acciaio inox. Gruppo macinazione in alluminio. Bocca ingresso carne \u00f8 52 mm. In dotazione sistema enterprise con piastra inox (fori \u00f8 6 mm) e coltello inox autoaffilante. La parte della grattugia \u00e8 caratterizzata da: [&#8230;]","protected":false},"featured_media":121258,"comment_status":"closed","ping_status":"closed","template":"","meta":{"_monsterinsights_skip_tracking":false,"_monsterinsights_sitenote_active":false,"_monsterinsights_sitenote_note":"","_monsterinsights_sitenote_category":0},"product_brand":[628],"product_cat":[49,56,682,683,655,26,25],"product_tag":[],"class_list":{"0":"post-17456","1":"product","2":"type-product","3":"status-publish","4":"has-post-thumbnail","6":"product_brand-fimar","7":"product_cat-tritacarne","8":"product_cat-grattugie","9":"product_cat-grattugie-lavorazione","10":"product_cat-grattugie-attrezzature-ristoranti-pub-cucine","11":"product_cat-lavorazione","12":"product_cat-macelleria-e-gastronomia","13":"product_cat-attrezzature-ristoranti-pub-cucine","14":"product_shipping_class-f","15":"pa_marca-fimar","17":"first","18":"instock","19":"taxable","20":"shipping-taxable","21":"purchasable","22":"product-type-simple"},"_links":{"self":[{"href":"https:\/\/www.creaearredanegozi.it\/de\/wp-json\/wp\/v2\/product\/17456","targetHints":{"allow":["GET"]}}],"collection":[{"href":"https:\/\/www.creaearredanegozi.it\/de\/wp-json\/wp\/v2\/product"}],"about":[{"href":"https:\/\/www.creaearredanegozi.it\/de\/wp-json\/wp\/v2\/types\/product"}],"replies":[{"embeddable":true,"href":"https:\/\/www.creaearredanegozi.it\/de\/wp-json\/wp\/v2\/comments?post=17456"}],"wp:featuredmedia":[{"embeddable":true,"href":"https:\/\/www.creaearredanegozi.it\/de\/wp-json\/wp\/v2\/media\/121258"}],"wp:attachment":[{"href":"https:\/\/www.creaearredanegozi.it\/de\/wp-json\/wp\/v2\/media?parent=17456"}],"wp:term":[{"taxonomy":"product_brand","embeddable":true,"href":"https:\/\/www.creaearredanegozi.it\/de\/wp-json\/wp\/v2\/product_brand?post=17456"},{"taxonomy":"product_cat","embeddable":true,"href":"https:\/\/www.creaearredanegozi.it\/de\/wp-json\/wp\/v2\/product_cat?post=17456"},{"taxonomy":"product_tag","embeddable":true,"href":"https:\/\/www.creaearredanegozi.it\/de\/wp-json\/wp\/v2\/product_tag?post=17456"}],"curies":[{"name":"wp","href":"https:\/\/api.w.org\/{rel}","templated":true}]}}