{"id":17459,"date":"2018-11-30T09:10:33","date_gmt":"2018-11-30T08:10:33","guid":{"rendered":"https:\/\/www.creaearredanegozi.it\/?post_type=product&#038;p=17459"},"modified":"2024-11-20T13:39:51","modified_gmt":"2024-11-20T12:39:51","slug":"bandsage-aluminium-eloxiert-oder-lackiert-motorbremse-blatt-155cm-schnittverstellung-se1550a-v-fimar","status":"publish","type":"product","link":"https:\/\/www.creaearredanegozi.it\/de\/bandsage-aluminium-eloxiert-oder-lackiert-motorbremse-blatt-155cm-schnittverstellung-se1550a-v-fimar\/","title":{"rendered":"Bands\u00e4ge Eloxiert oder lackiert Aluminium Motorbremse Blatt 155cm Schnittverstellung SE1550A\/V Fimar"},"content":{"rendered":"<h3>Fimar SE1550A\/V Aluminium-Bands\u00e4geblatt 155 cm Schnittverstellung:<\/h3>\n<ul>\n<li class=\"image-additional\">Eloxierter Aluminiumrahmen SE1550A<\/li>\n<li class=\"image-additional\">Rahmen aus lackiertem Aluminium SE1550V<\/li>\n<li class=\"image-additional\">A-Normen <strong>CE<\/strong>.<\/li>\n<li class=\"image-additional\">Niederspannungssteuerungen.<\/li>\n<li class=\"image-additional\">Notruf-Taste.<\/li>\n<li class=\"image-additional\">Mikroschalter am Verschlussdeckel der Maschine.<\/li>\n<li class=\"image-additional\">Motorbremse.<\/li>\n<li class=\"image-additional\">Einstellung der Schnittst\u00e4rke.<\/li>\n<li class=\"image-additional\">Einstellung der Schnitth\u00f6he.<\/li>\n<li class=\"image-additional\">Portionierer, Arbeitsfl\u00e4che, Messerf\u00fchrung und Fleischst\u00f6\u00dfel aus Edelstahl.<\/li>\n<li>Erh\u00e4ltlich in einphasig (230 V) oder dreiphasig (400 V), aus eloxiertem oder lackiertem Aluminium.<\/li>\n<\/ul>\n<p><strong>Optional:<\/strong><\/p>\n<ul>\n<li>St\u00e4nder aus lackiertem Stahl (550x570x650h mm).<\/li>\n<li>Packung mit 10 Klingen (1500 - 1900 mm).<\/li>\n<\/ul>\n<p>&nbsp;<\/p>\n<p><strong>Technische Daten:<\/strong><\/p>\n<table class=\"table table-striped\">\n<tbody>\n<tr>\n<td>\n<p class=\"dati_tecnici_label_1\"><strong>Modell<\/strong><\/p>\n<\/td>\n<td><b>SE1550A\/V<\/b><\/td>\n<\/tr>\n<tr>\n<td><strong>Strom<\/strong><\/td>\n<td align=\"left\">0,75 kW (1 PS)<\/td>\n<\/tr>\n<tr>\n<td><strong>Stromversorgung<\/strong><\/td>\n<td align=\"left\">230V\/1N\/50Hz<\/p>\n<p>230-400V\/3\/50Hz<\/td>\n<\/tr>\n<tr>\n<td><strong>Abmessungen<\/strong><\/td>\n<td align=\"left\">530x400x850h (mm)<\/td>\n<\/tr>\n<tr>\n<td><b>Nettogewicht<\/b><\/td>\n<td align=\"left\">37 kg<\/td>\n<\/tr>\n<tr>\n<td><strong>Verpackung Abmessungen<\/strong><\/td>\n<td align=\"left\">1020x560x500h (mm)<\/td>\n<\/tr>\n<tr>\n<td><strong>Verpackungsvolumen<\/strong><\/td>\n<td align=\"left\">0,286 m\u00b3<\/td>\n<\/tr>\n<tr>\n<td><strong>Entwicklung der Klinge<\/strong><\/td>\n<td align=\"left\">1550 mm<\/td>\n<\/tr>\n<tr>\n<td><strong>N\u00fctzlicher Schnitt<\/strong><\/td>\n<td align=\"left\">170x150h (mm)<\/td>\n<\/tr>\n<tr>\n<td><strong>Arbeitsplan<\/strong><\/td>\n<td align=\"left\">330\u00d7300 (mm)<\/td>\n<\/tr>\n<\/tbody>\n<\/table>","protected":false},"excerpt":{"rendered":"<p>Segaossi a nastro alluminio lama 155 cm regolazione taglio Fimar SE1550A\/V: Struttura in alluminio anodizzato SE1550A Struttura in alluminio verniciato SE1550V A norme CE. Comandi in bassa tensione. Pulsante di emergenza. Microinterruttore su coperchio di chiusura macchina. Freno motore. Regolazione dello spessore di taglio. Regolazione dell\u2019altezza di taglio. Porzionatore, piano di lavoro, guida lama e [&#8230;]","protected":false},"featured_media":17461,"comment_status":"closed","ping_status":"closed","template":"","meta":{"_monsterinsights_skip_tracking":false,"_monsterinsights_sitenote_active":false,"_monsterinsights_sitenote_note":"","_monsterinsights_sitenote_category":0},"product_brand":[628],"product_cat":[52,26,684],"product_tag":[],"class_list":{"0":"post-17459","1":"product","2":"type-product","3":"status-publish","4":"has-post-thumbnail","6":"product_brand-fimar","7":"product_cat-segaossi","8":"product_cat-macelleria-e-gastronomia","9":"product_cat-segaossi-lavorazione","10":"product_shipping_class-744","11":"pa_marca-fimar","13":"first","14":"instock","15":"sale","16":"taxable","17":"shipping-taxable","18":"purchasable","19":"product-type-variable"},"_links":{"self":[{"href":"https:\/\/www.creaearredanegozi.it\/de\/wp-json\/wp\/v2\/product\/17459","targetHints":{"allow":["GET"]}}],"collection":[{"href":"https:\/\/www.creaearredanegozi.it\/de\/wp-json\/wp\/v2\/product"}],"about":[{"href":"https:\/\/www.creaearredanegozi.it\/de\/wp-json\/wp\/v2\/types\/product"}],"replies":[{"embeddable":true,"href":"https:\/\/www.creaearredanegozi.it\/de\/wp-json\/wp\/v2\/comments?post=17459"}],"wp:featuredmedia":[{"embeddable":true,"href":"https:\/\/www.creaearredanegozi.it\/de\/wp-json\/wp\/v2\/media\/17461"}],"wp:attachment":[{"href":"https:\/\/www.creaearredanegozi.it\/de\/wp-json\/wp\/v2\/media?parent=17459"}],"wp:term":[{"taxonomy":"product_brand","embeddable":true,"href":"https:\/\/www.creaearredanegozi.it\/de\/wp-json\/wp\/v2\/product_brand?post=17459"},{"taxonomy":"product_cat","embeddable":true,"href":"https:\/\/www.creaearredanegozi.it\/de\/wp-json\/wp\/v2\/product_cat?post=17459"},{"taxonomy":"product_tag","embeddable":true,"href":"https:\/\/www.creaearredanegozi.it\/de\/wp-json\/wp\/v2\/product_tag?post=17459"}],"curies":[{"name":"wp","href":"https:\/\/api.w.org\/{rel}","templated":true}]}}