{"id":17467,"date":"2018-11-30T09:52:50","date_gmt":"2018-11-30T08:52:50","guid":{"rendered":"https:\/\/www.creaearredanegozi.it\/?post_type=product&#038;p=17467"},"modified":"2024-12-01T00:00:13","modified_gmt":"2024-11-30T23:00:13","slug":"fimar-aluminium-bandsageblatt-183cm-einstellbare-dicke-und-schnitthohe-se1830a-v","status":"publish","type":"product","link":"https:\/\/www.creaearredanegozi.it\/de\/fimar-aluminium-bandsageblatt-183cm-einstellbare-dicke-und-schnitthohe-se1830a-v\/","title":{"rendered":"Aluminium-Bands\u00e4geblatt 183cm Dicke und Schnitth\u00f6henverstellung SE1830A \/ V Fimar"},"content":{"rendered":"<p><strong>Fimar SE1830A\/ SE1830V Aluminium-Bands\u00e4geblatt 183 cm Schnittverstellung:<\/strong><\/p>\n<ul>\n<li class=\"image-additional\">Eloxierter oder lackierter Aluminiumrahmen.<\/li>\n<li class=\"image-additional\">A-Normen <strong>CE<\/strong>.<\/li>\n<li class=\"image-additional\">Niederspannungssteuerungen.<\/li>\n<li class=\"image-additional\">Notruf-Taste.<\/li>\n<li class=\"image-additional\">Mikroschalter am Verschlussdeckel der Maschine.<\/li>\n<li class=\"image-additional\">Motorbremse.<\/li>\n<li class=\"image-additional\">Einstellung der Schnittst\u00e4rke.<\/li>\n<li class=\"image-additional\">Einstellung der Schnitth\u00f6he.<\/li>\n<li class=\"image-additional\">Portionierer, Arbeitsfl\u00e4che, Messerf\u00fchrung und Fleischst\u00f6\u00dfel aus Edelstahl.<\/li>\n<li>Erh\u00e4ltlich in einphasiger (230 V) oder dreiphasiger (400 V) Ausf\u00fchrung.<\/li>\n<\/ul>\n<p><strong>Optional:<\/strong><\/p>\n<ul>\n<li>St\u00e4nder aus lackiertem Stahl (550x570x650h mm).<\/li>\n<li>Packung mit 10 Klingen (1910 - 2400 mm).<\/li>\n<\/ul>\n<p>&nbsp;<\/p>\n<p><strong>Technische Daten:<\/strong><\/p>\n<table class=\"table table-striped\">\n<tbody>\n<tr>\n<td>\n<p class=\"dati_tecnici_label_1\"><strong>Modell<\/strong><\/p>\n<\/td>\n<td><b>SE1830A\/V<\/b><\/td>\n<\/tr>\n<tr>\n<td><strong>Strom<\/strong><\/td>\n<td align=\"left\">0,75 kW (1 PS)<\/td>\n<\/tr>\n<tr>\n<td><strong>Stromversorgung<\/strong><\/td>\n<td align=\"left\">230V\/1N\/50Hz<\/p>\n<p>230-400V\/3\/50Hz<\/td>\n<\/tr>\n<tr>\n<td><strong>Abmessungen<\/strong><\/td>\n<td align=\"left\">630x450x970h (mm)<\/td>\n<\/tr>\n<tr>\n<td><b>Nettogewicht<\/b><\/td>\n<td align=\"left\">39 kg<\/td>\n<\/tr>\n<tr>\n<td><strong>Bruttogewicht<\/strong><\/td>\n<td align=\"left\">47 Kg<\/td>\n<\/tr>\n<tr>\n<td><strong>Verpackung Abmessungen<\/strong><\/td>\n<td align=\"left\">1020x560x500h (mm)<\/td>\n<\/tr>\n<tr>\n<td><strong>Verpackungsvolumen<\/strong><\/td>\n<td align=\"left\">0,286 m\u00b3<\/td>\n<\/tr>\n<tr>\n<td><strong>Entwicklung der Klinge<\/strong><\/td>\n<td align=\"left\">1830 mm<\/td>\n<\/tr>\n<tr>\n<td><strong>N\u00fctzlicher Schnitt<\/strong><\/td>\n<td align=\"left\">200x225h (mm)<\/td>\n<\/tr>\n<tr>\n<td><strong>Arbeitsplan<\/strong><\/td>\n<td align=\"left\">410\u00d7410 (mm)<\/td>\n<\/tr>\n<\/tbody>\n<\/table>","protected":false},"excerpt":{"rendered":"<p>Segaossi a nastro alluminio lama 183 cm regolazione taglio Fimar SE1830A\/ SE1830V: Struttura in alluminio anodizzato o verniciato. A norme CE. Comandi in bassa tensione. Pulsante di emergenza. Microinterruttore su coperchio di chiusura macchina. Freno motore. Regolazione dello spessore di taglio. Regolazione dell\u2019altezza di taglio. Porzionatore, piano di lavoro, guida lama e spingi carne in [&#8230;]","protected":false},"featured_media":121274,"comment_status":"closed","ping_status":"closed","template":"","meta":{"_monsterinsights_skip_tracking":false,"_monsterinsights_sitenote_active":false,"_monsterinsights_sitenote_note":"","_monsterinsights_sitenote_category":0},"product_brand":[628],"product_cat":[684,655,26,52],"product_tag":[],"class_list":{"0":"post-17467","1":"product","2":"type-product","3":"status-publish","4":"has-post-thumbnail","6":"product_brand-fimar","7":"product_cat-segaossi-lavorazione","8":"product_cat-lavorazione","9":"product_cat-macelleria-e-gastronomia","10":"product_cat-segaossi","11":"product_shipping_class-681","12":"pa_marca-fimar","14":"first","15":"instock","16":"taxable","17":"shipping-taxable","18":"purchasable","19":"product-type-variable","20":"has-default-attributes"},"_links":{"self":[{"href":"https:\/\/www.creaearredanegozi.it\/de\/wp-json\/wp\/v2\/product\/17467","targetHints":{"allow":["GET"]}}],"collection":[{"href":"https:\/\/www.creaearredanegozi.it\/de\/wp-json\/wp\/v2\/product"}],"about":[{"href":"https:\/\/www.creaearredanegozi.it\/de\/wp-json\/wp\/v2\/types\/product"}],"replies":[{"embeddable":true,"href":"https:\/\/www.creaearredanegozi.it\/de\/wp-json\/wp\/v2\/comments?post=17467"}],"wp:featuredmedia":[{"embeddable":true,"href":"https:\/\/www.creaearredanegozi.it\/de\/wp-json\/wp\/v2\/media\/121274"}],"wp:attachment":[{"href":"https:\/\/www.creaearredanegozi.it\/de\/wp-json\/wp\/v2\/media?parent=17467"}],"wp:term":[{"taxonomy":"product_brand","embeddable":true,"href":"https:\/\/www.creaearredanegozi.it\/de\/wp-json\/wp\/v2\/product_brand?post=17467"},{"taxonomy":"product_cat","embeddable":true,"href":"https:\/\/www.creaearredanegozi.it\/de\/wp-json\/wp\/v2\/product_cat?post=17467"},{"taxonomy":"product_tag","embeddable":true,"href":"https:\/\/www.creaearredanegozi.it\/de\/wp-json\/wp\/v2\/product_tag?post=17467"}],"curies":[{"name":"wp","href":"https:\/\/api.w.org\/{rel}","templated":true}]}}