{"id":17472,"date":"2018-11-30T10:03:31","date_gmt":"2018-11-30T09:03:31","guid":{"rendered":"https:\/\/www.creaearredanegozi.it\/?post_type=product&#038;p=17472"},"modified":"2024-11-20T13:39:51","modified_gmt":"2024-11-20T12:39:51","slug":"aluminium-bandsageblatt-202cm-schnitt-einstellung-und-motor-bremse-se2020a-v-fimar","status":"publish","type":"product","link":"https:\/\/www.creaearredanegozi.it\/de\/aluminium-bandsageblatt-202cm-schnitt-einstellung-und-motor-bremse-se2020a-v-fimar\/","title":{"rendered":"Aluminium-Bands\u00e4geblatt 202cm Schnittverstellung und Motorbremse SE2020A \/ V Fimar"},"content":{"rendered":"<h3>Aluminium-Bands\u00e4geblatt 202 cm Schnittverstellung Fimar SE2020A\/V<\/h3>\n<div>\n<ul>\n<li>Eloxierter oder lackierter Aluminiumrahmen.<\/li>\n<li>A-Normen <strong>CE<\/strong>.<\/li>\n<li>Niederspannungssteuerungen.<\/li>\n<li>Notruf-Taste.<\/li>\n<li>Mikroschalter am Verschlussdeckel der Maschine.<\/li>\n<li>Motorbremse.<\/li>\n<li>Einstellung der Schnittst\u00e4rke.<\/li>\n<li>Einstellung der Schnitth\u00f6he.<\/li>\n<li>Portionierer, Arbeitsfl\u00e4che, Messerf\u00fchrung und Fleischst\u00f6\u00dfel aus Edelstahl.<\/li>\n<li>Erh\u00e4ltlich in einphasiger (230 V) oder dreiphasiger (400 V) Ausf\u00fchrung.<\/li>\n<\/ul>\n<\/div>\n<p><strong>Optional:<\/strong><\/p>\n<ul>\n<li>St\u00e4nder aus lackiertem Stahl (550x570x650h mm).<\/li>\n<li>Packung mit 10 Klingen (2410 - 2960 mm).<\/li>\n<\/ul>\n<p>&nbsp;<\/p>\n<p><strong>Technische Daten:<\/strong><\/p>\n<table class=\"table table-striped\">\n<tbody>\n<tr>\n<td>\n<p class=\"dati_tecnici_label_1\"><strong>Modell<\/strong><\/p>\n<\/td>\n<td><b>SE2020A\/V<\/b><\/td>\n<\/tr>\n<tr>\n<td><strong>Strom<\/strong><\/td>\n<td align=\"left\">1 kW (1,5 PS)<\/td>\n<\/tr>\n<tr>\n<td><strong>Stromversorgung<\/strong><\/td>\n<td align=\"left\">230V\/1N\/50Hz<\/p>\n<p>230-400V\/3\/50Hz<\/td>\n<\/tr>\n<tr>\n<td><strong>Abmessungen<\/strong><\/td>\n<td align=\"left\">750x500x1070h (mm)<\/td>\n<\/tr>\n<tr>\n<td><b>Nettogewicht<\/b><\/td>\n<td align=\"left\">52 kg<\/td>\n<\/tr>\n<tr>\n<td><strong>Bruttogewicht<\/strong><\/td>\n<td align=\"left\">63 kg<\/td>\n<\/tr>\n<tr>\n<td><strong>Verpackung Abmessungen<\/strong><\/td>\n<td align=\"left\">1150x560x570h (mm)<\/td>\n<\/tr>\n<tr>\n<td><strong>Verpackungsvolumen<\/strong><\/td>\n<td align=\"left\">0,387 m\u00b3<\/td>\n<\/tr>\n<tr>\n<td><strong>Entwicklung der Klinge<\/strong><\/td>\n<td align=\"left\">2020 mm<\/td>\n<\/tr>\n<tr>\n<td><strong>N\u00fctzlicher Schnitt<\/strong><\/td>\n<td align=\"left\">230x290h (mm)<\/td>\n<\/tr>\n<tr>\n<td><strong>Arbeitsplan<\/strong><\/td>\n<td align=\"left\">535\u00d7500 (mm)<\/td>\n<\/tr>\n<\/tbody>\n<\/table>","protected":false},"excerpt":{"rendered":"<p>Segaossi a nastro alluminio lama 202 cm regolazione taglio Fimar SE2020A\/V: Struttura in alluminio anodizzato o verniciato. A norme CE. Comandi in bassa tensione. Pulsante di emergenza. Microinterruttore su coperchio di chiusura macchina. Freno motore. Regolazione dello spessore di taglio. Regolazione dell\u2019altezza di taglio. Porzionatore, piano di lavoro, guidalama e spingicarne in acciaio inox. Disponibile [&#8230;]","protected":false},"featured_media":121274,"comment_status":"closed","ping_status":"closed","template":"","meta":{"_monsterinsights_skip_tracking":false,"_monsterinsights_sitenote_active":false,"_monsterinsights_sitenote_note":"","_monsterinsights_sitenote_category":0},"product_brand":[628],"product_cat":[684,655,26,52],"product_tag":[],"class_list":{"0":"post-17472","1":"product","2":"type-product","3":"status-publish","4":"has-post-thumbnail","6":"product_brand-fimar","7":"product_cat-segaossi-lavorazione","8":"product_cat-lavorazione","9":"product_cat-macelleria-e-gastronomia","10":"product_cat-segaossi","11":"product_shipping_class-32","12":"pa_marca-fimar","14":"first","15":"instock","16":"sale","17":"taxable","18":"shipping-taxable","19":"purchasable","20":"product-type-variable"},"_links":{"self":[{"href":"https:\/\/www.creaearredanegozi.it\/de\/wp-json\/wp\/v2\/product\/17472","targetHints":{"allow":["GET"]}}],"collection":[{"href":"https:\/\/www.creaearredanegozi.it\/de\/wp-json\/wp\/v2\/product"}],"about":[{"href":"https:\/\/www.creaearredanegozi.it\/de\/wp-json\/wp\/v2\/types\/product"}],"replies":[{"embeddable":true,"href":"https:\/\/www.creaearredanegozi.it\/de\/wp-json\/wp\/v2\/comments?post=17472"}],"wp:featuredmedia":[{"embeddable":true,"href":"https:\/\/www.creaearredanegozi.it\/de\/wp-json\/wp\/v2\/media\/121274"}],"wp:attachment":[{"href":"https:\/\/www.creaearredanegozi.it\/de\/wp-json\/wp\/v2\/media?parent=17472"}],"wp:term":[{"taxonomy":"product_brand","embeddable":true,"href":"https:\/\/www.creaearredanegozi.it\/de\/wp-json\/wp\/v2\/product_brand?post=17472"},{"taxonomy":"product_cat","embeddable":true,"href":"https:\/\/www.creaearredanegozi.it\/de\/wp-json\/wp\/v2\/product_cat?post=17472"},{"taxonomy":"product_tag","embeddable":true,"href":"https:\/\/www.creaearredanegozi.it\/de\/wp-json\/wp\/v2\/product_tag?post=17472"}],"curies":[{"name":"wp","href":"https:\/\/api.w.org\/{rel}","templated":true}]}}