{"id":17496,"date":"2018-11-30T12:15:36","date_gmt":"2018-11-30T11:15:36","guid":{"rendered":"https:\/\/www.creaearredanegozi.it\/?post_type=product&#038;p=17496"},"modified":"2023-12-06T12:37:45","modified_gmt":"2023-12-06T11:37:45","slug":"fimar-professional-vertikale-manuelle-abfullmaschine-14-liter-edelstahl-lt14ve","status":"publish","type":"product","link":"https:\/\/www.creaearredanegozi.it\/de\/fimar-professional-vertikale-manuelle-abfullmaschine-14-liter-edelstahl-lt14ve\/","title":{"rendered":"LT14VE Professionelle vertikale Absackmaschine 14 Liter Edelstahl LT14VE Fimar"},"content":{"rendered":"<p><strong>Vertikale manuelle Absackmaschine 14 Lt. aus rostfreiem Stahl Fimar LT14VE:<\/strong><\/p>\n<ul>\n<li class=\"image-additional\">Struktur aus rostfreiem Stahl.<\/li>\n<li class=\"image-additional\">Kolben aus Aluminium.<\/li>\n<li class=\"image-additional\">2 Geschwindigkeiten, eine langsam f\u00fcr den Kolbenvorschub, die andere schnell f\u00fcr den R\u00fccklauf.<\/li>\n<li class=\"image-additional\">Wird mit 3 Trichtern \u00f8 8 mm - 16,5 mm - 23,5 mm geliefert.<\/li>\n<\/ul>\n<p><strong>Technische Daten:<\/strong><\/p>\n<table class=\"table table-striped\">\n<tbody>\n<tr>\n<td>\n<p class=\"dati_tecnici_label_1\"><strong>Modell<\/strong><\/p>\n<\/td>\n<td><strong>LT14VE<\/strong><\/td>\n<\/tr>\n<tr>\n<td><strong>Abmessungen<\/strong><\/td>\n<td align=\"left\">450x450x1400h (mm)<\/td>\n<\/tr>\n<tr>\n<td><b>Nettogewicht<\/b><\/td>\n<td align=\"left\">36 kg<\/td>\n<\/tr>\n<tr>\n<td><strong>Bruttogewicht<\/strong><\/td>\n<td align=\"left\">47 kg<\/td>\n<\/tr>\n<tr>\n<td><b>Verpackung Abmessungen<\/b><\/td>\n<td align=\"left\">960x410x500h (mm)<\/td>\n<\/tr>\n<tr>\n<td><strong>Verpackungsvolumen<\/strong><\/td>\n<td align=\"left\">0,197 m\u00b3<\/td>\n<\/tr>\n<tr>\n<td><strong>Tankinhalt<\/strong><\/td>\n<td align=\"left\">14 Lt. \u00f8 196 x 485(h) mm<\/td>\n<\/tr>\n<tr>\n<td><strong>Geschwindigkeit<\/strong><\/td>\n<td align=\"left\">2 Umdrehungen pro Minute<\/td>\n<\/tr>\n<\/tbody>\n<\/table>","protected":false},"excerpt":{"rendered":"<p>Insaccatrice manuale verticale 14 Lt. acciaio inox Fimar LT14VE: Struttura in acciaio inox. Pistone in alluminio. 2 velocit\u00e0, una lenta per l\u2019avanzamento del pistone, l\u2019altra veloce di ritorno. In dotazione 3 imbuti \u00f8 8mm &#8211; 16,5mm &#8211; 23,5mm. Dati tecnici: Modello LT14VE Dimensioni 450x450x1400h (mm) Peso Netto 36 kg Peso Lordo 47 kg Dimensioni Imballo [&#8230;]","protected":false},"featured_media":121301,"comment_status":"closed","ping_status":"closed","template":"","meta":{"_monsterinsights_skip_tracking":false,"_monsterinsights_sitenote_active":false,"_monsterinsights_sitenote_note":"","_monsterinsights_sitenote_category":0},"product_brand":[628],"product_cat":[689,53,655,26],"product_tag":[],"class_list":{"0":"post-17496","1":"product","2":"type-product","3":"status-publish","4":"has-post-thumbnail","6":"product_brand-fimar","7":"product_cat-insaccatrici-lavorazione","8":"product_cat-insaccatrici-per-salumi","9":"product_cat-lavorazione","10":"product_cat-macelleria-e-gastronomia","11":"product_shipping_class-f","12":"pa_marca-fimar","14":"first","15":"instock","16":"taxable","17":"shipping-taxable","18":"purchasable","19":"product-type-simple"},"_links":{"self":[{"href":"https:\/\/www.creaearredanegozi.it\/de\/wp-json\/wp\/v2\/product\/17496","targetHints":{"allow":["GET"]}}],"collection":[{"href":"https:\/\/www.creaearredanegozi.it\/de\/wp-json\/wp\/v2\/product"}],"about":[{"href":"https:\/\/www.creaearredanegozi.it\/de\/wp-json\/wp\/v2\/types\/product"}],"replies":[{"embeddable":true,"href":"https:\/\/www.creaearredanegozi.it\/de\/wp-json\/wp\/v2\/comments?post=17496"}],"wp:featuredmedia":[{"embeddable":true,"href":"https:\/\/www.creaearredanegozi.it\/de\/wp-json\/wp\/v2\/media\/121301"}],"wp:attachment":[{"href":"https:\/\/www.creaearredanegozi.it\/de\/wp-json\/wp\/v2\/media?parent=17496"}],"wp:term":[{"taxonomy":"product_brand","embeddable":true,"href":"https:\/\/www.creaearredanegozi.it\/de\/wp-json\/wp\/v2\/product_brand?post=17496"},{"taxonomy":"product_cat","embeddable":true,"href":"https:\/\/www.creaearredanegozi.it\/de\/wp-json\/wp\/v2\/product_cat?post=17496"},{"taxonomy":"product_tag","embeddable":true,"href":"https:\/\/www.creaearredanegozi.it\/de\/wp-json\/wp\/v2\/product_tag?post=17496"}],"curies":[{"name":"wp","href":"https:\/\/api.w.org\/{rel}","templated":true}]}}