{"id":17532,"date":"2018-12-01T12:48:33","date_gmt":"2018-12-01T11:48:33","guid":{"rendered":"https:\/\/www.creaearredanegozi.it\/?post_type=product&#038;p=17532"},"modified":"2024-11-20T13:39:51","modified_gmt":"2024-11-20T12:39:51","slug":"professioneller-gemuseschneider-edelstahl-aisi-304-tv4000-l-ortolana-fimar","status":"publish","type":"product","link":"https:\/\/www.creaearredanegozi.it\/de\/professioneller-gemuseschneider-edelstahl-aisi-304-tv4000-l-ortolana-fimar\/","title":{"rendered":"Professioneller Gem\u00fcseschneider Edelstahl AISI 304 TV4000 L' Ortolana Fimar"},"content":{"rendered":"<h3>Fimar TV4000 L'ortolana Gem\u00fcseschneider aus rostfreiem Stahl AISI 304:<\/h3>\n<p>Maschine zum Schneiden, Schneiden von Obst, Gem\u00fcse in verschiedenen Formen und Gr\u00f6\u00dfen, Reiben von K\u00e4se, trockenem Brot, Schokolade, N\u00fcssen, Zerkleinern von Karotten, Sellerie, Kartoffeln, \u00c4pfeln, R\u00fcben, Roter Bete, Mozzarella.<\/p>\n<p>Leistungsstarke Maschine, hervorragende Schnittqualit\u00e4t, da das verarbeitete Produkt direkt in den Auffangbeh\u00e4lter f\u00e4llt, ohne die Auswerferscheibe zu benutzen, und das Produkt unversehrt bleibt.<\/p>\n<ul>\n<li>Karkasse, Maul und Sammelbeh\u00e4lter in <strong>Rostfreier Stahl AISI 304<\/strong>.<\/li>\n<li>Sicherheitsmikroschalter an Griff, Ausguss und Auffangbeh\u00e4lter.<\/li>\n<li>Doppelte Produkt-Einf\u00fchr\u00f6ffnung - ovale \u00d6ffnung ~ 150\u00d770 mm - runde \u00d6ffnung \u00f8 56 mm -<\/li>\n<li>Bedienfeld mit Druckkn\u00f6pfen.<\/li>\n<li>A-Normen <strong>EC.<\/strong><\/li>\n<li>Erh\u00e4ltlich mit 5-Scheiben-Kit (Kit enth\u00e4lt Scheiben: E2 - E10 - D10 - H10 - Z4).<\/li>\n<\/ul>\n<p><strong>Optional:<\/strong><\/p>\n<ul>\n<li>Scheibenhalter.<\/li>\n<li>Trennscheiben in verschiedenen Ausf\u00fchrungen.<\/li>\n<li>Einstellbare Edelstahlscheibe 1\u00f78 mm.<\/li>\n<\/ul>\n<div class=\"well\">\n<p><strong>Scheiben<\/strong><\/p>\n<ul>\n<li>Zum Schneiden: <strong>E1 - E2 - E3 - E4 - E5 - E6 - E8 - E10 - E14 - S1 - S2<\/strong>.<\/li>\n<li>Zum Ausfransen: <strong>Z2 - Z3 - Z4 - Z7<\/strong><b>.<\/b><\/li>\n<li>Zum Reiben:<strong> V<\/strong>.<\/li>\n<li>Zum Schneiden von Streichh\u00f6lzern:<strong> H2,5 - H4 - H6 - H8 - H10<\/strong>.<\/li>\n<li>Zum Schneiden in W\u00fcrfel: <strong>K8x8 - K10x10 - K12x12 - K20x20<\/strong>\u00a0(Um den W\u00fcrfel zu erhalten, verbinden Sie die E-Scheibe mit der K-Scheibe)<\/li>\n<li>Schneidscheibe aus rostfreiem Stahl, einstellbar f\u00fcr Schnitte von 1 bis 8 mm: <strong>REGO.<\/strong><\/li>\n<li>Scheibenhalter<\/li>\n<\/ul>\n<\/div>\n<p>&nbsp;<\/p>\n<p><strong>Technische Daten:<\/strong><\/p>\n<table class=\"table table-striped\">\n<tbody>\n<tr>\n<td>\n<p class=\"dati_tecnici_label_1\"><strong>Modell<\/strong><\/p>\n<\/td>\n<td><b>TV4000 L'Ortolana<\/b><\/td>\n<\/tr>\n<tr>\n<td><strong>Strom<\/strong><\/td>\n<td align=\"left\">0,37 kW (0,5 PS)<\/td>\n<\/tr>\n<tr>\n<td><strong>Stromversorgung<\/strong><\/td>\n<td align=\"left\">230V\/1N\/50Hz<\/p>\n<p>400V\/3-3N\/50Hz<\/td>\n<\/tr>\n<tr>\n<td><strong>Abmessungen<\/strong><\/td>\n<td align=\"left\">280x630x550h (mm)<\/td>\n<\/tr>\n<tr>\n<td><b>Nettogewicht<\/b><\/td>\n<td align=\"left\">27 kg<\/td>\n<\/tr>\n<tr>\n<td><strong>Bruttogewicht<\/strong><\/td>\n<td align=\"left\">34 kg<\/td>\n<\/tr>\n<tr>\n<td><strong>Verpackung Abmessungen<\/strong><\/td>\n<td align=\"left\">670x370x630h (mm)<\/td>\n<\/tr>\n<tr>\n<td><b>Verpackungsvolumen<\/b><\/td>\n<td align=\"left\">0,156 m\u00b3<\/td>\n<\/tr>\n<tr>\n<td><strong>Geschwindigkeit<\/strong><\/td>\n<td align=\"left\">310 Umdrehungen pro Minute<\/td>\n<\/tr>\n<tr>\n<td><b>Abmessungen der ovalen M\u00fcndung<\/b><\/td>\n<td align=\"left\">~ 150\u00d770 (mm)<\/td>\n<\/tr>\n<tr>\n<td><b>Abmessungen Runde M\u00fcndung<\/b><\/td>\n<td align=\"left\">56 mm Durchmesser<\/td>\n<\/tr>\n<tr>\n<td><b>Produkt Kollektion Topf Abmessungen<\/b><\/td>\n<td align=\"left\">\u00d8 240x165h (mm); 7,40 l<\/td>\n<\/tr>\n<\/tbody>\n<\/table>\n<p>&nbsp;<\/p>","protected":false},"excerpt":{"rendered":"<p>Tagliaverdura acciaio inox AISI 304 Fimar TV4000 L&#8217;ortolana: Macchina per tagliare, affettare frutta, ortaggi, verdure in varie forme e misure, grattugiare formaggio, pane secco, cioccolato, nocciole, sfilacciare carote, sedano, patate, mele, rape, barbabietole, mozzarella. Macchina dalle elevate prestazioni, ottima qualit\u00e0 di taglio poich\u00e9 il prodotto lavorato cade direttamente nel contenitore di raccolta senza utilizzare il [&#8230;]","protected":false},"featured_media":121503,"comment_status":"closed","ping_status":"closed","template":"","meta":{"_monsterinsights_skip_tracking":false,"_monsterinsights_sitenote_active":false,"_monsterinsights_sitenote_note":"","_monsterinsights_sitenote_category":0},"product_brand":[628],"product_cat":[694,9,655,25,97,693],"product_tag":[],"class_list":{"0":"post-17532","1":"product","2":"type-product","3":"status-publish","4":"has-post-thumbnail","6":"product_brand-fimar","7":"product_cat-tagliaverdure-lavorazione","8":"product_cat-attrezzature-pub","9":"product_cat-lavorazione","10":"product_cat-attrezzature-ristoranti-pub-cucine","11":"product_cat-tagliaverdure","12":"product_cat-tagliaverdure-attrezzature-ristoranti-pub-cucine","13":"product_shipping_class-206","14":"pa_marca-fimar","15":"pa_versione-monofase","16":"pa_versione-trifase","18":"first","19":"instock","20":"sale","21":"taxable","22":"shipping-taxable","23":"purchasable","24":"product-type-variable"},"_links":{"self":[{"href":"https:\/\/www.creaearredanegozi.it\/de\/wp-json\/wp\/v2\/product\/17532","targetHints":{"allow":["GET"]}}],"collection":[{"href":"https:\/\/www.creaearredanegozi.it\/de\/wp-json\/wp\/v2\/product"}],"about":[{"href":"https:\/\/www.creaearredanegozi.it\/de\/wp-json\/wp\/v2\/types\/product"}],"replies":[{"embeddable":true,"href":"https:\/\/www.creaearredanegozi.it\/de\/wp-json\/wp\/v2\/comments?post=17532"}],"wp:featuredmedia":[{"embeddable":true,"href":"https:\/\/www.creaearredanegozi.it\/de\/wp-json\/wp\/v2\/media\/121503"}],"wp:attachment":[{"href":"https:\/\/www.creaearredanegozi.it\/de\/wp-json\/wp\/v2\/media?parent=17532"}],"wp:term":[{"taxonomy":"product_brand","embeddable":true,"href":"https:\/\/www.creaearredanegozi.it\/de\/wp-json\/wp\/v2\/product_brand?post=17532"},{"taxonomy":"product_cat","embeddable":true,"href":"https:\/\/www.creaearredanegozi.it\/de\/wp-json\/wp\/v2\/product_cat?post=17532"},{"taxonomy":"product_tag","embeddable":true,"href":"https:\/\/www.creaearredanegozi.it\/de\/wp-json\/wp\/v2\/product_tag?post=17532"}],"curies":[{"name":"wp","href":"https:\/\/api.w.org\/{rel}","templated":true}]}}